{"id":25344,"date":"2023-01-13T13:29:31","date_gmt":"2023-01-13T13:29:31","guid":{"rendered":"https:\/\/www.mysexualfantasy.eu\/?post_type=product&#038;p=25344"},"modified":"2023-12-06T14:51:09","modified_gmt":"2023-12-06T14:51:09","slug":"slick-pleasure-dildo-realistico","status":"publish","type":"product","link":"https:\/\/www.mysexualfantasy.eu\/en\/product\/slick-pleasure-dildo-realistico\/","title":{"rendered":"BAILE &#8211; SLICK PLEASURE DILDO REALISTICO"},"content":{"rendered":"<p>Este consolador s\u00faper suave y flexible es ideal para \u00e9l y para ella.\u00a0<\/p>\n<p>Para \u00e9l, el consolador debe estar\u00a0colocado sobre el perineo para estimular y masajear el punto P tanto directa como indirectamente.<\/p>\n<p>Para ella, este juguete puede ser utilizado como un vibrador\u00a0anal o como un estimulador del punto G.<\/p>\n<p>Tiene una textura suave para una inserci\u00f3n\u00a0y extracci\u00f3n f\u00e1cil, una forma anat\u00f3mica para un ajuste perfecto .<\/p>\n<p>This super soft and flexible dildo is ideal for him and her.<\/p>\n<ul>\n<li>Material: TPR\u00a0<\/li>\n<li>Mini consolador real\u00edstico\u00a0<\/li>\n<li>Eje venoso<\/li>\n<li>Unisex\u00a0<\/li>\n<li>Flexible\u00a0<\/li>\n<li>Medidas: Ver foto<\/li>\n<li>Se recomienda el uso de lubricante<\/li>\n<\/ul>","protected":false},"excerpt":{"rendered":"<p>SLICK PLEASURE REALISTIC DILDO<\/p>","protected":false},"featured_media":59936,"comment_status":"open","ping_status":"closed","template":"","meta":{"_monsterinsights_skip_tracking":false,"_monsterinsights_sitenote_active":false,"_monsterinsights_sitenote_note":"","_monsterinsights_sitenote_category":0,"_joinchat":[]},"product_brand":[],"product_cat":[1182,1152],"product_tag":[],"class_list":{"0":"post-25344","1":"product","2":"type-product","3":"status-publish","4":"has-post-thumbnail","6":"product_cat-juguetes-bienestar-dildos","7":"product_cat-juguetes-bienestar","8":"yith_product_brand-baile","9":"yith_product_brand-bailebaile-dildos","11":"first","12":"instock","13":"taxable","14":"shipping-taxable","15":"purchasable","16":"product-type-simple"},"aioseo_notices":[],"_links":{"self":[{"href":"https:\/\/www.mysexualfantasy.eu\/en\/wp-json\/wp\/v2\/product\/25344","targetHints":{"allow":["GET"]}}],"collection":[{"href":"https:\/\/www.mysexualfantasy.eu\/en\/wp-json\/wp\/v2\/product"}],"about":[{"href":"https:\/\/www.mysexualfantasy.eu\/en\/wp-json\/wp\/v2\/types\/product"}],"replies":[{"embeddable":true,"href":"https:\/\/www.mysexualfantasy.eu\/en\/wp-json\/wp\/v2\/comments?post=25344"}],"wp:featuredmedia":[{"embeddable":true,"href":"https:\/\/www.mysexualfantasy.eu\/en\/wp-json\/wp\/v2\/media\/59936"}],"wp:attachment":[{"href":"https:\/\/www.mysexualfantasy.eu\/en\/wp-json\/wp\/v2\/media?parent=25344"}],"wp:term":[{"taxonomy":"product_brand","embeddable":true,"href":"https:\/\/www.mysexualfantasy.eu\/en\/wp-json\/wp\/v2\/product_brand?post=25344"},{"taxonomy":"product_cat","embeddable":true,"href":"https:\/\/www.mysexualfantasy.eu\/en\/wp-json\/wp\/v2\/product_cat?post=25344"},{"taxonomy":"product_tag","embeddable":true,"href":"https:\/\/www.mysexualfantasy.eu\/en\/wp-json\/wp\/v2\/product_tag?post=25344"}],"curies":[{"name":"wp","href":"https:\/\/api.w.org\/{rel}","templated":true}]}}