{"id":25345,"date":"2023-01-13T11:39:16","date_gmt":"2023-01-13T11:39:16","guid":{"rendered":"https:\/\/www.mysexualfantasy.eu\/?post_type=product&#038;p=25345"},"modified":"2023-12-06T16:01:29","modified_gmt":"2023-12-06T16:01:29","slug":"baile-butterfly-strap-on","status":"publish","type":"product","link":"https:\/\/www.mysexualfantasy.eu\/en\/product\/baile-butterfly-strap-on\/","title":{"rendered":"BAILE BUTTERFLY STRAP ON"},"content":{"rendered":"<p>Este vibrador de mariposa de \u00faltima generaci\u00f3n estimula la vagina, el cl\u00edtoris\u00a0y el ano\u00a0al mismo tiempo.<\/p>\n<p>Simplemente ponte las correas\u00a0en los\u00a0muslos, luego coloca el consolador y el estimulador vaginal\u00a0y dobla\u00a0el estimulador anal para ajustarlo perfectamente. Es muy flexible para una estimulaci\u00f3n sensacional.<\/p>\n<p>Ideal para jugar a solas est\u00e9s donde est\u00e9s\u00a0o para un juego divertido con tu pareja\u00a0ya que viene con un mando a distancia con el que se puede controlar los 7 modos de\u00a0vibraci\u00f3n de este\u00a0juguete.<\/p>\n<ul>\n<li>Correa en mariposa\u00a0<\/li>\n<li>7 modos de vibraci\u00f3n\u00a0<\/li>\n<li>3 pilas AAA<\/li>\n<li>Material: TPR\u00a0<\/li>\n<li>Mando a distancia<\/li>\n<li>Medidas: Ver foto\u00a0<\/li>\n<li>Correas el\u00e1sticas\u00a0<\/li>\n<\/ul>\n<p>\u00a0<\/p>","protected":false},"excerpt":{"rendered":"<p>BAILE BUTTERFLY STRAP ON<\/p>","protected":false},"featured_media":40435,"comment_status":"open","ping_status":"closed","template":"","meta":{"_monsterinsights_skip_tracking":false,"_monsterinsights_sitenote_active":false,"_monsterinsights_sitenote_note":"","_monsterinsights_sitenote_category":0,"_joinchat":[]},"product_brand":[],"product_cat":[1173,1279,1156,1152,1155],"product_tag":[],"class_list":{"0":"post-25345","1":"product","2":"type-product","3":"status-publish","4":"has-post-thumbnail","6":"product_cat-juguetes-bienestar-arneses","7":"product_cat-juguetes-bienestar-arnesesarneses-con-vibracion","8":"product_cat-juguetes-bienestar-juguetes-para-mujeresestimuladores","9":"product_cat-juguetes-bienestar","10":"product_cat-juguetes-bienestar-juguetes-para-mujeres","11":"yith_product_brand-baile","12":"yith_product_brand-bailebaile-stimulating","14":"first","15":"instock","16":"taxable","17":"shipping-taxable","18":"purchasable","19":"product-type-simple"},"aioseo_notices":[],"_links":{"self":[{"href":"https:\/\/www.mysexualfantasy.eu\/en\/wp-json\/wp\/v2\/product\/25345","targetHints":{"allow":["GET"]}}],"collection":[{"href":"https:\/\/www.mysexualfantasy.eu\/en\/wp-json\/wp\/v2\/product"}],"about":[{"href":"https:\/\/www.mysexualfantasy.eu\/en\/wp-json\/wp\/v2\/types\/product"}],"replies":[{"embeddable":true,"href":"https:\/\/www.mysexualfantasy.eu\/en\/wp-json\/wp\/v2\/comments?post=25345"}],"wp:featuredmedia":[{"embeddable":true,"href":"https:\/\/www.mysexualfantasy.eu\/en\/wp-json\/wp\/v2\/media\/40435"}],"wp:attachment":[{"href":"https:\/\/www.mysexualfantasy.eu\/en\/wp-json\/wp\/v2\/media?parent=25345"}],"wp:term":[{"taxonomy":"product_brand","embeddable":true,"href":"https:\/\/www.mysexualfantasy.eu\/en\/wp-json\/wp\/v2\/product_brand?post=25345"},{"taxonomy":"product_cat","embeddable":true,"href":"https:\/\/www.mysexualfantasy.eu\/en\/wp-json\/wp\/v2\/product_cat?post=25345"},{"taxonomy":"product_tag","embeddable":true,"href":"https:\/\/www.mysexualfantasy.eu\/en\/wp-json\/wp\/v2\/product_tag?post=25345"}],"curies":[{"name":"wp","href":"https:\/\/api.w.org\/{rel}","templated":true}]}}