{"id":25362,"date":"2023-01-13T13:29:34","date_gmt":"2023-01-13T13:29:34","guid":{"rendered":"https:\/\/www.mysexualfantasy.eu\/?post_type=product&#038;p=25362"},"modified":"2023-12-06T14:55:02","modified_gmt":"2023-12-06T14:55:02","slug":"saninex-plug-metal-extremo-con-anilla","status":"publish","type":"product","link":"https:\/\/www.mysexualfantasy.eu\/en\/product\/saninex-plug-metal-extremo-con-anilla\/","title":{"rendered":"SANINEX PLUG METAL EXTREMO CON ANILLA"},"content":{"rendered":"<p>M\u00e1xima disposici\u00f3n de movilidad generadora de orgasmos anales y alto placer sexual, fabricado con material met\u00e1lico m\u00e9dico sanitario de muy alta calidad, con revestimiento de extrema suavidad y forma ancha c\u00f3nica con anillo final. C\u00f3modo elegante y de f\u00e1cil uso. Contiene un elegante diamante en su base ancha. Diamante que se presenta en varias tonalidades.<\/p>\n<p>SANINEX PLUG METAL EXTREME RING Unisex est\u00e1 indicado a quienes potencian su sexualidad y obtienen orgasmos a trav\u00e9s del sexo anal, generando as\u00ed nuevos excitantes placeres y experiencias positivas.<\/p>\n<p>Obtendr\u00e1s con su f\u00e1cil uso, un alto placer sexual potente, adictivo y excitante. Su forma ancha c\u00f3nica con anillo final, y su f\u00e1cil uso, te proporciona una sensaci\u00f3n de gran suavidad, con la que consigues disfrutar de un placer constante e intenso.<\/p>\n<p>Apto para lubricar con cualquier lubricante o aceite afrodisiaco Saninex.<\/p>\n<p>SANINEX PLUG METAL EXTREME RING unisex, es presentado con m\u00e1ximo glamour y elegancia, en un atractivo bolso de exclusivo dise\u00f1o Saninex. La m\u00e1xima calidad y precios m\u00ednimos, siempre est\u00e1n presentes en toda la gama de productos salud y placer Saninex.<\/p>\n<ul>\n<li>Medidas: 95 x 35 mm.<\/li>\n<\/ul>\n<p>INDICACIONES:<\/p>\n<ul>\n<li>Orgasmos mediante la estimulaci\u00f3n anal, altamente excitantes.<\/li>\n<li>Para un alto placer en cualquier momento y durante las relacione sexuales.<\/li>\n<li>Fabricado con material met\u00e1lico m\u00e9dico sanitario de muy alta calidad, con revestimiento de extrema suavidad. Hipoalerg\u00e9nico.<\/li>\n<li>Totalmente discreto de belleza est\u00e9tica.<\/li>\n<li>Adecuado para todo tipo de lubricantes y aceites afrodisiacos Saninex.<\/li>\n<li>Comprobado dermatol\u00f3gicamente y cl\u00ednicamente.<\/li>\n<li>100% resistente al agua.<\/li>\n<li>100% libre de ftalatos.<\/li>\n<\/ul>\n<p>Saninex, marca la diferencia respecto al resto de marcas. Saninex poseedora de Licencia de fabricaci\u00f3n de productos medico sanitarios clase IIB, emitidas por el Ministerio de Sanidad Espa\u00f1ol y la Agencia Espa\u00f1ola del Medicamento.<\/p>","protected":false},"excerpt":{"rendered":"<p>SANINEX PLUG METAL EXTREME RING<\/p>","protected":false},"featured_media":59946,"comment_status":"open","ping_status":"closed","template":"","meta":{"_monsterinsights_skip_tracking":false,"_monsterinsights_sitenote_active":false,"_monsterinsights_sitenote_note":"","_monsterinsights_sitenote_category":0,"_joinchat":[]},"product_brand":[],"product_cat":[1162,1186,1152,148,1189],"product_tag":[],"class_list":{"0":"post-25362","1":"product","2":"type-product","3":"status-publish","4":"has-post-thumbnail","6":"product_cat-juguetes-bienestar-anal","7":"product_cat-juguetes-bienestar-fabricado-con-metal","8":"product_cat-juguetes-bienestar","9":"product_cat-ofertas","10":"product_cat-juguetes-bienestar-analplugs-anales","11":"yith_product_brand-saninex","12":"yith_product_brand-saninexsaninex-sextoys","14":"first","15":"instock","16":"taxable","17":"shipping-taxable","18":"purchasable","19":"product-type-simple"},"aioseo_notices":[],"_links":{"self":[{"href":"https:\/\/www.mysexualfantasy.eu\/en\/wp-json\/wp\/v2\/product\/25362","targetHints":{"allow":["GET"]}}],"collection":[{"href":"https:\/\/www.mysexualfantasy.eu\/en\/wp-json\/wp\/v2\/product"}],"about":[{"href":"https:\/\/www.mysexualfantasy.eu\/en\/wp-json\/wp\/v2\/types\/product"}],"replies":[{"embeddable":true,"href":"https:\/\/www.mysexualfantasy.eu\/en\/wp-json\/wp\/v2\/comments?post=25362"}],"wp:featuredmedia":[{"embeddable":true,"href":"https:\/\/www.mysexualfantasy.eu\/en\/wp-json\/wp\/v2\/media\/59946"}],"wp:attachment":[{"href":"https:\/\/www.mysexualfantasy.eu\/en\/wp-json\/wp\/v2\/media?parent=25362"}],"wp:term":[{"taxonomy":"product_brand","embeddable":true,"href":"https:\/\/www.mysexualfantasy.eu\/en\/wp-json\/wp\/v2\/product_brand?post=25362"},{"taxonomy":"product_cat","embeddable":true,"href":"https:\/\/www.mysexualfantasy.eu\/en\/wp-json\/wp\/v2\/product_cat?post=25362"},{"taxonomy":"product_tag","embeddable":true,"href":"https:\/\/www.mysexualfantasy.eu\/en\/wp-json\/wp\/v2\/product_tag?post=25362"}],"curies":[{"name":"wp","href":"https:\/\/api.w.org\/{rel}","templated":true}]}}