{"id":25377,"date":"2023-01-13T13:47:05","date_gmt":"2023-01-13T13:47:05","guid":{"rendered":"https:\/\/www.mysexualfantasy.eu\/?post_type=product&#038;p=25377"},"modified":"2023-12-06T16:14:50","modified_gmt":"2023-12-06T16:14:50","slug":"anal-fantasy-elite-collection-vibrador-anal","status":"publish","type":"product","link":"https:\/\/www.mysexualfantasy.eu\/en\/product\/anal-fantasy-elite-collection-vibrador-anal\/","title":{"rendered":"ANAL FANTASY ELITE COLLECTION VIBRADOR ANAL"},"content":{"rendered":"<p>El vibrador anal de la colecci\u00f3n Anal Fantasy Elite ofrece un gran placer con sus increibles vibraciones y texturas real\u00edsticas para que puedas vivir experiencias de estimulaci\u00f3n anal como nunca antes.\u00a0<\/p>\n<p>El placer de empuje est\u00e1 dise\u00f1ado para responder naturalmente, masajeando cada movimiento r\u00e1pido o lento. La simple presi\u00f3n de un bot\u00f3n activa las 11 funciones \u00fanicas del motor vibratorio, que est\u00e1 estrat\u00e9gicamente ubicado en la punta del Vibrating Ass Fucker para un placer preciso interno y externo. \u00a1Para un juego anal \u00f3ptimo, la vibraci\u00f3n din\u00e1mica combinada con una acci\u00f3n de empuje receptiva crea resultados org\u00e1smicos explosivos en todo momento!<\/p>\n<p>Cuando quieras pasar al siguiente nivel en los juegos anales, la colecci\u00f3n Anal Fantasy Elite es la elecci\u00f3n perfecta para un final feliz y estimulaci\u00f3n prost\u00e1tica. Todos los juguetes est\u00e1n compuestos de nuestra silicona Elite ultra higienicabody safe y sin ftalatos ni l\u00e1tex, preparados para jugar duro. Usan ademas lo \u00faltimo en tecnolog\u00eda USB y est\u00e1n dise\u00f1ados para ofrecer el m\u00e1ximo confort y garantizar la satisfacci\u00f3n. Perfectos para cualquier g\u00e9nero.\u00a0<\/p>\n<ul>\n<li>11 modos de vibraci\u00f3n<\/li>\n<li>Silicona Elite, ultra suave, higienica, sin ftalatos ni l\u00e1tex y se calienta con el calor corporal<\/li>\n<li>Perfectamente esculpido y tama\u00f1o perfecto para disfrutar dde una estimulaci\u00f3n anal intensa<\/li>\n<li>USB recargable\u00a0<\/li>\n<li>Fuerte ventosa\u00a0<\/li>\n<li>Longitud insertable 15.2 cm\u00a0<\/li>\n<li>Ancho insertable: 3.6 cm\u00a0<\/li>\n<\/ul>","protected":false},"excerpt":{"rendered":"<p>ANAL FANTASY ELITE COLLECTION VIBRATING ASS FUCKER<\/p>","protected":false},"featured_media":61637,"comment_status":"open","ping_status":"closed","template":"","meta":{"_monsterinsights_skip_tracking":false,"_monsterinsights_sitenote_active":false,"_monsterinsights_sitenote_note":"","_monsterinsights_sitenote_category":0,"_joinchat":[]},"product_brand":[],"product_cat":[1162,1152,1155,1165,1153,1305],"product_tag":[],"class_list":{"0":"post-25377","1":"product","2":"type-product","3":"status-publish","4":"has-post-thumbnail","6":"product_cat-juguetes-bienestar-anal","7":"product_cat-juguetes-bienestar","8":"product_cat-juguetes-bienestar-juguetes-para-mujeres","9":"product_cat-juguetes-bienestar-juguetes-para-mujeresmasturbadores-para-ellas","10":"product_cat-juguetes-bienestar-vibradores","11":"product_cat-juguetes-bienestar-analvibradores-anales","12":"yith_product_brand-pipedreamsanal-fantasy-elite-collection","13":"yith_product_brand-pipedreams","15":"first","16":"instock","17":"taxable","18":"shipping-taxable","19":"purchasable","20":"product-type-simple"},"aioseo_notices":[],"_links":{"self":[{"href":"https:\/\/www.mysexualfantasy.eu\/en\/wp-json\/wp\/v2\/product\/25377","targetHints":{"allow":["GET"]}}],"collection":[{"href":"https:\/\/www.mysexualfantasy.eu\/en\/wp-json\/wp\/v2\/product"}],"about":[{"href":"https:\/\/www.mysexualfantasy.eu\/en\/wp-json\/wp\/v2\/types\/product"}],"replies":[{"embeddable":true,"href":"https:\/\/www.mysexualfantasy.eu\/en\/wp-json\/wp\/v2\/comments?post=25377"}],"wp:featuredmedia":[{"embeddable":true,"href":"https:\/\/www.mysexualfantasy.eu\/en\/wp-json\/wp\/v2\/media\/61637"}],"wp:attachment":[{"href":"https:\/\/www.mysexualfantasy.eu\/en\/wp-json\/wp\/v2\/media?parent=25377"}],"wp:term":[{"taxonomy":"product_brand","embeddable":true,"href":"https:\/\/www.mysexualfantasy.eu\/en\/wp-json\/wp\/v2\/product_brand?post=25377"},{"taxonomy":"product_cat","embeddable":true,"href":"https:\/\/www.mysexualfantasy.eu\/en\/wp-json\/wp\/v2\/product_cat?post=25377"},{"taxonomy":"product_tag","embeddable":true,"href":"https:\/\/www.mysexualfantasy.eu\/en\/wp-json\/wp\/v2\/product_tag?post=25377"}],"curies":[{"name":"wp","href":"https:\/\/api.w.org\/{rel}","templated":true}]}}