{"id":2541,"date":"2023-01-13T13:12:28","date_gmt":"2023-01-13T13:12:28","guid":{"rendered":"https:\/\/www.mysexualfantasy.eu\/?post_type=product&#038;p=2541"},"modified":"2023-12-06T16:20:26","modified_gmt":"2023-12-06T16:20:26","slug":"bioglide-lubricante-liquid-monodosis-3-ml","status":"publish","type":"product","link":"https:\/\/www.mysexualfantasy.eu\/en\/product\/bioglide-lubricante-liquid-monodosis-3-ml\/","title":{"rendered":"BIOGLIDE LUBRICANTE LIQUID MONODOSIS 3 ML"},"content":{"rendered":"<p>BIOGLIDE MONODOSIS\u00a0 mejora considerablemente el deslizamiento\u00a0 en la penetracion durante las relaciones sexuales. se trata del primer gel lubricante 100% biologico\u00a0 y medicinal a nivel mundial para la sequedad vaginal y para el alivio de las zonas intimas. Puesto que no contiene parabenos, ni aceites, ni perfumes, es totalmente inocuo para la piel y la mucosa. Bioglide est\u00e1 pensado para optimizar el sexo vaginal, anal u oral y esperfectamente compatible con el preservativo y los juguetes sexuales. Aplicar unicamente una peque\u00f1a cantidad de bioglide en las zonas intimas.<\/p>\n<p>Especialmente respetuoso con la piel (compatibilidad dermatol\u00f3gica y cl\u00ednicamente testada), 100% compatible con preservativos, de pH \u00f3ptimo, soluble en agua y libre de grasas.<\/p>\n<p>No mancha. F\u00e1cil de eliminar.<\/p>\n<p>Ingredientes: Aqua, Glycerine, Xanthan Gum.<\/p>\n<p>\u00a0<\/p>","protected":false},"excerpt":{"rendered":"<p>PACKAGING DISPONIBLE EN: \/es\/en\/de\/<\/p>","protected":false},"featured_media":56553,"comment_status":"open","ping_status":"closed","template":"","meta":{"_monsterinsights_skip_tracking":false,"_monsterinsights_sitenote_active":false,"_monsterinsights_sitenote_note":"","_monsterinsights_sitenote_category":0,"_joinchat":[]},"product_brand":[],"product_cat":[1367,1203,1206,1242],"product_tag":[],"class_list":{"0":"post-2541","1":"product","2":"type-product","3":"status-publish","4":"has-post-thumbnail","6":"product_cat-drogueria-lubricantesbio-ecologico","7":"product_cat-drogueria","8":"product_cat-drogueria-lubricantes","9":"product_cat-drogueria-lubricantesmonodosis","10":"yith_product_brand-joydivision","11":"yith_product_brand-joydivisionjoydivision-bioglide","13":"first","14":"instock","15":"taxable","16":"shipping-taxable","17":"purchasable","18":"product-type-simple"},"aioseo_notices":[],"_links":{"self":[{"href":"https:\/\/www.mysexualfantasy.eu\/en\/wp-json\/wp\/v2\/product\/2541","targetHints":{"allow":["GET"]}}],"collection":[{"href":"https:\/\/www.mysexualfantasy.eu\/en\/wp-json\/wp\/v2\/product"}],"about":[{"href":"https:\/\/www.mysexualfantasy.eu\/en\/wp-json\/wp\/v2\/types\/product"}],"replies":[{"embeddable":true,"href":"https:\/\/www.mysexualfantasy.eu\/en\/wp-json\/wp\/v2\/comments?post=2541"}],"wp:featuredmedia":[{"embeddable":true,"href":"https:\/\/www.mysexualfantasy.eu\/en\/wp-json\/wp\/v2\/media\/56553"}],"wp:attachment":[{"href":"https:\/\/www.mysexualfantasy.eu\/en\/wp-json\/wp\/v2\/media?parent=2541"}],"wp:term":[{"taxonomy":"product_brand","embeddable":true,"href":"https:\/\/www.mysexualfantasy.eu\/en\/wp-json\/wp\/v2\/product_brand?post=2541"},{"taxonomy":"product_cat","embeddable":true,"href":"https:\/\/www.mysexualfantasy.eu\/en\/wp-json\/wp\/v2\/product_cat?post=2541"},{"taxonomy":"product_tag","embeddable":true,"href":"https:\/\/www.mysexualfantasy.eu\/en\/wp-json\/wp\/v2\/product_tag?post=2541"}],"curies":[{"name":"wp","href":"https:\/\/api.w.org\/{rel}","templated":true}]}}