{"id":25497,"date":"2023-01-13T12:03:01","date_gmt":"2023-01-13T12:03:01","guid":{"rendered":"https:\/\/www.mysexualfantasy.eu\/?post_type=product&#038;p=25497"},"modified":"2023-12-06T14:57:07","modified_gmt":"2023-12-06T14:57:07","slug":"thunder-up-vibrador-multifunciones","status":"publish","type":"product","link":"https:\/\/www.mysexualfantasy.eu\/en\/product\/thunder-up-vibrador-multifunciones\/","title":{"rendered":"THUNDER UP VIBRADOR MULTIFUNCIONES"},"content":{"rendered":"<p>\u00a1Si est\u00e1s listo para un verdadero desaf\u00edo, \u00e9ste es el consolador para ti!<\/p>\n<p>Este consolador est\u00e1 hecho de material real\u00edstico\u00a0TPR y ABS. No s\u00f3lo tiene gran longitud, sino tambi\u00e9n tiene unas venas profundas y una ligera curva, para dirfrutar del m\u00e1ximo placer.\u00a0Con una longitud y circunferencia\u00a0insertable\u00a0este\u00a0consolador te satifacer\u00e1 seguro. Tiene una ventosa en la base, puedes fijarlo en una superficie plana\u00a0<span style=\"font-size: 10pt; line-height: 107%; font-family: Arial, sans-serif;\">para\u00a0usarlo sin manos. Acu\u00e9rdate de usarlo junto con tu lubricante favorito.<\/span><\/p>\n<p>\u00a0<\/p>\n<p>Caracter\u00edsticas:<\/p>\n<ul>\n<li>Consolador vibrante\u00a0<\/li>\n<li>Funci\u00f3n de rotaci\u00f3n\u00a0<\/li>\n<li>Funci\u00f3n de subida y bajada\u00a0<\/li>\n<li>Ventosa fuerte\u00a0<\/li>\n<li>Material: TPR y ABS<\/li>\n<li>Medidas: Ver foto.\u00a0<\/li>\n<li>Se recomienda el uso de lubricante\u00a0<\/li>\n<li>Vibraci\u00f3n multivelocidad<\/li>\n<li>Rotaci\u00f3n multivelocidad<\/li>\n<li>Bater\u00edas del mando a distancia : 3AAA<\/li>\n<\/ul>\n<p>\u00a0<\/p>\n<p>\u00a0<\/p>","protected":false},"excerpt":{"rendered":"<p>THUNDER UP MULTIFUNCTIONAL VIBRATOR<\/p>","protected":false},"featured_media":45076,"comment_status":"open","ping_status":"closed","template":"","meta":{"_monsterinsights_skip_tracking":false,"_monsterinsights_sitenote_active":false,"_monsterinsights_sitenote_note":"","_monsterinsights_sitenote_category":0,"_joinchat":[]},"product_brand":[],"product_cat":[1152,1153,1154,1192],"product_tag":[],"class_list":{"0":"post-25497","1":"product","2":"type-product","3":"status-publish","4":"has-post-thumbnail","6":"product_cat-juguetes-bienestar","7":"product_cat-juguetes-bienestar-vibradores","8":"product_cat-juguetes-bienestar-vibradoresvibradores-control-remoto","9":"product_cat-juguetes-bienestar-vibradoresvibradores-hi-tech","10":"yith_product_brand-baile","11":"yith_product_brand-bailebaile-vibrators","13":"first","14":"instock","15":"taxable","16":"shipping-taxable","17":"purchasable","18":"product-type-simple"},"aioseo_notices":[],"_links":{"self":[{"href":"https:\/\/www.mysexualfantasy.eu\/en\/wp-json\/wp\/v2\/product\/25497","targetHints":{"allow":["GET"]}}],"collection":[{"href":"https:\/\/www.mysexualfantasy.eu\/en\/wp-json\/wp\/v2\/product"}],"about":[{"href":"https:\/\/www.mysexualfantasy.eu\/en\/wp-json\/wp\/v2\/types\/product"}],"replies":[{"embeddable":true,"href":"https:\/\/www.mysexualfantasy.eu\/en\/wp-json\/wp\/v2\/comments?post=25497"}],"wp:featuredmedia":[{"embeddable":true,"href":"https:\/\/www.mysexualfantasy.eu\/en\/wp-json\/wp\/v2\/media\/45076"}],"wp:attachment":[{"href":"https:\/\/www.mysexualfantasy.eu\/en\/wp-json\/wp\/v2\/media?parent=25497"}],"wp:term":[{"taxonomy":"product_brand","embeddable":true,"href":"https:\/\/www.mysexualfantasy.eu\/en\/wp-json\/wp\/v2\/product_brand?post=25497"},{"taxonomy":"product_cat","embeddable":true,"href":"https:\/\/www.mysexualfantasy.eu\/en\/wp-json\/wp\/v2\/product_cat?post=25497"},{"taxonomy":"product_tag","embeddable":true,"href":"https:\/\/www.mysexualfantasy.eu\/en\/wp-json\/wp\/v2\/product_tag?post=25497"}],"curies":[{"name":"wp","href":"https:\/\/api.w.org\/{rel}","templated":true}]}}