{"id":25663,"date":"2023-01-13T14:04:47","date_gmt":"2023-01-13T14:04:47","guid":{"rendered":"https:\/\/www.mysexualfantasy.eu\/?post_type=product&#038;p=25663"},"modified":"2023-12-06T16:25:11","modified_gmt":"2023-12-06T16:25:11","slug":"metal-hard-pinza-pezones-con-deposito","status":"publish","type":"product","link":"https:\/\/www.mysexualfantasy.eu\/en\/product\/metal-hard-pinza-pezones-con-deposito\/","title":{"rendered":"METAL HARD PINZA PEZONES CON DEPOSITO"},"content":{"rendered":"<p>\u00a1Pon a tu sumisa o esclava a trav\u00e9s de un tormento \u00fanico con un conjunto de abrazaderas de pez\u00f3n que te permiten agregar peso de una manera inusual! En el estilo de abrazaderas de mariposa, o abrazaderas de tr\u00e9bol, estas atractivas pinzas se vuelven m\u00e1s apretadas a medida que se tiran.<\/p>\n<p>Las puntas de goma aseguran que todo el dolor sea en forma de placer y que mantengan su agarre. Para aumentar el peso, simplemente llena los peque\u00f1os cubos colgantes con agua, lubricante, arena, piedras o lo que sea que tu mente malvada pueda proponer.<\/p>\n<ul>\n<li>Fuerte pinza met\u00e1lica\u00a0<\/li>\n<li>Cubo para a\u00f1adir peso<\/li>\n<li>Peso embalaje 117 gram\u00a0<\/li>\n<li>Dimensiones del producto 15.5 x 7.1 cm\u00a0<\/li>\n<li>Peso del producto 96 gram\u00a0<\/li>\n<li>Longitud:\u00a015,5 cm\u00a0<\/li>\n<li>Di\u00e1metro dep\u00f3sito: 5,9 cm<\/li>\n<li>Longitud dep\u00f3sito: 4,8 cm<\/li>\n<li>Material:\u00a0Acero inoxidable\u00a0<\/li>\n<li>Packaging: Bolsa de pl\u00e1stico<\/li>\n<\/ul>","protected":false},"excerpt":{"rendered":"<p>METAL HARD NIPPLE CLAM WITH BUCKLET<\/p>","protected":false},"featured_media":64609,"comment_status":"open","ping_status":"closed","template":"","meta":{"_monsterinsights_skip_tracking":false,"_monsterinsights_sitenote_active":false,"_monsterinsights_sitenote_note":"","_monsterinsights_sitenote_category":0,"_joinchat":[]},"product_brand":[],"product_cat":[1176,1175,1186,1152,1180],"product_tag":[],"class_list":{"0":"post-25663","1":"product","2":"type-product","3":"status-publish","4":"has-post-thumbnail","6":"product_cat-bdsm-bondage-articulos-bdsm","7":"product_cat-bdsm-bondage","8":"product_cat-juguetes-bienestar-fabricado-con-metal","9":"product_cat-juguetes-bienestar","10":"product_cat-bdsm-bondage-articulos-bdsmpinzas-pezones-bdsm","11":"yith_product_brand-metal-hard","13":"first","14":"instock","15":"taxable","16":"shipping-taxable","17":"purchasable","18":"product-type-simple"},"aioseo_notices":[],"_links":{"self":[{"href":"https:\/\/www.mysexualfantasy.eu\/en\/wp-json\/wp\/v2\/product\/25663","targetHints":{"allow":["GET"]}}],"collection":[{"href":"https:\/\/www.mysexualfantasy.eu\/en\/wp-json\/wp\/v2\/product"}],"about":[{"href":"https:\/\/www.mysexualfantasy.eu\/en\/wp-json\/wp\/v2\/types\/product"}],"replies":[{"embeddable":true,"href":"https:\/\/www.mysexualfantasy.eu\/en\/wp-json\/wp\/v2\/comments?post=25663"}],"wp:featuredmedia":[{"embeddable":true,"href":"https:\/\/www.mysexualfantasy.eu\/en\/wp-json\/wp\/v2\/media\/64609"}],"wp:attachment":[{"href":"https:\/\/www.mysexualfantasy.eu\/en\/wp-json\/wp\/v2\/media?parent=25663"}],"wp:term":[{"taxonomy":"product_brand","embeddable":true,"href":"https:\/\/www.mysexualfantasy.eu\/en\/wp-json\/wp\/v2\/product_brand?post=25663"},{"taxonomy":"product_cat","embeddable":true,"href":"https:\/\/www.mysexualfantasy.eu\/en\/wp-json\/wp\/v2\/product_cat?post=25663"},{"taxonomy":"product_tag","embeddable":true,"href":"https:\/\/www.mysexualfantasy.eu\/en\/wp-json\/wp\/v2\/product_tag?post=25663"}],"curies":[{"name":"wp","href":"https:\/\/api.w.org\/{rel}","templated":true}]}}