{"id":25715,"date":"2023-01-13T13:10:02","date_gmt":"2023-01-13T13:10:02","guid":{"rendered":"https:\/\/www.mysexualfantasy.eu\/?post_type=product&#038;p=25715"},"modified":"2023-12-06T17:24:29","modified_gmt":"2023-12-06T17:24:29","slug":"control-nature-xl-144-unidades","status":"publish","type":"product","link":"https:\/\/www.mysexualfantasy.eu\/en\/product\/control-nature-xl-144-unidades\/","title":{"rendered":"CONTROL NATURE XL 144 UNIDADES"},"content":{"rendered":"<p>Control XL es un preservativo mas ancho y largo que el standart, presentando adem\u00e1s un dise\u00f1o anat\u00f3mico especial que lo hace m\u00e1s c\u00f3modo de colocar y usar.<\/p>\n<p>Al proporcionar una mejor adaptaci\u00f3n anat\u00f3mica, aumenta la sensibilidad durante la relaci\u00f3n.<\/p>\n<p>Preservativo de l\u00e1tex de caucho natural de m\u00e1xima calidad, anat\u00f3mico, de lados no paralelos , liso\u00a0 color natural, con dep\u00f3sito y lubricado.<\/p>\n<ul>\n<li>Caja 144 unidades<\/li>\n<li>Tama\u00f1o XL\u00a0<\/li>\n<li>Anchura nominal 57 mm.<\/li>\n<li>M\u00e1xima calidad\u00a0<\/li>\n<li>Liso\u00a0<\/li>\n<li>Color natural\u00a0<\/li>\n<li>Con dep\u00f3sito\u00a0<\/li>\n<li>Lubricado.\u00a0<\/li>\n<\/ul>\n<p>Los preservativos son eficaces como contraceptivo y protegen frente a infecciones de transmisi\u00f3n sexual. El l\u00e1tex puede causar reacciones al\u00e9rgicas incluso shock anafil\u00e1ctico si se usa siendo al\u00e9rgico al l\u00e1tex<\/p>\n<p>\u00a0<\/p>","protected":false},"excerpt":{"rendered":"<p>CONTROL NATURE XL 144 UNITS<\/p>","protected":false},"featured_media":56198,"comment_status":"open","ping_status":"closed","template":"","meta":{"_monsterinsights_skip_tracking":false,"_monsterinsights_sitenote_active":false,"_monsterinsights_sitenote_note":"","_monsterinsights_sitenote_category":0,"_joinchat":[]},"product_brand":[],"product_cat":[1460,600,1471,1470,1459],"product_tag":[],"class_list":{"0":"post-25715","1":"product","2":"type-product","3":"status-publish","4":"has-post-thumbnail","6":"product_cat-preservativos-todos-los-tamanos-de-cajascajas-de-30-a-288","7":"product_cat-preservativos","8":"product_cat-preservativos-todas-las-tallastamano-xl-grandes","9":"product_cat-preservativos-todas-las-tallas","10":"product_cat-preservativos-todos-los-tamanos-de-cajas","11":"yith_product_brand-control","12":"yith_product_brand-controlcontrol-condoms","14":"first","15":"instock","16":"taxable","17":"shipping-taxable","18":"purchasable","19":"product-type-simple"},"aioseo_notices":[],"_links":{"self":[{"href":"https:\/\/www.mysexualfantasy.eu\/en\/wp-json\/wp\/v2\/product\/25715","targetHints":{"allow":["GET"]}}],"collection":[{"href":"https:\/\/www.mysexualfantasy.eu\/en\/wp-json\/wp\/v2\/product"}],"about":[{"href":"https:\/\/www.mysexualfantasy.eu\/en\/wp-json\/wp\/v2\/types\/product"}],"replies":[{"embeddable":true,"href":"https:\/\/www.mysexualfantasy.eu\/en\/wp-json\/wp\/v2\/comments?post=25715"}],"wp:featuredmedia":[{"embeddable":true,"href":"https:\/\/www.mysexualfantasy.eu\/en\/wp-json\/wp\/v2\/media\/56198"}],"wp:attachment":[{"href":"https:\/\/www.mysexualfantasy.eu\/en\/wp-json\/wp\/v2\/media?parent=25715"}],"wp:term":[{"taxonomy":"product_brand","embeddable":true,"href":"https:\/\/www.mysexualfantasy.eu\/en\/wp-json\/wp\/v2\/product_brand?post=25715"},{"taxonomy":"product_cat","embeddable":true,"href":"https:\/\/www.mysexualfantasy.eu\/en\/wp-json\/wp\/v2\/product_cat?post=25715"},{"taxonomy":"product_tag","embeddable":true,"href":"https:\/\/www.mysexualfantasy.eu\/en\/wp-json\/wp\/v2\/product_tag?post=25715"}],"curies":[{"name":"wp","href":"https:\/\/api.w.org\/{rel}","templated":true}]}}