{"id":25718,"date":"2023-01-13T12:39:41","date_gmt":"2023-01-13T12:39:41","guid":{"rendered":"https:\/\/www.mysexualfantasy.eu\/?post_type=product&#038;p=25718"},"modified":"2023-12-06T15:02:49","modified_gmt":"2023-12-06T15:02:49","slug":"wet-pastel-helado-de-fresa-30-ml","status":"publish","type":"product","link":"https:\/\/www.mysexualfantasy.eu\/en\/product\/wet-pastel-helado-de-fresa-30-ml\/","title":{"rendered":"WET DESSERTS &#8211; PASTEL HELADO DE FRESA 30 ML"},"content":{"rendered":"<p>Haz tus relaciones mas sabrosas con los lubricantes Wet Desserts. Nuestros ricos y sabrosos sabores est\u00e1n tan conseguidos que nos podr\u00e1s parar. Adem\u00e1s no engordan ni manchan y su f\u00f3rmula especial hace que se limpien f\u00e1cilmente con agua. Hay cinco sabores disponibles:<\/p>\n<ul>\n<li>Sabor Pastel helado de fresa.\u00a0<\/li>\n<li>Se limpia f\u00e1cilmente con agua\u00a0<\/li>\n<li>No amargan<\/li>\n<li>Sin az\u00facar ni parabenos<\/li>\n<li>No manchan\u00a0<\/li>\n<li>Compatible con l\u00e1tex<\/li>\n<li>IDeal para preliminares, sexo oral y masajes.\u00a0<\/li>\n<li>Cantidad: 30 ml\u00a0<\/li>\n<\/ul>","protected":false},"excerpt":{"rendered":"<p>WET DESSERTS &#8211; FROSTED CUPCAKE WATERBASED LUBRICANT 30 ML<\/p>","protected":false},"featured_media":52514,"comment_status":"open","ping_status":"closed","template":"","meta":{"_monsterinsights_skip_tracking":false,"_monsterinsights_sitenote_active":false,"_monsterinsights_sitenote_note":"","_monsterinsights_sitenote_category":0,"_joinchat":[]},"product_brand":[],"product_cat":[1212,1203,1206,148],"product_tag":[],"class_list":{"0":"post-25718","1":"product","2":"type-product","3":"status-publish","4":"has-post-thumbnail","6":"product_cat-drogueria-lubricantescon-deliciosos-sabores","7":"product_cat-drogueria","8":"product_cat-drogueria-lubricantes","9":"product_cat-ofertas","10":"yith_product_brand-wet","11":"yith_product_brand-wetwet-desserts","13":"first","14":"instock","15":"taxable","16":"shipping-taxable","17":"purchasable","18":"product-type-simple"},"aioseo_notices":[],"_links":{"self":[{"href":"https:\/\/www.mysexualfantasy.eu\/en\/wp-json\/wp\/v2\/product\/25718","targetHints":{"allow":["GET"]}}],"collection":[{"href":"https:\/\/www.mysexualfantasy.eu\/en\/wp-json\/wp\/v2\/product"}],"about":[{"href":"https:\/\/www.mysexualfantasy.eu\/en\/wp-json\/wp\/v2\/types\/product"}],"replies":[{"embeddable":true,"href":"https:\/\/www.mysexualfantasy.eu\/en\/wp-json\/wp\/v2\/comments?post=25718"}],"wp:featuredmedia":[{"embeddable":true,"href":"https:\/\/www.mysexualfantasy.eu\/en\/wp-json\/wp\/v2\/media\/52514"}],"wp:attachment":[{"href":"https:\/\/www.mysexualfantasy.eu\/en\/wp-json\/wp\/v2\/media?parent=25718"}],"wp:term":[{"taxonomy":"product_brand","embeddable":true,"href":"https:\/\/www.mysexualfantasy.eu\/en\/wp-json\/wp\/v2\/product_brand?post=25718"},{"taxonomy":"product_cat","embeddable":true,"href":"https:\/\/www.mysexualfantasy.eu\/en\/wp-json\/wp\/v2\/product_cat?post=25718"},{"taxonomy":"product_tag","embeddable":true,"href":"https:\/\/www.mysexualfantasy.eu\/en\/wp-json\/wp\/v2\/product_tag?post=25718"}],"curies":[{"name":"wp","href":"https:\/\/api.w.org\/{rel}","templated":true}]}}