{"id":25737,"date":"2023-01-13T13:29:46","date_gmt":"2023-01-13T13:29:46","guid":{"rendered":"https:\/\/www.mysexualfantasy.eu\/?post_type=product&#038;p=25737"},"modified":"2023-12-06T16:01:45","modified_gmt":"2023-12-06T16:01:45","slug":"pretty-love-estimulador-unisex-dream-lovers-whip-2","status":"publish","type":"product","link":"https:\/\/www.mysexualfantasy.eu\/en\/product\/pretty-love-estimulador-unisex-dream-lovers-whip-2\/","title":{"rendered":"PRETTY LOVE ESTIMULADOR UNISEX DREAM LOVER&#8217;S WHIP 2"},"content":{"rendered":"<p>Este l\u00e1tigo vibratorio es perfecto para parejas e incluye 12 modos de vibraci\u00f3n. Es un vibrador doble, muy flexible con las vibraciones potentes.\u00a0El eje flexible y suave\u00a0ofrece una agilidad asombrosa.\u00a0Ambos extremos de este vibrador se doblan hasta 90 grados en cualquier direcci\u00f3n. Tiene motor\u00a0doble\u00a0con 12 funciones de vibraci\u00f3n, recargables con cable USB.<\/p>\n<p>Caracter\u00edsticas:\u00a0<\/p>\n<ul>\n<li>Estimulador de l\u00e1tigo Dream Lover<\/li>\n<li>Unisex<\/li>\n<li>Perfecto para parejas\u00a0<\/li>\n<li>12 funciones de vibraciones\u00a0<\/li>\n<li>Doblable y deformable\u00a0<\/li>\n<li>Medidas: Ver foto<\/li>\n<li>Recargable USB\u00a0<\/li>\n<li>Material: Silicona y ABS de alta calidad<\/li>\n<\/ul>\n<p>Pretty Love fabrica productos con exigentes normas de calidad, todos sus productos est\u00e1n dise\u00f1ados en Estados Unidos y tienen 1 a\u00f1o de garant\u00eda en defectos t\u00e9cnicos. \u00a1El placer asegurado!<\/p>","protected":false},"excerpt":{"rendered":"<p>PRETTY LOVE UNISEX STIMULATING DREAM LOVER&#8217;S WHIP 2<\/p>","protected":false},"featured_media":59995,"comment_status":"open","ping_status":"closed","template":"","meta":{"_monsterinsights_skip_tracking":false,"_monsterinsights_sitenote_active":false,"_monsterinsights_sitenote_note":"","_monsterinsights_sitenote_category":0,"_joinchat":[]},"product_brand":[],"product_cat":[1156,1152,1155,1153],"product_tag":[],"class_list":{"0":"post-25737","1":"product","2":"type-product","3":"status-publish","4":"has-post-thumbnail","6":"product_cat-juguetes-bienestar-juguetes-para-mujeresestimuladores","7":"product_cat-juguetes-bienestar","8":"product_cat-juguetes-bienestar-juguetes-para-mujeres","9":"product_cat-juguetes-bienestar-vibradores","10":"yith_product_brand-pretty-love","11":"yith_product_brand-pretty-lovepretty-love-smart","13":"first","14":"instock","15":"taxable","16":"shipping-taxable","17":"purchasable","18":"product-type-simple"},"aioseo_notices":[],"_links":{"self":[{"href":"https:\/\/www.mysexualfantasy.eu\/en\/wp-json\/wp\/v2\/product\/25737","targetHints":{"allow":["GET"]}}],"collection":[{"href":"https:\/\/www.mysexualfantasy.eu\/en\/wp-json\/wp\/v2\/product"}],"about":[{"href":"https:\/\/www.mysexualfantasy.eu\/en\/wp-json\/wp\/v2\/types\/product"}],"replies":[{"embeddable":true,"href":"https:\/\/www.mysexualfantasy.eu\/en\/wp-json\/wp\/v2\/comments?post=25737"}],"wp:featuredmedia":[{"embeddable":true,"href":"https:\/\/www.mysexualfantasy.eu\/en\/wp-json\/wp\/v2\/media\/59995"}],"wp:attachment":[{"href":"https:\/\/www.mysexualfantasy.eu\/en\/wp-json\/wp\/v2\/media?parent=25737"}],"wp:term":[{"taxonomy":"product_brand","embeddable":true,"href":"https:\/\/www.mysexualfantasy.eu\/en\/wp-json\/wp\/v2\/product_brand?post=25737"},{"taxonomy":"product_cat","embeddable":true,"href":"https:\/\/www.mysexualfantasy.eu\/en\/wp-json\/wp\/v2\/product_cat?post=25737"},{"taxonomy":"product_tag","embeddable":true,"href":"https:\/\/www.mysexualfantasy.eu\/en\/wp-json\/wp\/v2\/product_tag?post=25737"}],"curies":[{"name":"wp","href":"https:\/\/api.w.org\/{rel}","templated":true}]}}