{"id":25785,"date":"2023-01-13T14:16:45","date_gmt":"2023-01-13T14:16:45","guid":{"rendered":"https:\/\/www.mysexualfantasy.eu\/?post_type=product&#038;p=25785"},"modified":"2023-12-06T15:11:44","modified_gmt":"2023-12-06T15:11:44","slug":"beppy-tampones-lubricados-4-uds","status":"publish","type":"product","link":"https:\/\/www.mysexualfantasy.eu\/en\/product\/beppy-tampones-lubricados-4-uds\/","title":{"rendered":"BEPPY &#8211; TAMPONES LUBRICADOS 4 UDS"},"content":{"rendered":"<p>Tampones higi\u00e9nicos de f\u00e1cil aplicaci\u00f3n sin hilo, especialmente dise\u00f1ados para proporcionar la m\u00e1xima protecci\u00f3n, comodidad y discreci\u00f3n.<\/p>\n<p>Con los tampones Beppy Soft Comfort puede continuar sus actividades tambi\u00e9n con la regla: hacer deporte, bailar, nadar e incluso mantener relaciones sexuales.<\/p>\n<ul>\n<li>Gracias a su gel deslizante y a su estructura blanda, los tampones Beppy Soft Comfort son muy f\u00e1ciles de introducir y, con su sofisticada y reducida abertura tambi\u00e9n muy f\u00e1ciles de quitar. El gel deslizante es as\u00e9ptico, proporcionando una mayor protecci\u00f3n, y huele agradablemente a lavanda.<\/li>\n<\/ul>\n<p>Los tampones Beppy Soft Comfort tienen un dise\u00f1o anat\u00f3mico patentado, que garantiza la colocaci\u00f3n perfecta y la m\u00e1xima protecci\u00f3n.<\/p>\n<p>Caja de 4\u00a0tampones.<\/p>\n<p>Con el tamp\u00f3n Beppy puedes tener relaciones durante la menstruaci\u00f3n. Gracias a la forma y la manera que se adapta a tu cuerpo, puedes tener sexo sin ning\u00fan problema. El tamp\u00f3n Beppy no tiene cord\u00f3n, entonces tu pareja no puede ver que est\u00e1s con la regla. Usted y su pareja no notar\u00e1 su per\u00edodo menstrual. El tamp\u00f3n Beppy no es un anticoneptivo, como ning\u00fan tamp\u00f3n es (como los tampones de Tampax). Puedes quedarte embarazada.pones.<\/p>\n<p style=\"text-align: center;\"><iframe allow=\"accelerometer; autoplay; encrypted-media; gyroscope; picture-in-picture\" allowfullscreen=\"\" frameborder=\"0\" height=\"350\" scrolling=\"no\" src=\"https:\/\/www.youtube.com\/embed\/QVSBhm2Al6s?controls=0\" width=\"800\"><\/iframe><\/p>","protected":false},"excerpt":{"rendered":"<p>BEPPY &#8211; SOFT COMFORT TAMPONS WET 4 UNITS<\/p>","protected":false},"featured_media":66562,"comment_status":"open","ping_status":"closed","template":"","meta":{"_monsterinsights_skip_tracking":false,"_monsterinsights_sitenote_active":false,"_monsterinsights_sitenote_note":"","_monsterinsights_sitenote_category":0,"_joinchat":[]},"product_brand":[],"product_cat":[1203,1239],"product_tag":[],"class_list":{"0":"post-25785","1":"product","2":"type-product","3":"status-publish","4":"has-post-thumbnail","6":"product_cat-drogueria","7":"product_cat-drogueria-tampon-higienico","8":"yith_product_brand-beppy","10":"first","11":"instock","12":"taxable","13":"shipping-taxable","14":"purchasable","15":"product-type-simple"},"aioseo_notices":[],"_links":{"self":[{"href":"https:\/\/www.mysexualfantasy.eu\/en\/wp-json\/wp\/v2\/product\/25785","targetHints":{"allow":["GET"]}}],"collection":[{"href":"https:\/\/www.mysexualfantasy.eu\/en\/wp-json\/wp\/v2\/product"}],"about":[{"href":"https:\/\/www.mysexualfantasy.eu\/en\/wp-json\/wp\/v2\/types\/product"}],"replies":[{"embeddable":true,"href":"https:\/\/www.mysexualfantasy.eu\/en\/wp-json\/wp\/v2\/comments?post=25785"}],"wp:featuredmedia":[{"embeddable":true,"href":"https:\/\/www.mysexualfantasy.eu\/en\/wp-json\/wp\/v2\/media\/66562"}],"wp:attachment":[{"href":"https:\/\/www.mysexualfantasy.eu\/en\/wp-json\/wp\/v2\/media?parent=25785"}],"wp:term":[{"taxonomy":"product_brand","embeddable":true,"href":"https:\/\/www.mysexualfantasy.eu\/en\/wp-json\/wp\/v2\/product_brand?post=25785"},{"taxonomy":"product_cat","embeddable":true,"href":"https:\/\/www.mysexualfantasy.eu\/en\/wp-json\/wp\/v2\/product_cat?post=25785"},{"taxonomy":"product_tag","embeddable":true,"href":"https:\/\/www.mysexualfantasy.eu\/en\/wp-json\/wp\/v2\/product_tag?post=25785"}],"curies":[{"name":"wp","href":"https:\/\/api.w.org\/{rel}","templated":true}]}}