{"id":25807,"date":"2023-01-13T13:29:47","date_gmt":"2023-01-13T13:29:47","guid":{"rendered":"https:\/\/www.mysexualfantasy.eu\/?post_type=product&#038;p=25807"},"modified":"2023-12-06T16:01:46","modified_gmt":"2023-12-06T16:01:46","slug":"pretty-love-estimulador-oral-elsa","status":"publish","type":"product","link":"https:\/\/www.mysexualfantasy.eu\/en\/product\/pretty-love-estimulador-oral-elsa\/","title":{"rendered":"PRETTY LOVE ESTIMULADOR ORAL ELSA"},"content":{"rendered":"<p>El estimulador oral proporciona\u00a0una estimulaci\u00f3n extra que\u00a0nunca antes has experimentado.<\/p>\n<p>Durante el sexo oral las vibraciones estimulan el pene para experimentar el m\u00e1ximo placer.<\/p>\n<p>Caracter\u00edsticas:<\/p>\n<ul>\n<li>Estimulador oral Elsa<\/li>\n<li>Pilas: 3 LR41<\/li>\n<li>Material: Silicona y ABS\u00a0<\/li>\n<li>Medidas: Ver foto<\/li>\n<li>Unisex<\/li>\n<li>Sumergible<\/li>\n<\/ul>\n<p>Pretty Love fabrica productos de alta calidad. Tienen 1 a\u00f1o de garant\u00eda en defectos t\u00e9cnicos.<\/p>","protected":false},"excerpt":{"rendered":"<p>PRETTY LOVE ORAL STIMULATOR ELSA<\/p>","protected":false},"featured_media":60000,"comment_status":"open","ping_status":"closed","template":"","meta":{"_monsterinsights_skip_tracking":false,"_monsterinsights_sitenote_active":false,"_monsterinsights_sitenote_note":"","_monsterinsights_sitenote_category":0,"_joinchat":[]},"product_brand":[],"product_cat":[1156,1152,1155],"product_tag":[],"class_list":{"0":"post-25807","1":"product","2":"type-product","3":"status-publish","4":"has-post-thumbnail","6":"product_cat-juguetes-bienestar-juguetes-para-mujeresestimuladores","7":"product_cat-juguetes-bienestar","8":"product_cat-juguetes-bienestar-juguetes-para-mujeres","9":"yith_product_brand-pretty-love","10":"yith_product_brand-pretty-lovepretty-love-male","12":"first","13":"instock","14":"taxable","15":"shipping-taxable","16":"purchasable","17":"product-type-simple"},"aioseo_notices":[],"_links":{"self":[{"href":"https:\/\/www.mysexualfantasy.eu\/en\/wp-json\/wp\/v2\/product\/25807","targetHints":{"allow":["GET"]}}],"collection":[{"href":"https:\/\/www.mysexualfantasy.eu\/en\/wp-json\/wp\/v2\/product"}],"about":[{"href":"https:\/\/www.mysexualfantasy.eu\/en\/wp-json\/wp\/v2\/types\/product"}],"replies":[{"embeddable":true,"href":"https:\/\/www.mysexualfantasy.eu\/en\/wp-json\/wp\/v2\/comments?post=25807"}],"wp:featuredmedia":[{"embeddable":true,"href":"https:\/\/www.mysexualfantasy.eu\/en\/wp-json\/wp\/v2\/media\/60000"}],"wp:attachment":[{"href":"https:\/\/www.mysexualfantasy.eu\/en\/wp-json\/wp\/v2\/media?parent=25807"}],"wp:term":[{"taxonomy":"product_brand","embeddable":true,"href":"https:\/\/www.mysexualfantasy.eu\/en\/wp-json\/wp\/v2\/product_brand?post=25807"},{"taxonomy":"product_cat","embeddable":true,"href":"https:\/\/www.mysexualfantasy.eu\/en\/wp-json\/wp\/v2\/product_cat?post=25807"},{"taxonomy":"product_tag","embeddable":true,"href":"https:\/\/www.mysexualfantasy.eu\/en\/wp-json\/wp\/v2\/product_tag?post=25807"}],"curies":[{"name":"wp","href":"https:\/\/api.w.org\/{rel}","templated":true}]}}