{"id":26033,"date":"2023-01-13T11:40:09","date_gmt":"2023-01-13T11:40:09","guid":{"rendered":"https:\/\/www.mysexualfantasy.eu\/?post_type=product&#038;p=26033"},"modified":"2023-12-06T15:37:43","modified_gmt":"2023-12-06T15:37:43","slug":"tom-of-finland-funda-pene-realistica","status":"publish","type":"product","link":"https:\/\/www.mysexualfantasy.eu\/en\/product\/tom-of-finland-funda-pene-realistica\/","title":{"rendered":"TOM OF FINLAND &#8211; FUNDA PENE REALISTICA"},"content":{"rendered":"<p>Suave y transparente potenciador para el pene con una correa de sujeci\u00f3n y est\u00e1 salpicada con nodos internos de agarre. La forma f\u00e1lica a\u00f1ade al instante circunferencia y longitud, con paredes gruesas y una punta s\u00f3lida. El material es el\u00e1stico, pero firme, y es libre de ftalatos.<\/p>\n<p>Caracter\u00edsticas:<\/p>\n<ul>\n<li>Longitud Total: 24,13 cm<\/li>\n<li>Longitud Insertable: 17,78 cm<\/li>\n<li>Longitud Extensi\u00f3n: 5 cm<\/li>\n<li>Di\u00e1metro: 6,35 cm<\/li>\n<li>Material: TPR<\/li>\n<\/ul>","protected":false},"excerpt":{"rendered":"<p>TOM OF FINLAND &#8211; CLEAR REALISTIC COCK ENHANCER<\/p>","protected":false},"featured_media":40782,"comment_status":"open","ping_status":"closed","template":"","meta":{"_monsterinsights_skip_tracking":false,"_monsterinsights_sitenote_active":false,"_monsterinsights_sitenote_note":"","_monsterinsights_sitenote_category":0,"_joinchat":[]},"product_brand":[],"product_cat":[1170,1184,1298,1152,1160],"product_tag":[],"class_list":{"0":"post-26033","1":"product","2":"type-product","3":"status-publish","4":"has-post-thumbnail","6":"product_cat-juguetes-bienestar-juguetes-para-hombresaccesorios-para-el-pene","7":"product_cat-juguetes-bienestar-juguetes-para-hombresaccesorios-para-el-peneextensiones-para-el-pene","8":"product_cat-juguetes-bienestar-juguetes-para-hombresaccesorios-para-el-penefundas","9":"product_cat-juguetes-bienestar","10":"product_cat-juguetes-bienestar-juguetes-para-hombres","11":"yith_product_brand-tom-of-finland","13":"first","14":"instock","15":"taxable","16":"shipping-taxable","17":"purchasable","18":"product-type-simple"},"aioseo_notices":[],"_links":{"self":[{"href":"https:\/\/www.mysexualfantasy.eu\/en\/wp-json\/wp\/v2\/product\/26033","targetHints":{"allow":["GET"]}}],"collection":[{"href":"https:\/\/www.mysexualfantasy.eu\/en\/wp-json\/wp\/v2\/product"}],"about":[{"href":"https:\/\/www.mysexualfantasy.eu\/en\/wp-json\/wp\/v2\/types\/product"}],"replies":[{"embeddable":true,"href":"https:\/\/www.mysexualfantasy.eu\/en\/wp-json\/wp\/v2\/comments?post=26033"}],"wp:featuredmedia":[{"embeddable":true,"href":"https:\/\/www.mysexualfantasy.eu\/en\/wp-json\/wp\/v2\/media\/40782"}],"wp:attachment":[{"href":"https:\/\/www.mysexualfantasy.eu\/en\/wp-json\/wp\/v2\/media?parent=26033"}],"wp:term":[{"taxonomy":"product_brand","embeddable":true,"href":"https:\/\/www.mysexualfantasy.eu\/en\/wp-json\/wp\/v2\/product_brand?post=26033"},{"taxonomy":"product_cat","embeddable":true,"href":"https:\/\/www.mysexualfantasy.eu\/en\/wp-json\/wp\/v2\/product_cat?post=26033"},{"taxonomy":"product_tag","embeddable":true,"href":"https:\/\/www.mysexualfantasy.eu\/en\/wp-json\/wp\/v2\/product_tag?post=26033"}],"curies":[{"name":"wp","href":"https:\/\/api.w.org\/{rel}","templated":true}]}}