{"id":26036,"date":"2023-01-13T11:37:48","date_gmt":"2023-01-13T11:37:48","guid":{"rendered":"https:\/\/www.mysexualfantasy.eu\/?post_type=product&#038;p=26036"},"modified":"2023-12-06T14:50:10","modified_gmt":"2023-12-06T14:50:10","slug":"tom-of-finland-bolas-anales","status":"publish","type":"product","link":"https:\/\/www.mysexualfantasy.eu\/en\/product\/tom-of-finland-bolas-anales\/","title":{"rendered":"TOM OF FINLAND &#8211; BOLAS ANALES"},"content":{"rendered":"<p>Estas bolas anales est\u00e1n hechas de silicona de primera calidad y cuentan con un cable de recuperaci\u00f3n. Son de acero s\u00f3lido para una sensaci\u00f3n m\u00e1s pesada.<\/p>\n<p>Caracter\u00edsticas:<\/p>\n<ul>\n<li>Longitud total: 24,13 cm<\/li>\n<li>Longitud Insertable: 14 cm<\/li>\n<li>Di\u00e1metro: 5,7 cm<\/li>\n<li>Material: Silicona y Acero<\/li>\n<\/ul>\n<p>Peso de las bolas: 595 gramos<\/p>","protected":false},"excerpt":{"rendered":"<p>TOM OF FINLAND WEIGHTED ANAL BALLS<\/p>","protected":false},"featured_media":39868,"comment_status":"open","ping_status":"closed","template":"","meta":{"_monsterinsights_skip_tracking":false,"_monsterinsights_sitenote_active":false,"_monsterinsights_sitenote_note":"","_monsterinsights_sitenote_category":0,"_joinchat":[]},"product_brand":[],"product_cat":[1158,1159,1152],"product_tag":[],"class_list":{"0":"post-26036","1":"product","2":"type-product","3":"status-publish","4":"has-post-thumbnail","6":"product_cat-juguetes-bienestar-bolas","7":"product_cat-juguetes-bienestar-bolasbolas-anales","8":"product_cat-juguetes-bienestar","9":"yith_product_brand-tom-of-finland","11":"first","12":"instock","13":"taxable","14":"shipping-taxable","15":"purchasable","16":"product-type-simple"},"aioseo_notices":[],"_links":{"self":[{"href":"https:\/\/www.mysexualfantasy.eu\/en\/wp-json\/wp\/v2\/product\/26036","targetHints":{"allow":["GET"]}}],"collection":[{"href":"https:\/\/www.mysexualfantasy.eu\/en\/wp-json\/wp\/v2\/product"}],"about":[{"href":"https:\/\/www.mysexualfantasy.eu\/en\/wp-json\/wp\/v2\/types\/product"}],"replies":[{"embeddable":true,"href":"https:\/\/www.mysexualfantasy.eu\/en\/wp-json\/wp\/v2\/comments?post=26036"}],"wp:featuredmedia":[{"embeddable":true,"href":"https:\/\/www.mysexualfantasy.eu\/en\/wp-json\/wp\/v2\/media\/39868"}],"wp:attachment":[{"href":"https:\/\/www.mysexualfantasy.eu\/en\/wp-json\/wp\/v2\/media?parent=26036"}],"wp:term":[{"taxonomy":"product_brand","embeddable":true,"href":"https:\/\/www.mysexualfantasy.eu\/en\/wp-json\/wp\/v2\/product_brand?post=26036"},{"taxonomy":"product_cat","embeddable":true,"href":"https:\/\/www.mysexualfantasy.eu\/en\/wp-json\/wp\/v2\/product_cat?post=26036"},{"taxonomy":"product_tag","embeddable":true,"href":"https:\/\/www.mysexualfantasy.eu\/en\/wp-json\/wp\/v2\/product_tag?post=26036"}],"curies":[{"name":"wp","href":"https:\/\/api.w.org\/{rel}","templated":true}]}}