{"id":26037,"date":"2023-01-13T11:40:10","date_gmt":"2023-01-13T11:40:10","guid":{"rendered":"https:\/\/www.mysexualfantasy.eu\/?post_type=product&#038;p=26037"},"modified":"2023-12-06T14:51:25","modified_gmt":"2023-12-06T14:51:25","slug":"tom-of-finland-funda-pene-masturbador","status":"publish","type":"product","link":"https:\/\/www.mysexualfantasy.eu\/en\/product\/tom-of-finland-funda-pene-masturbador\/","title":{"rendered":"TOM OF FINLAND &#8211; FUNDA PENE MASTURBADOR"},"content":{"rendered":"<p>Funda para el pene nervada ultra suave y el\u00e1stica. La textura exterior le da un agarre firme, ya que la correa de bola toca de sus test\u00edculos en cada golpe. Tiene un acabado suave y aterciopelado y un extremo abierto para proporcionar el m\u00e1ximo placer para todos los tama\u00f1os y de f\u00e1cil limpieza.<\/p>\n<p>Viene con una placa de identificaci\u00f3n Tom of Finland.<\/p>\n<p>Caracter\u00edsticas:<\/p>\n<ul>\n<li>Longitud Total: 14 cm<\/li>\n<li>Di\u00e1metro: 6,35 cm<\/li>\n<li>Material: TPR<\/li>\n<\/ul>","protected":false},"excerpt":{"rendered":"<p>TOM OF FINLAND &#8211; STROKER SHEATH<\/p>","protected":false},"featured_media":40784,"comment_status":"open","ping_status":"closed","template":"","meta":{"_monsterinsights_skip_tracking":false,"_monsterinsights_sitenote_active":false,"_monsterinsights_sitenote_note":"","_monsterinsights_sitenote_category":0,"_joinchat":[]},"product_brand":[],"product_cat":[1170,1184,1152,1160],"product_tag":[],"class_list":{"0":"post-26037","1":"product","2":"type-product","3":"status-publish","4":"has-post-thumbnail","6":"product_cat-juguetes-bienestar-juguetes-para-hombresaccesorios-para-el-pene","7":"product_cat-juguetes-bienestar-juguetes-para-hombresaccesorios-para-el-peneextensiones-para-el-pene","8":"product_cat-juguetes-bienestar","9":"product_cat-juguetes-bienestar-juguetes-para-hombres","10":"yith_product_brand-tom-of-finland","12":"first","13":"instock","14":"taxable","15":"shipping-taxable","16":"purchasable","17":"product-type-simple"},"aioseo_notices":[],"_links":{"self":[{"href":"https:\/\/www.mysexualfantasy.eu\/en\/wp-json\/wp\/v2\/product\/26037","targetHints":{"allow":["GET"]}}],"collection":[{"href":"https:\/\/www.mysexualfantasy.eu\/en\/wp-json\/wp\/v2\/product"}],"about":[{"href":"https:\/\/www.mysexualfantasy.eu\/en\/wp-json\/wp\/v2\/types\/product"}],"replies":[{"embeddable":true,"href":"https:\/\/www.mysexualfantasy.eu\/en\/wp-json\/wp\/v2\/comments?post=26037"}],"wp:featuredmedia":[{"embeddable":true,"href":"https:\/\/www.mysexualfantasy.eu\/en\/wp-json\/wp\/v2\/media\/40784"}],"wp:attachment":[{"href":"https:\/\/www.mysexualfantasy.eu\/en\/wp-json\/wp\/v2\/media?parent=26037"}],"wp:term":[{"taxonomy":"product_brand","embeddable":true,"href":"https:\/\/www.mysexualfantasy.eu\/en\/wp-json\/wp\/v2\/product_brand?post=26037"},{"taxonomy":"product_cat","embeddable":true,"href":"https:\/\/www.mysexualfantasy.eu\/en\/wp-json\/wp\/v2\/product_cat?post=26037"},{"taxonomy":"product_tag","embeddable":true,"href":"https:\/\/www.mysexualfantasy.eu\/en\/wp-json\/wp\/v2\/product_tag?post=26037"}],"curies":[{"name":"wp","href":"https:\/\/api.w.org\/{rel}","templated":true}]}}