{"id":26043,"date":"2023-01-13T14:04:51","date_gmt":"2023-01-13T14:04:51","guid":{"rendered":"https:\/\/www.mysexualfantasy.eu\/?post_type=product&#038;p=26043"},"modified":"2023-12-06T16:20:50","modified_gmt":"2023-12-06T16:20:50","slug":"tom-of-finland-sabana-inflable-para-juegos-de-agua-negro","status":"publish","type":"product","link":"https:\/\/www.mysexualfantasy.eu\/en\/product\/tom-of-finland-sabana-inflable-para-juegos-de-agua-negro\/","title":{"rendered":"TOM OF FINLAND &#8211; S\u00c1BANA INFLABLE PARA JUEGOS DE AGUA NEGRO"},"content":{"rendered":"<p>Usa esta s\u00e1bana inflable en tu cama o en el suelo como escenario para tus actividades m\u00e1s placenteras.<\/p>\n<p>Ya sea que est\u00e9s involucrado en juegos h\u00famedos y desordenados, deportes acu\u00e1ticos o simplemente planees divertirte mucho, el borde hinchable mantendr\u00e1 todos los l\u00edquidos dentro de la s\u00e1bana a prueba de derrames.<\/p>\n<p>El dise\u00f1o liviano y duradero lo hace conveniente de usar, mientras que el material de vinilo es f\u00e1cil de limpiar y mantener.<\/p>\n<p>\u00a1Haz que tus fantas\u00edas se hagan realidad como nunca antes!<\/p>\n<ul>\n<li>Medidas: 199 x 172 cm<\/li>\n<li>Grosor: 0,25 mm<\/li>\n<\/ul>","protected":false},"excerpt":{"rendered":"<p>TOM OF FINLAND &#8211; WATER SPORT SHEET BLACK<\/p>","protected":false},"featured_media":64620,"comment_status":"open","ping_status":"closed","template":"","meta":{"_monsterinsights_skip_tracking":false,"_monsterinsights_sitenote_active":false,"_monsterinsights_sitenote_note":"","_monsterinsights_sitenote_category":0,"_joinchat":[]},"product_brand":[],"product_cat":[1240,1152,1375],"product_tag":[],"class_list":{"0":"post-26043","1":"product","2":"type-product","3":"status-publish","4":"has-post-thumbnail","6":"product_cat-articulos-varios","7":"product_cat-juguetes-bienestar","8":"product_cat-articulos-variossabanas","9":"yith_product_brand-tom-of-finland","11":"first","12":"instock","13":"taxable","14":"shipping-taxable","15":"purchasable","16":"product-type-simple"},"aioseo_notices":[],"_links":{"self":[{"href":"https:\/\/www.mysexualfantasy.eu\/en\/wp-json\/wp\/v2\/product\/26043","targetHints":{"allow":["GET"]}}],"collection":[{"href":"https:\/\/www.mysexualfantasy.eu\/en\/wp-json\/wp\/v2\/product"}],"about":[{"href":"https:\/\/www.mysexualfantasy.eu\/en\/wp-json\/wp\/v2\/types\/product"}],"replies":[{"embeddable":true,"href":"https:\/\/www.mysexualfantasy.eu\/en\/wp-json\/wp\/v2\/comments?post=26043"}],"wp:featuredmedia":[{"embeddable":true,"href":"https:\/\/www.mysexualfantasy.eu\/en\/wp-json\/wp\/v2\/media\/64620"}],"wp:attachment":[{"href":"https:\/\/www.mysexualfantasy.eu\/en\/wp-json\/wp\/v2\/media?parent=26043"}],"wp:term":[{"taxonomy":"product_brand","embeddable":true,"href":"https:\/\/www.mysexualfantasy.eu\/en\/wp-json\/wp\/v2\/product_brand?post=26043"},{"taxonomy":"product_cat","embeddable":true,"href":"https:\/\/www.mysexualfantasy.eu\/en\/wp-json\/wp\/v2\/product_cat?post=26043"},{"taxonomy":"product_tag","embeddable":true,"href":"https:\/\/www.mysexualfantasy.eu\/en\/wp-json\/wp\/v2\/product_tag?post=26043"}],"curies":[{"name":"wp","href":"https:\/\/api.w.org\/{rel}","templated":true}]}}