{"id":26045,"date":"2023-01-13T11:38:23","date_gmt":"2023-01-13T11:38:23","guid":{"rendered":"https:\/\/www.mysexualfantasy.eu\/?post_type=product&#038;p=26045"},"modified":"2023-12-06T15:50:33","modified_gmt":"2023-12-06T15:50:33","slug":"tom-of-finland-pekkas-dildo-realistico","status":"publish","type":"product","link":"https:\/\/www.mysexualfantasy.eu\/en\/product\/tom-of-finland-pekkas-dildo-realistico\/","title":{"rendered":"TOM OF FINLAND &#8211; PEKKA&#8217;S DILDO REALISTICO"},"content":{"rendered":"<p style=\"box-sizing: border-box; margin: 0px 0px 10px; background-color: rgb(255, 255, 255);\">\u00a0<\/p>\n<p>Da un paseo por la enorme erecci\u00f3n de Pekkas, esculpida a mano con obras de arte originales de Tom of Finland.<\/p>\n<p>Succiona la base a cualquier superficie lisa y dura o usa tus manos para empujar a este chico grande dentro de ti.<\/p>\n<p>Te encantar\u00e1 la sensaci\u00f3n de la textura realista desliz\u00e1ndose hacia adentro y hacia afuera. Esta herramienta de placer es libre de ftalatos y se limpia f\u00e1cilmente con jab\u00f3n suave y agua tibia.<\/p>\n<ul>\n<li>Longitud Total: 27,94 cm<\/li>\n<li>Longitud Insertable: 22,86 cm<\/li>\n<li>Di\u00e1metro: 5 cm (sin test\u00edculos)<\/li>\n<\/ul>","protected":false},"excerpt":{"rendered":"<p>TOM OF FINLAND &#8211; PEKKA&#8217;S COCK SKIN<\/p>","protected":false},"featured_media":40102,"comment_status":"open","ping_status":"closed","template":"","meta":{"_monsterinsights_skip_tracking":false,"_monsterinsights_sitenote_active":false,"_monsterinsights_sitenote_note":"","_monsterinsights_sitenote_category":0,"_joinchat":[]},"product_brand":[],"product_cat":[1182,1303,1152],"product_tag":[],"class_list":{"0":"post-26045","1":"product","2":"type-product","3":"status-publish","4":"has-post-thumbnail","6":"product_cat-juguetes-bienestar-dildos","7":"product_cat-juguetes-bienestar-dildosdildos-punto-g","8":"product_cat-juguetes-bienestar","9":"yith_product_brand-tom-of-finland","11":"first","12":"instock","13":"taxable","14":"shipping-taxable","15":"purchasable","16":"product-type-simple"},"aioseo_notices":[],"_links":{"self":[{"href":"https:\/\/www.mysexualfantasy.eu\/en\/wp-json\/wp\/v2\/product\/26045","targetHints":{"allow":["GET"]}}],"collection":[{"href":"https:\/\/www.mysexualfantasy.eu\/en\/wp-json\/wp\/v2\/product"}],"about":[{"href":"https:\/\/www.mysexualfantasy.eu\/en\/wp-json\/wp\/v2\/types\/product"}],"replies":[{"embeddable":true,"href":"https:\/\/www.mysexualfantasy.eu\/en\/wp-json\/wp\/v2\/comments?post=26045"}],"wp:featuredmedia":[{"embeddable":true,"href":"https:\/\/www.mysexualfantasy.eu\/en\/wp-json\/wp\/v2\/media\/40102"}],"wp:attachment":[{"href":"https:\/\/www.mysexualfantasy.eu\/en\/wp-json\/wp\/v2\/media?parent=26045"}],"wp:term":[{"taxonomy":"product_brand","embeddable":true,"href":"https:\/\/www.mysexualfantasy.eu\/en\/wp-json\/wp\/v2\/product_brand?post=26045"},{"taxonomy":"product_cat","embeddable":true,"href":"https:\/\/www.mysexualfantasy.eu\/en\/wp-json\/wp\/v2\/product_cat?post=26045"},{"taxonomy":"product_tag","embeddable":true,"href":"https:\/\/www.mysexualfantasy.eu\/en\/wp-json\/wp\/v2\/product_tag?post=26045"}],"curies":[{"name":"wp","href":"https:\/\/api.w.org\/{rel}","templated":true}]}}