{"id":26127,"date":"2023-01-13T14:35:12","date_gmt":"2023-01-13T14:35:12","guid":{"rendered":"https:\/\/www.mysexualfantasy.eu\/?post_type=product&#038;p=26127"},"modified":"2023-12-06T16:01:52","modified_gmt":"2023-12-06T16:01:52","slug":"pretty-love-funda-silicona-con-vibracion-14-cm-2","status":"publish","type":"product","link":"https:\/\/www.mysexualfantasy.eu\/en\/product\/pretty-love-funda-silicona-con-vibracion-14-cm-2\/","title":{"rendered":"PRETTY LOVE FUNDA SILICONA CON VIBRACION 14 CM 2.0"},"content":{"rendered":"<p>Porque el tama\u00f1o si importa, ahora Pretty Love trae esta funda de silicona\u00a0para que puedas alcanzar hasta los 15.2 cm. Est\u00e1 hecho con silicona\u00a0de\u00a0primera calidad, resistente al agua\u00a0para que puedas usarla en la ducha o spa, con anillo de sujeci\u00f3n en los test\u00edculos e incorpora una bala vibradora y rabbit con lo que aumentareis el placer en pareja. \u00a0Adem\u00e1s de ganar unos cent\u00edmetros en longitud y grosor de m\u00e1s, es perfecto para personas con eyaculaci\u00f3n precoz o disfunci\u00f3n erectil para poder seguir disfrutando.\u00a0<\/p>\n<p>Caracter\u00edsticas.<\/p>\n<ul>\n<li>Funda pene silicona de alta calidad con vibraci\u00f3n y estimulaci\u00f3n clitorial.<\/li>\n<li>Material: Silicona de alta calidad.<\/li>\n<li>Con texturas en la parte exterior<\/li>\n<li>Longitud total: 14\u00a0cm<\/li>\n<li>Anillo para agarrarlo en los test\u00edculos y retrasar eyaculaci\u00f3n.<\/li>\n<li>Perfecto para personas con eyaculaci\u00f3n precoz y disfunci\u00f3n erectil<\/li>\n<li>Resistente al agua<\/li>\n<li>Pilas: 3xLR41<\/li>\n<li>Pilas:2xLR1130<\/li>\n<li>Color: Negro<\/li>\n<\/ul>\n<p style=\"line-height: 16.64px;\"><span style=\"line-height: 16.64px;\">Pretty Love fabrica productos con exigentes normas de calidad, todos sus productos estan dise\u00f1ados en Estados Unidos y tienen 1 a\u00f1o de garant\u00eda en defectos t\u00e9cnicos.<\/span><\/p>","protected":false},"excerpt":{"rendered":"<p>PRETTY LOVE VIBRATING SILICONE SLEEVE 14 CM<\/p>","protected":false},"featured_media":69255,"comment_status":"open","ping_status":"closed","template":"","meta":{"_monsterinsights_skip_tracking":false,"_monsterinsights_sitenote_active":false,"_monsterinsights_sitenote_note":"","_monsterinsights_sitenote_category":0,"_joinchat":[]},"product_brand":[],"product_cat":[1170,1156,1298,1152,1160,1155,1163],"product_tag":[],"class_list":{"0":"post-26127","1":"product","2":"type-product","3":"status-publish","4":"has-post-thumbnail","6":"product_cat-juguetes-bienestar-juguetes-para-hombresaccesorios-para-el-pene","7":"product_cat-juguetes-bienestar-juguetes-para-mujeresestimuladores","8":"product_cat-juguetes-bienestar-juguetes-para-hombresaccesorios-para-el-penefundas","9":"product_cat-juguetes-bienestar","10":"product_cat-juguetes-bienestar-juguetes-para-hombres","11":"product_cat-juguetes-bienestar-juguetes-para-mujeres","12":"product_cat-juguetes-bienestar-juguetes-para-mujeresestimuladorespara-clitoris","13":"yith_product_brand-pretty-love","14":"yith_product_brand-pretty-lovepretty-love-male","16":"first","17":"instock","18":"taxable","19":"shipping-taxable","20":"purchasable","21":"product-type-simple"},"aioseo_notices":[],"_links":{"self":[{"href":"https:\/\/www.mysexualfantasy.eu\/en\/wp-json\/wp\/v2\/product\/26127","targetHints":{"allow":["GET"]}}],"collection":[{"href":"https:\/\/www.mysexualfantasy.eu\/en\/wp-json\/wp\/v2\/product"}],"about":[{"href":"https:\/\/www.mysexualfantasy.eu\/en\/wp-json\/wp\/v2\/types\/product"}],"replies":[{"embeddable":true,"href":"https:\/\/www.mysexualfantasy.eu\/en\/wp-json\/wp\/v2\/comments?post=26127"}],"wp:featuredmedia":[{"embeddable":true,"href":"https:\/\/www.mysexualfantasy.eu\/en\/wp-json\/wp\/v2\/media\/69255"}],"wp:attachment":[{"href":"https:\/\/www.mysexualfantasy.eu\/en\/wp-json\/wp\/v2\/media?parent=26127"}],"wp:term":[{"taxonomy":"product_brand","embeddable":true,"href":"https:\/\/www.mysexualfantasy.eu\/en\/wp-json\/wp\/v2\/product_brand?post=26127"},{"taxonomy":"product_cat","embeddable":true,"href":"https:\/\/www.mysexualfantasy.eu\/en\/wp-json\/wp\/v2\/product_cat?post=26127"},{"taxonomy":"product_tag","embeddable":true,"href":"https:\/\/www.mysexualfantasy.eu\/en\/wp-json\/wp\/v2\/product_tag?post=26127"}],"curies":[{"name":"wp","href":"https:\/\/api.w.org\/{rel}","templated":true}]}}