{"id":26162,"date":"2023-01-13T14:35:20","date_gmt":"2023-01-13T14:35:20","guid":{"rendered":"https:\/\/www.mysexualfantasy.eu\/?post_type=product&#038;p=26162"},"modified":"2023-12-06T16:01:56","modified_gmt":"2023-12-06T16:01:56","slug":"pretty-love-anillo-vibrador-con-lengua","status":"publish","type":"product","link":"https:\/\/www.mysexualfantasy.eu\/en\/product\/pretty-love-anillo-vibrador-con-lengua\/","title":{"rendered":"PRETTY LOVE ANILLO VIBRADOR CON LENGUA"},"content":{"rendered":"<p>Este anillo vibrador es ideal para las parejas modernas que\u00a0quieren\u00a0a\u00f1adir algo nuevo a su vida sexual.<\/p>\n<p>Su material el\u00e1stico se ajusta perfectamente sobre la base del pene y test\u00edculos, manteniendo la sangre en el pene y ayud\u00e1ndote a conseguir erecciones m\u00e1s potentes y duraderas, proporcion\u00e1ndote pasar a ti a tu pareja momentos m\u00e1s largos y placenteros. Est\u00e1 hecho de silicona de alta calidad,\u00a0se ajusta a todos los tama\u00f1os, es silencioso y\u00a0se controla f\u00e1cilmente\u00a0con el bot\u00f3n ON\/OFF.<\/p>\n<p>Es ideal tanto para las parejas como para jugar a solas.<\/p>\n<ul>\n<li>Fuertes vibraciones<\/li>\n<li>Alta estimulaci\u00f3n\u00a0<\/li>\n<li>Muy confortable\u00a0<\/li>\n<li>Texturado para una alta estimulaci\u00f3n del cl\u00edtoris\u00a0<\/li>\n<li>Silicona de alta calidad\u00a0<\/li>\n<\/ul>\n<p>Pretty Love fabrica productos de alta calidad. Tienen 1 a\u00f1o de garant\u00eda en defectos t\u00e9cnicos.<\/p>\n<p>\u00a0<\/p>\n<p>\u00a0<\/p>","protected":false},"excerpt":{"rendered":"<p>PRETTY LOVE VIBRATING SILICONE RING WITH TONGUE<\/p>","protected":false},"featured_media":69280,"comment_status":"open","ping_status":"closed","template":"","meta":{"_monsterinsights_skip_tracking":false,"_monsterinsights_sitenote_active":false,"_monsterinsights_sitenote_note":"","_monsterinsights_sitenote_category":0,"_joinchat":[]},"product_brand":[],"product_cat":[1170,1172,1171,1156,1152,1160,1155,1163],"product_tag":[],"class_list":{"0":"post-26162","1":"product","2":"type-product","3":"status-publish","4":"has-post-thumbnail","6":"product_cat-juguetes-bienestar-juguetes-para-hombresaccesorios-para-el-pene","7":"product_cat-juguetes-bienestar-juguetes-para-hombresaccesorios-para-el-peneanillos-peneanillos-con-vibracion","8":"product_cat-juguetes-bienestar-juguetes-para-hombresaccesorios-para-el-peneanillos-pene","9":"product_cat-juguetes-bienestar-juguetes-para-mujeresestimuladores","10":"product_cat-juguetes-bienestar","11":"product_cat-juguetes-bienestar-juguetes-para-hombres","12":"product_cat-juguetes-bienestar-juguetes-para-mujeres","13":"product_cat-juguetes-bienestar-juguetes-para-mujeresestimuladorespara-clitoris","14":"yith_product_brand-pretty-love","15":"yith_product_brand-pretty-lovepretty-love-male","17":"first","18":"instock","19":"taxable","20":"shipping-taxable","21":"purchasable","22":"product-type-simple"},"aioseo_notices":[],"_links":{"self":[{"href":"https:\/\/www.mysexualfantasy.eu\/en\/wp-json\/wp\/v2\/product\/26162","targetHints":{"allow":["GET"]}}],"collection":[{"href":"https:\/\/www.mysexualfantasy.eu\/en\/wp-json\/wp\/v2\/product"}],"about":[{"href":"https:\/\/www.mysexualfantasy.eu\/en\/wp-json\/wp\/v2\/types\/product"}],"replies":[{"embeddable":true,"href":"https:\/\/www.mysexualfantasy.eu\/en\/wp-json\/wp\/v2\/comments?post=26162"}],"wp:featuredmedia":[{"embeddable":true,"href":"https:\/\/www.mysexualfantasy.eu\/en\/wp-json\/wp\/v2\/media\/69280"}],"wp:attachment":[{"href":"https:\/\/www.mysexualfantasy.eu\/en\/wp-json\/wp\/v2\/media?parent=26162"}],"wp:term":[{"taxonomy":"product_brand","embeddable":true,"href":"https:\/\/www.mysexualfantasy.eu\/en\/wp-json\/wp\/v2\/product_brand?post=26162"},{"taxonomy":"product_cat","embeddable":true,"href":"https:\/\/www.mysexualfantasy.eu\/en\/wp-json\/wp\/v2\/product_cat?post=26162"},{"taxonomy":"product_tag","embeddable":true,"href":"https:\/\/www.mysexualfantasy.eu\/en\/wp-json\/wp\/v2\/product_tag?post=26162"}],"curies":[{"name":"wp","href":"https:\/\/api.w.org\/{rel}","templated":true}]}}