{"id":26222,"date":"2023-01-13T14:50:03","date_gmt":"2023-01-13T14:50:03","guid":{"rendered":"https:\/\/www.mysexualfantasy.eu\/?post_type=product&#038;p=26222"},"modified":"2023-12-06T15:20:54","modified_gmt":"2023-12-06T15:20:54","slug":"aria-travel-play-juego-dados-es-en-fr","status":"publish","type":"product","link":"https:\/\/www.mysexualfantasy.eu\/en\/product\/aria-travel-play-juego-dados-es-en-fr\/","title":{"rendered":"ARIA &#8211; TRAVEL PLAY JUEGO DADOS"},"content":{"rendered":"<p>\u00a1D\u00e9jate sorprender! Lanza los dados y deja que el azar haga el resto. Uno de los dados marcar\u00e1 el juego y el otro la zona de acci\u00f3n. Luego le tocar\u00e1 a tu pareja. Dise\u00f1ados con amor para llevarte a lugares inimaginables.<\/p>\n<ul>\n<li>Idioma:\u00a0Frances, ingl\u00e9s y\u00a0espa\u00f1ol<\/li>\n<\/ul>","protected":false},"excerpt":{"rendered":"<p>PACKAGING DISPONIBLE EN: \/en\/es\/fr\/<\/p>","protected":false},"featured_media":71763,"comment_status":"open","ping_status":"closed","template":"","meta":{"_monsterinsights_skip_tracking":false,"_monsterinsights_sitenote_active":false,"_monsterinsights_sitenote_note":"","_monsterinsights_sitenote_category":0,"_joinchat":[]},"product_brand":[],"product_cat":[1237,616,1267,1271,1236],"product_tag":[],"class_list":{"0":"post-26222","1":"product","2":"type-product","3":"status-publish","4":"has-post-thumbnail","6":"product_cat-juegos-juego-de-dados","7":"product_cat-juegos","8":"product_cat-juegos-juegos-en-espanol","9":"product_cat-juegos-juegos-en-frances","10":"product_cat-juegos-juegos-en-ingles","11":"yith_product_brand-aria","13":"first","14":"instock","15":"taxable","16":"shipping-taxable","17":"purchasable","18":"product-type-simple"},"aioseo_notices":[],"_links":{"self":[{"href":"https:\/\/www.mysexualfantasy.eu\/en\/wp-json\/wp\/v2\/product\/26222","targetHints":{"allow":["GET"]}}],"collection":[{"href":"https:\/\/www.mysexualfantasy.eu\/en\/wp-json\/wp\/v2\/product"}],"about":[{"href":"https:\/\/www.mysexualfantasy.eu\/en\/wp-json\/wp\/v2\/types\/product"}],"replies":[{"embeddable":true,"href":"https:\/\/www.mysexualfantasy.eu\/en\/wp-json\/wp\/v2\/comments?post=26222"}],"wp:featuredmedia":[{"embeddable":true,"href":"https:\/\/www.mysexualfantasy.eu\/en\/wp-json\/wp\/v2\/media\/71763"}],"wp:attachment":[{"href":"https:\/\/www.mysexualfantasy.eu\/en\/wp-json\/wp\/v2\/media?parent=26222"}],"wp:term":[{"taxonomy":"product_brand","embeddable":true,"href":"https:\/\/www.mysexualfantasy.eu\/en\/wp-json\/wp\/v2\/product_brand?post=26222"},{"taxonomy":"product_cat","embeddable":true,"href":"https:\/\/www.mysexualfantasy.eu\/en\/wp-json\/wp\/v2\/product_cat?post=26222"},{"taxonomy":"product_tag","embeddable":true,"href":"https:\/\/www.mysexualfantasy.eu\/en\/wp-json\/wp\/v2\/product_tag?post=26222"}],"curies":[{"name":"wp","href":"https:\/\/api.w.org\/{rel}","templated":true}]}}