{"id":26223,"date":"2023-01-13T14:50:49","date_gmt":"2023-01-13T14:50:49","guid":{"rendered":"https:\/\/www.mysexualfantasy.eu\/?post_type=product&#038;p=26223"},"modified":"2023-12-06T15:21:27","modified_gmt":"2023-12-06T15:21:27","slug":"aria-play-juego-chrono-kamasutra-es-pt-de-fr-it-en","status":"publish","type":"product","link":"https:\/\/www.mysexualfantasy.eu\/en\/product\/aria-play-juego-chrono-kamasutra-es-pt-de-fr-it-en\/","title":{"rendered":"ARIA &#8211; PLAY JUEGO CHRONO KAMASUTRA"},"content":{"rendered":"<p>Lanza el dado y practica la postura del kamasutra. El reloj marcar\u00e1 cuanto tiempo te queda, al final ser\u00e1 tu pareja quien tire el dado. \u00a1Quien llegue antes al orgasmo pierde!\u00a0<\/p>\n<ul>\n<li>Instrucciones en espa\u00f1ol, ingl\u00e9s, alem\u00e1n, Frances, Portugues, italiano.<\/li>\n<\/ul>","protected":false},"excerpt":{"rendered":"<p>PACKAGING DISPONIBLE EN: \/en\/es\/fr\/pt\/de\/it<\/p>","protected":false},"featured_media":71860,"comment_status":"open","ping_status":"closed","template":"","meta":{"_monsterinsights_skip_tracking":false,"_monsterinsights_sitenote_active":false,"_monsterinsights_sitenote_note":"","_monsterinsights_sitenote_category":0,"_joinchat":[]},"product_brand":[],"product_cat":[616,1234,1232,1272,1267,1271,1236,1274,1273],"product_tag":[],"class_list":{"0":"post-26223","1":"product","2":"type-product","3":"status-publish","4":"has-post-thumbnail","6":"product_cat-juegos","7":"product_cat-juegos-juegos-de-mesa","8":"product_cat-juegos-juegos-de-pareja","9":"product_cat-juegos-juegos-en-aleman","10":"product_cat-juegos-juegos-en-espanol","11":"product_cat-juegos-juegos-en-frances","12":"product_cat-juegos-juegos-en-ingles","13":"product_cat-juegos-juegos-en-italiano","14":"product_cat-juegos-juegos-en-portugues","15":"yith_product_brand-aria","17":"first","18":"instock","19":"taxable","20":"shipping-taxable","21":"purchasable","22":"product-type-simple"},"aioseo_notices":[],"_links":{"self":[{"href":"https:\/\/www.mysexualfantasy.eu\/en\/wp-json\/wp\/v2\/product\/26223","targetHints":{"allow":["GET"]}}],"collection":[{"href":"https:\/\/www.mysexualfantasy.eu\/en\/wp-json\/wp\/v2\/product"}],"about":[{"href":"https:\/\/www.mysexualfantasy.eu\/en\/wp-json\/wp\/v2\/types\/product"}],"replies":[{"embeddable":true,"href":"https:\/\/www.mysexualfantasy.eu\/en\/wp-json\/wp\/v2\/comments?post=26223"}],"wp:featuredmedia":[{"embeddable":true,"href":"https:\/\/www.mysexualfantasy.eu\/en\/wp-json\/wp\/v2\/media\/71860"}],"wp:attachment":[{"href":"https:\/\/www.mysexualfantasy.eu\/en\/wp-json\/wp\/v2\/media?parent=26223"}],"wp:term":[{"taxonomy":"product_brand","embeddable":true,"href":"https:\/\/www.mysexualfantasy.eu\/en\/wp-json\/wp\/v2\/product_brand?post=26223"},{"taxonomy":"product_cat","embeddable":true,"href":"https:\/\/www.mysexualfantasy.eu\/en\/wp-json\/wp\/v2\/product_cat?post=26223"},{"taxonomy":"product_tag","embeddable":true,"href":"https:\/\/www.mysexualfantasy.eu\/en\/wp-json\/wp\/v2\/product_tag?post=26223"}],"curies":[{"name":"wp","href":"https:\/\/api.w.org\/{rel}","templated":true}]}}