{"id":26224,"date":"2023-01-13T14:50:13","date_gmt":"2023-01-13T14:50:13","guid":{"rendered":"https:\/\/www.mysexualfantasy.eu\/?post_type=product&#038;p=26224"},"modified":"2023-12-06T15:21:00","modified_gmt":"2023-12-06T15:21:00","slug":"aria-dice-juego-dados-grupo-es-en-pt","status":"publish","type":"product","link":"https:\/\/www.mysexualfantasy.eu\/en\/product\/aria-dice-juego-dados-grupo-es-en-pt\/","title":{"rendered":"ARIA &#8211; JUEGO DADOS FIESTA ER\u00d3TICA"},"content":{"rendered":"<p>Los participantes del juego se sentar\u00e1n en circulo y se elegir\u00e1 uno al azar para que empiece el turno. El jugador que empiece el juego lanzar\u00e1 el dado negro (acci\u00f3n) y un dado de color (zonas del cuerpo) todos los dem\u00e1s jugadores deber\u00e1n lanzar un dado de un color. El jugador del dado negro realizar\u00e1 la acci\u00f3n a la persona cuyo dado coincida con el resultado del suyo. El pr\u00f3ximo turno lanzar\u00e1 el dado negro del jugador a su izquierda (en sentido de las agujas del reloj) Si dos o m\u00e1s jugadores coinciden en resultado con el due\u00f1o del dado negro, este elegir\u00e1 con cual realiza la acci\u00f3n. Cuando en el dado aparezca \u201c?\u201d el jugador due\u00f1o del dado negro elegir\u00e1 la parte del dado que prefiera. No se\u00e1is t\u00edmidos. \u00a1\u00a1No hay l\u00edmites de jugadores, que empiece la fiesta!!<\/p>\n<ul>\n<li>Instrucciones en espa\u00f1ol, ingl\u00e9s y portugues.<\/li>\n<\/ul>","protected":false},"excerpt":{"rendered":"<p>PACKAGING DISPONIBLE EN: \/en\/es\/pt\/<\/p>","protected":false},"featured_media":71786,"comment_status":"open","ping_status":"closed","template":"","meta":{"_monsterinsights_skip_tracking":false,"_monsterinsights_sitenote_active":false,"_monsterinsights_sitenote_note":"","_monsterinsights_sitenote_category":0,"_joinchat":[]},"product_brand":[],"product_cat":[1237,616,1267,1236,1273],"product_tag":[],"class_list":{"0":"post-26224","1":"product","2":"type-product","3":"status-publish","4":"has-post-thumbnail","6":"product_cat-juegos-juego-de-dados","7":"product_cat-juegos","8":"product_cat-juegos-juegos-en-espanol","9":"product_cat-juegos-juegos-en-ingles","10":"product_cat-juegos-juegos-en-portugues","11":"yith_product_brand-aria","13":"first","14":"instock","15":"taxable","16":"shipping-taxable","17":"purchasable","18":"product-type-simple"},"aioseo_notices":[],"_links":{"self":[{"href":"https:\/\/www.mysexualfantasy.eu\/en\/wp-json\/wp\/v2\/product\/26224","targetHints":{"allow":["GET"]}}],"collection":[{"href":"https:\/\/www.mysexualfantasy.eu\/en\/wp-json\/wp\/v2\/product"}],"about":[{"href":"https:\/\/www.mysexualfantasy.eu\/en\/wp-json\/wp\/v2\/types\/product"}],"replies":[{"embeddable":true,"href":"https:\/\/www.mysexualfantasy.eu\/en\/wp-json\/wp\/v2\/comments?post=26224"}],"wp:featuredmedia":[{"embeddable":true,"href":"https:\/\/www.mysexualfantasy.eu\/en\/wp-json\/wp\/v2\/media\/71786"}],"wp:attachment":[{"href":"https:\/\/www.mysexualfantasy.eu\/en\/wp-json\/wp\/v2\/media?parent=26224"}],"wp:term":[{"taxonomy":"product_brand","embeddable":true,"href":"https:\/\/www.mysexualfantasy.eu\/en\/wp-json\/wp\/v2\/product_brand?post=26224"},{"taxonomy":"product_cat","embeddable":true,"href":"https:\/\/www.mysexualfantasy.eu\/en\/wp-json\/wp\/v2\/product_cat?post=26224"},{"taxonomy":"product_tag","embeddable":true,"href":"https:\/\/www.mysexualfantasy.eu\/en\/wp-json\/wp\/v2\/product_tag?post=26224"}],"curies":[{"name":"wp","href":"https:\/\/api.w.org\/{rel}","templated":true}]}}