{"id":26319,"date":"2023-01-13T13:07:00","date_gmt":"2023-01-13T13:07:00","guid":{"rendered":"https:\/\/www.mysexualfantasy.eu\/?post_type=product&#038;p=26319"},"modified":"2023-12-06T15:55:14","modified_gmt":"2023-12-06T15:55:14","slug":"addicted-toys-prostate-anal-pleasure-black","status":"publish","type":"product","link":"https:\/\/www.mysexualfantasy.eu\/en\/product\/addicted-toys-prostate-anal-pleasure-black\/","title":{"rendered":"ADDICTED TOYS &#8211; PROSTATE ANAL PLEASURE NEGRO"},"content":{"rendered":"<p>Descubre la estimulaci\u00f3n perfecta entre pr\u00f3stata, ano y perineo con el masajeador anal de Adicted toys. La innovadora tecnolog\u00eda de Adicted es el resultado de una intensa b\u00fasqueda del placer sexual realizada en cooperaci\u00f3n con ur\u00f3logos y sex\u00f3logos.<\/p>\n<p>Fabricado en TPR 100% es seguro para el cuerpo y puede utilizarse con cualquier lubricante.<\/p>\n<p>Con este estimulador prost\u00e1tico alcanzar\u00e1s niveles de estimulaci\u00f3n extremos.<\/p>\n<ul>\n<li>Medidas; 11.3cm longitud x 11.1cm de ancho en su mango y 2.6cm de di\u00e1metro penetraci\u00f3n.<\/li>\n<\/ul>\n<div>\n<p>Prep\u00e1rate para descubrir los placeres m\u00e1s ocultos solo o con tu pareja.<\/p>\n<p style=\"text-align: center;\"><iframe allow=\"accelerometer; autoplay; encrypted-media; gyroscope; picture-in-picture\" allowfullscreen=\"\" frameborder=\"0\" height=\"400\" scrolling=\"no\" src=\"https:\/\/www.youtube-nocookie.com\/embed\/wJ4Hi6zBGRI?rel=0controls=0showinfo=0\" width=\"850\"><\/iframe><\/p>\n<\/div>","protected":false},"excerpt":{"rendered":"<p>ADDICTED TOYS &#8211; PROSTATE ANAL PLEASURE BLACK<\/p>","protected":false},"featured_media":55671,"comment_status":"open","ping_status":"closed","template":"","meta":{"_monsterinsights_skip_tracking":false,"_monsterinsights_sitenote_active":false,"_monsterinsights_sitenote_note":"","_monsterinsights_sitenote_category":0,"_joinchat":[]},"product_brand":[],"product_cat":[1162,1306,1308,1152,1189],"product_tag":[],"class_list":{"0":"post-26319","1":"product","2":"type-product","3":"status-publish","4":"has-post-thumbnail","6":"product_cat-juguetes-bienestar-anal","7":"product_cat-juguetes-bienestar-analdildos-anales","8":"product_cat-juguetes-bienestar-analespecial-prostaticos","9":"product_cat-juguetes-bienestar","10":"product_cat-juguetes-bienestar-analplugs-anales","11":"yith_product_brand-addicted-toys","13":"first","14":"instock","15":"taxable","16":"shipping-taxable","17":"purchasable","18":"product-type-simple"},"aioseo_notices":[],"_links":{"self":[{"href":"https:\/\/www.mysexualfantasy.eu\/en\/wp-json\/wp\/v2\/product\/26319","targetHints":{"allow":["GET"]}}],"collection":[{"href":"https:\/\/www.mysexualfantasy.eu\/en\/wp-json\/wp\/v2\/product"}],"about":[{"href":"https:\/\/www.mysexualfantasy.eu\/en\/wp-json\/wp\/v2\/types\/product"}],"replies":[{"embeddable":true,"href":"https:\/\/www.mysexualfantasy.eu\/en\/wp-json\/wp\/v2\/comments?post=26319"}],"wp:featuredmedia":[{"embeddable":true,"href":"https:\/\/www.mysexualfantasy.eu\/en\/wp-json\/wp\/v2\/media\/55671"}],"wp:attachment":[{"href":"https:\/\/www.mysexualfantasy.eu\/en\/wp-json\/wp\/v2\/media?parent=26319"}],"wp:term":[{"taxonomy":"product_brand","embeddable":true,"href":"https:\/\/www.mysexualfantasy.eu\/en\/wp-json\/wp\/v2\/product_brand?post=26319"},{"taxonomy":"product_cat","embeddable":true,"href":"https:\/\/www.mysexualfantasy.eu\/en\/wp-json\/wp\/v2\/product_cat?post=26319"},{"taxonomy":"product_tag","embeddable":true,"href":"https:\/\/www.mysexualfantasy.eu\/en\/wp-json\/wp\/v2\/product_tag?post=26319"}],"curies":[{"name":"wp","href":"https:\/\/api.w.org\/{rel}","templated":true}]}}