{"id":26322,"date":"2023-01-13T13:07:03","date_gmt":"2023-01-13T13:07:03","guid":{"rendered":"https:\/\/www.mysexualfantasy.eu\/?post_type=product&#038;p=26322"},"modified":"2023-12-06T16:02:02","modified_gmt":"2023-12-06T16:02:02","slug":"addicted-toys-prostate-anal-massager-vibration","status":"publish","type":"product","link":"https:\/\/www.mysexualfantasy.eu\/en\/product\/addicted-toys-prostate-anal-massager-vibration\/","title":{"rendered":"ADDICTED TOYS PROSTATE ANAL MASSAGER VIBRATION"},"content":{"rendered":"<p>Descubre la estimulaci\u00f3n perfecta entre pr\u00f3stata, ano y perineo con el masajeador anal de Addicted toys. La innovadora tecnolog\u00eda de Adicted es el resultado de una intensa b\u00fasqueda del placer sexual realizada en cooperaci\u00f3n con ur\u00f3logos y sex\u00f3logos.<\/p>\n<p>Fabricado en TPR 100% es seguro para el cuerpo y puede utilizarse con cualquier lubricante.<\/p>\n<p>Con este estimulador prost\u00e1tico alcanzar\u00e1s niveles de estimulaci\u00f3n extremos gracias a su balita vibradora.<\/p>\n<ul>\n<li>Motor potente para una vibraci\u00f3n intensa<\/li>\n<li>Utiliza 3 pilas LR44 incluidas.<\/li>\n<\/ul>\n<p>\u00a1Prep\u00e1rate para descubrir los placeres m\u00e1s intensos!<\/p>\n<p>*Para conseguir una experiencia \u00f3ptima y poder disfrutar de manera placentera y sin sentir dolor, Addicted toys recomienda el uso de los lubricantes de la marca Black Hole<\/p>\n<p style=\"text-align: center;\"><iframe allow=\"accelerometer; autoplay; encrypted-media; gyroscope; picture-in-picture\" allowfullscreen=\"\" frameborder=\"0\" height=\"400\" scrolling=\"no\" src=\"https:\/\/www.youtube-nocookie.com\/embed\/wJ4Hi6zBGRI?rel=0controls=0showinfo=0\" width=\"850\"><\/iframe><\/p>","protected":false},"excerpt":{"rendered":"<p>ADDICTED TOYS PROSTATE ANAL MASSAGER VIBRATION<\/p>","protected":false},"featured_media":55684,"comment_status":"open","ping_status":"closed","template":"","meta":{"_monsterinsights_skip_tracking":false,"_monsterinsights_sitenote_active":false,"_monsterinsights_sitenote_note":"","_monsterinsights_sitenote_category":0,"_joinchat":[]},"product_brand":[],"product_cat":[1162,1308,1152,1155,1189,1309,1305],"product_tag":[],"class_list":{"0":"post-26322","1":"product","2":"type-product","3":"status-publish","4":"has-post-thumbnail","6":"product_cat-juguetes-bienestar-anal","7":"product_cat-juguetes-bienestar-analespecial-prostaticos","8":"product_cat-juguetes-bienestar","9":"product_cat-juguetes-bienestar-juguetes-para-mujeres","10":"product_cat-juguetes-bienestar-analplugs-anales","11":"product_cat-juguetes-bienestar-juguetes-para-mujerespunto-g","12":"product_cat-juguetes-bienestar-analvibradores-anales","13":"yith_product_brand-addicted-toys","15":"first","16":"instock","17":"taxable","18":"shipping-taxable","19":"purchasable","20":"product-type-simple"},"aioseo_notices":[],"_links":{"self":[{"href":"https:\/\/www.mysexualfantasy.eu\/en\/wp-json\/wp\/v2\/product\/26322","targetHints":{"allow":["GET"]}}],"collection":[{"href":"https:\/\/www.mysexualfantasy.eu\/en\/wp-json\/wp\/v2\/product"}],"about":[{"href":"https:\/\/www.mysexualfantasy.eu\/en\/wp-json\/wp\/v2\/types\/product"}],"replies":[{"embeddable":true,"href":"https:\/\/www.mysexualfantasy.eu\/en\/wp-json\/wp\/v2\/comments?post=26322"}],"wp:featuredmedia":[{"embeddable":true,"href":"https:\/\/www.mysexualfantasy.eu\/en\/wp-json\/wp\/v2\/media\/55684"}],"wp:attachment":[{"href":"https:\/\/www.mysexualfantasy.eu\/en\/wp-json\/wp\/v2\/media?parent=26322"}],"wp:term":[{"taxonomy":"product_brand","embeddable":true,"href":"https:\/\/www.mysexualfantasy.eu\/en\/wp-json\/wp\/v2\/product_brand?post=26322"},{"taxonomy":"product_cat","embeddable":true,"href":"https:\/\/www.mysexualfantasy.eu\/en\/wp-json\/wp\/v2\/product_cat?post=26322"},{"taxonomy":"product_tag","embeddable":true,"href":"https:\/\/www.mysexualfantasy.eu\/en\/wp-json\/wp\/v2\/product_tag?post=26322"}],"curies":[{"name":"wp","href":"https:\/\/api.w.org\/{rel}","templated":true}]}}