{"id":26375,"date":"2023-01-13T12:37:16","date_gmt":"2023-01-13T12:37:16","guid":{"rendered":"https:\/\/www.mysexualfantasy.eu\/?post_type=product&#038;p=26375"},"modified":"2023-12-06T16:20:36","modified_gmt":"2023-12-06T16:20:36","slug":"creamy-cum-lubricante-textura-semen-250ml","status":"publish","type":"product","link":"https:\/\/www.mysexualfantasy.eu\/en\/product\/creamy-cum-lubricante-textura-semen-250ml\/","title":{"rendered":"CREAMY &#8211; CUM LUBRICANTE TEXTURA SEMEN 250ML"},"content":{"rendered":"<p>Con un delicado color lechoso, <strong>CREAMY CUM<\/strong> es un gel lubricante acuoso y cremoso que produce a la perfecci\u00f3n la textura untuosa del esperma. M\u00e1s real que la vida misma, es la opci\u00f3n ideal para los amantes del realismo. Es tan sedoso y ultra deslizante que puede utilizarse tanto para la penetraci\u00f3n anal como vaginal.<\/p>\n<ul>\n<li><strong>Textura 100% semen<\/strong><\/li>\n<li><strong>Sin olor ni sabor.<\/strong><\/li>\n<li><strong>Base de Agua<\/strong><\/li>\n<\/ul>\n<p>La verdadera sensaci\u00f3n del semen ahora hecho lubricante!!<\/p>\n<p><strong>Envase de 250ml<\/strong><\/p>","protected":false},"excerpt":{"rendered":"<p>PACKAGING DISPONIBLE EN: \/en\/fr\/<\/p>","protected":false},"featured_media":52261,"comment_status":"open","ping_status":"closed","template":"","meta":{"_monsterinsights_skip_tracking":false,"_monsterinsights_sitenote_active":false,"_monsterinsights_sitenote_note":"","_monsterinsights_sitenote_category":0,"_joinchat":[]},"product_brand":[],"product_cat":[1203,1206,1370],"product_tag":[],"class_list":{"0":"post-26375","1":"product","2":"type-product","3":"status-publish","4":"has-post-thumbnail","6":"product_cat-drogueria","7":"product_cat-drogueria-lubricantes","8":"product_cat-drogueria-lubricantestacto-fluido-semen","9":"yith_product_brand-creamy","11":"first","12":"instock","13":"taxable","14":"shipping-taxable","15":"purchasable","16":"product-type-simple"},"aioseo_notices":[],"_links":{"self":[{"href":"https:\/\/www.mysexualfantasy.eu\/en\/wp-json\/wp\/v2\/product\/26375","targetHints":{"allow":["GET"]}}],"collection":[{"href":"https:\/\/www.mysexualfantasy.eu\/en\/wp-json\/wp\/v2\/product"}],"about":[{"href":"https:\/\/www.mysexualfantasy.eu\/en\/wp-json\/wp\/v2\/types\/product"}],"replies":[{"embeddable":true,"href":"https:\/\/www.mysexualfantasy.eu\/en\/wp-json\/wp\/v2\/comments?post=26375"}],"wp:featuredmedia":[{"embeddable":true,"href":"https:\/\/www.mysexualfantasy.eu\/en\/wp-json\/wp\/v2\/media\/52261"}],"wp:attachment":[{"href":"https:\/\/www.mysexualfantasy.eu\/en\/wp-json\/wp\/v2\/media?parent=26375"}],"wp:term":[{"taxonomy":"product_brand","embeddable":true,"href":"https:\/\/www.mysexualfantasy.eu\/en\/wp-json\/wp\/v2\/product_brand?post=26375"},{"taxonomy":"product_cat","embeddable":true,"href":"https:\/\/www.mysexualfantasy.eu\/en\/wp-json\/wp\/v2\/product_cat?post=26375"},{"taxonomy":"product_tag","embeddable":true,"href":"https:\/\/www.mysexualfantasy.eu\/en\/wp-json\/wp\/v2\/product_tag?post=26375"}],"curies":[{"name":"wp","href":"https:\/\/api.w.org\/{rel}","templated":true}]}}