{"id":26434,"date":"2023-01-13T14:43:09","date_gmt":"2023-01-13T14:43:09","guid":{"rendered":"https:\/\/www.mysexualfantasy.eu\/?post_type=product&#038;p=26434"},"modified":"2023-05-25T08:56:57","modified_gmt":"2023-05-25T08:56:57","slug":"obsessive-873-sea-1-set-2-piezas-con-tirantas-s-m","status":"publish","type":"product","link":"https:\/\/www.mysexualfantasy.eu\/en\/product\/obsessive-873-sea-1-set-2-piezas-con-tirantas-s-m\/","title":{"rendered":"OBSESSIVE &#8211; 873-SEA-1 SET 2 PIEZAS CON TIRANTAS S\/M"},"content":{"rendered":"<p>Este dise\u00f1o tan espectacular har\u00e1 que te sientas super sexy, Sus tirantas entre el sujetador y el tanga te dar\u00e1n un look muy seductor. Adem\u00e1s puedes quitar las tirantas cuando quieras y cambiar el dise\u00f1o. No lo dudes. Te encantar\u00e1 este set.\u00a0<\/p>\n<p>Caracter\u00edsticas.<\/p>\n<ul>\n<li>Set dos piezas colecci\u00f3n 873<\/li>\n<li>Sujetador con tirantas ajustables y multicierre.\u00a0<\/li>\n<li>Ajuste perfecto.\u00a0<\/li>\n<li>Elegantes bordados con preciosas flores doradas.\u00a0<\/li>\n<li>Tentador tanga.\u00a0<\/li>\n<li>Seductoras tirantas entre los pechos y en la espalda (son ajustables)\u00a0<\/li>\n<li>Sexys adornos Tirantas que se pueden quitar y que unen el tanga con el sujetador<\/li>\n<li>Anilla y colgantito decorativos dorados\u00a0<\/li>\n<li>Las tirantas propias del sujetador no se pueden separar\u00a0<\/li>\n<li>Telas suaves y el\u00e1sticas.\u00a0<\/li>\n<li>Composici\u00f3n: 94%poliamida \/ 6% el\u00e1stano.\u00a0<\/li>\n<li>Talla: S\/M<\/li>\n<\/ul>\n<p>\u00a1Obsessive significa inspiraci\u00f3n en la mujer!\u00a0 Elegancia, sensualidad, amor a la costura&#8230;.significa mucho para la mujer, pocos son los adjetivos que pueden calificar a Obsessive, donde una labor de a\u00f1os han conseguido unir relacion Calidad \/ Precio,<\/p>\n<p>L\u00edderes mundial<\/p>\n<p style=\"text-align: center;\"><img decoding=\"async\" src=\"https:\/\/store.dreamlove.es\/UserFiles\/images\/SIZES.png\" \/><\/p>\n<p>\u00a0<\/p>","protected":false},"excerpt":{"rendered":"<p>OBSESSIVE &#8211; 873-SEA-1 TWO PIECES SET S\/M<\/p>","protected":false},"featured_media":70519,"comment_status":"open","ping_status":"closed","template":"","meta":{"_monsterinsights_skip_tracking":false,"_monsterinsights_sitenote_active":false,"_monsterinsights_sitenote_note":"","_monsterinsights_sitenote_category":0,"_joinchat":[]},"product_brand":[],"product_cat":[954,326,948,964,967],"product_tag":[],"class_list":{"0":"post-26434","1":"product","2":"type-product","3":"status-publish","4":"has-post-thumbnail","6":"product_cat-lencerialenceria-mujerconjuntos-2-piezas","7":"product_cat-lenceria","8":"product_cat-lencerialenceria-mujer","9":"product_cat-lencerialenceria-mujersujetador-y-parte-inferior","10":"product_cat-lencerialenceria-mujersujetadores","11":"yith_product_brand-obsessive","12":"yith_product_brand-obsessiveobsessive-sets","14":"first","15":"instock","16":"taxable","17":"shipping-taxable","18":"purchasable","19":"product-type-variable"},"aioseo_notices":[],"_links":{"self":[{"href":"https:\/\/www.mysexualfantasy.eu\/en\/wp-json\/wp\/v2\/product\/26434","targetHints":{"allow":["GET"]}}],"collection":[{"href":"https:\/\/www.mysexualfantasy.eu\/en\/wp-json\/wp\/v2\/product"}],"about":[{"href":"https:\/\/www.mysexualfantasy.eu\/en\/wp-json\/wp\/v2\/types\/product"}],"replies":[{"embeddable":true,"href":"https:\/\/www.mysexualfantasy.eu\/en\/wp-json\/wp\/v2\/comments?post=26434"}],"wp:featuredmedia":[{"embeddable":true,"href":"https:\/\/www.mysexualfantasy.eu\/en\/wp-json\/wp\/v2\/media\/70519"}],"wp:attachment":[{"href":"https:\/\/www.mysexualfantasy.eu\/en\/wp-json\/wp\/v2\/media?parent=26434"}],"wp:term":[{"taxonomy":"product_brand","embeddable":true,"href":"https:\/\/www.mysexualfantasy.eu\/en\/wp-json\/wp\/v2\/product_brand?post=26434"},{"taxonomy":"product_cat","embeddable":true,"href":"https:\/\/www.mysexualfantasy.eu\/en\/wp-json\/wp\/v2\/product_cat?post=26434"},{"taxonomy":"product_tag","embeddable":true,"href":"https:\/\/www.mysexualfantasy.eu\/en\/wp-json\/wp\/v2\/product_tag?post=26434"}],"curies":[{"name":"wp","href":"https:\/\/api.w.org\/{rel}","templated":true}]}}