{"id":26461,"date":"2023-01-13T11:35:34","date_gmt":"2023-01-13T11:35:34","guid":{"rendered":"https:\/\/www.mysexualfantasy.eu\/?post_type=product&#038;p=26461"},"modified":"2023-12-06T15:37:56","modified_gmt":"2023-12-06T15:37:56","slug":"perfect-fit-the-bumper-negro","status":"publish","type":"product","link":"https:\/\/www.mysexualfantasy.eu\/en\/product\/perfect-fit-the-bumper-negro\/","title":{"rendered":"PERFECT FIT THE BUMPER NEGRO"},"content":{"rendered":"<p>Este nuevo y sexy juguete sexual proporciona m\u00e1s coj\u00edn para el empuje &#8230; literalmente. Perfect Fit Brand presenta Bumper, el primer producto para adultos que amortigua los golpes profundos durante el coito, brindando la oportunidad de tener relaciones sexuales m\u00e1s apasionadas sin restricciones.<\/p>\n<p>Los compa\u00f1eros que expresan incomodidad durante el coito con una pareja pueden encontrar placer en la capacidad de Bumper para hacer que el sexo sea m\u00e1s agradable dentro de su zona de confort. Los socios penetrantes todav\u00eda tendr\u00e1n la sensaci\u00f3n de inserci\u00f3n total y contacto \u00edntimo con su pareja sin tener que contenerse.<br \/>Para las mujeres, esto tambi\u00e9n act\u00faa como una herramienta de salud sexual para disminuir las posibilidades de un cuello uterino magullado.<\/p>\n<ul>\n<li>El Bumper es un sistema de dos partes: el amortiguador de empuje de parachoques y el amortiguador de test\u00edculos. Cualquiera de los dos se puede usar de forma independiente o en conjunto para crear un coj\u00edn grueso y protector para cuando los empujes se hacen m\u00e1s profundos.<\/li>\n<li>Hecho de material SilaSkin ultrasuave, el Bumper tambi\u00e9n es irresistiblemente suave y c\u00f3modo. Act\u00faa como un coj\u00edn entre los dos miembros de la pareja para absorber parte de los golpes y proporcionar la sensaci\u00f3n de profundidad m\u00e1xima para el pene.<\/li>\n<\/ul>\n<p>Bumper se adapta al pene y los test\u00edculos lo mantienen en su lugar.\u00a0<br \/>Tambi\u00e9n est\u00e1 dise\u00f1ado para ser ajustable para que los usuarios puedan agregar m\u00e1s almohadones (los buffers Donut) para satisfacer sus necesidades de profundidad.<\/p>\n<p>Ahora las parejas sexuales pueden intentar posiciones evitadas con nueva confianza y placer.<br \/>Se recomienda su uso con lubricante de base de agua. No es compatible con l\u00e1tex.<\/p>","protected":false},"excerpt":{"rendered":"<p>PERFECT FIT THE BUMPER BLACK<\/p>","protected":false},"featured_media":31730,"comment_status":"open","ping_status":"closed","template":"","meta":{"_monsterinsights_skip_tracking":false,"_monsterinsights_sitenote_active":false,"_monsterinsights_sitenote_note":"","_monsterinsights_sitenote_category":0,"_joinchat":[]},"product_brand":[],"product_cat":[1170,1171,1297,1152,1160],"product_tag":[],"class_list":{"0":"post-26461","1":"product","2":"type-product","3":"status-publish","4":"has-post-thumbnail","6":"product_cat-juguetes-bienestar-juguetes-para-hombresaccesorios-para-el-pene","7":"product_cat-juguetes-bienestar-juguetes-para-hombresaccesorios-para-el-peneanillos-pene","8":"product_cat-juguetes-bienestar-juguetes-para-hombresaccesorios-para-el-peneanillos-peneanillos-sin-vibracion","9":"product_cat-juguetes-bienestar","10":"product_cat-juguetes-bienestar-juguetes-para-hombres","11":"yith_product_brand-perfectfitbrand","13":"first","14":"instock","15":"taxable","16":"shipping-taxable","17":"purchasable","18":"product-type-simple"},"aioseo_notices":[],"_links":{"self":[{"href":"https:\/\/www.mysexualfantasy.eu\/en\/wp-json\/wp\/v2\/product\/26461","targetHints":{"allow":["GET"]}}],"collection":[{"href":"https:\/\/www.mysexualfantasy.eu\/en\/wp-json\/wp\/v2\/product"}],"about":[{"href":"https:\/\/www.mysexualfantasy.eu\/en\/wp-json\/wp\/v2\/types\/product"}],"replies":[{"embeddable":true,"href":"https:\/\/www.mysexualfantasy.eu\/en\/wp-json\/wp\/v2\/comments?post=26461"}],"wp:featuredmedia":[{"embeddable":true,"href":"https:\/\/www.mysexualfantasy.eu\/en\/wp-json\/wp\/v2\/media\/31730"}],"wp:attachment":[{"href":"https:\/\/www.mysexualfantasy.eu\/en\/wp-json\/wp\/v2\/media?parent=26461"}],"wp:term":[{"taxonomy":"product_brand","embeddable":true,"href":"https:\/\/www.mysexualfantasy.eu\/en\/wp-json\/wp\/v2\/product_brand?post=26461"},{"taxonomy":"product_cat","embeddable":true,"href":"https:\/\/www.mysexualfantasy.eu\/en\/wp-json\/wp\/v2\/product_cat?post=26461"},{"taxonomy":"product_tag","embeddable":true,"href":"https:\/\/www.mysexualfantasy.eu\/en\/wp-json\/wp\/v2\/product_tag?post=26461"}],"curies":[{"name":"wp","href":"https:\/\/api.w.org\/{rel}","templated":true}]}}