{"id":26498,"date":"2023-01-13T14:26:52","date_gmt":"2023-01-13T14:26:52","guid":{"rendered":"https:\/\/www.mysexualfantasy.eu\/?post_type=product&#038;p=26498"},"modified":"2023-12-06T16:02:09","modified_gmt":"2023-12-06T16:02:09","slug":"pretty-love-anal-funcion-rotacion-y-vibracion-negro","status":"publish","type":"product","link":"https:\/\/www.mysexualfantasy.eu\/en\/product\/pretty-love-anal-funcion-rotacion-y-vibracion-negro\/","title":{"rendered":"PRETTY LOVE ANAL FUNCION ROTACION Y VIBRACION NEGRO"},"content":{"rendered":"<p>Dise\u00f1ado para brindarte una estimulaci\u00f3n muy placentera, 12 funciones de vibraci\u00f3n y 3 funciones de rotaci\u00f3n, este vibrador es un juguete\u00a0a tener en cuenta. La funci\u00f3n de memoria mantendr\u00e1 un registro de sus configuraciones favoritas, no tendr\u00e1 problemas para encontrar la que le env\u00ede m\u00e1s all\u00e1 del l\u00edmite. Hecho de silicona muy suave , este juguete se siente tan incre\u00edble en tus manos como en tu interior.<\/p>\n<ul>\n<li>Estimulador depr\u00f3stata y punto G<\/li>\n<li>Poderosas vibraciones<\/li>\n<li>12 funciones de vibraci\u00f3n 3 funciones de rotaci\u00f3n.<\/li>\n<li>Con textura USB recargable<\/li>\n<li>Medidas: Ver imagen.<\/li>\n<\/ul>\n<p>Pretty Love fabrica productos con altos est\u00e1ndares de calidad. 1 a\u00f1o de garant\u00eda en defectos t\u00e9cnicos.<\/p>","protected":false},"excerpt":{"rendered":"<p>PRETTY LOVE MASSAGER ROTATION AND VIBRATING FUNCTION BLACK<\/p>","protected":false},"featured_media":67662,"comment_status":"open","ping_status":"closed","template":"","meta":{"_monsterinsights_skip_tracking":false,"_monsterinsights_sitenote_active":false,"_monsterinsights_sitenote_note":"","_monsterinsights_sitenote_category":0,"_joinchat":[]},"product_brand":[],"product_cat":[1162,1152,1155,1310,1189,1309,1305],"product_tag":[],"class_list":{"0":"post-26498","1":"product","2":"type-product","3":"status-publish","4":"has-post-thumbnail","6":"product_cat-juguetes-bienestar-anal","7":"product_cat-juguetes-bienestar","8":"product_cat-juguetes-bienestar-juguetes-para-mujeres","9":"product_cat-juguetes-bienestar-juguetes-para-mujeresmasajeadores","10":"product_cat-juguetes-bienestar-analplugs-anales","11":"product_cat-juguetes-bienestar-juguetes-para-mujerespunto-g","12":"product_cat-juguetes-bienestar-analvibradores-anales","13":"yith_product_brand-pretty-love","14":"yith_product_brand-pretty-lovepretty-love-bottom","16":"first","17":"instock","18":"taxable","19":"shipping-taxable","20":"purchasable","21":"product-type-simple"},"aioseo_notices":[],"_links":{"self":[{"href":"https:\/\/www.mysexualfantasy.eu\/en\/wp-json\/wp\/v2\/product\/26498","targetHints":{"allow":["GET"]}}],"collection":[{"href":"https:\/\/www.mysexualfantasy.eu\/en\/wp-json\/wp\/v2\/product"}],"about":[{"href":"https:\/\/www.mysexualfantasy.eu\/en\/wp-json\/wp\/v2\/types\/product"}],"replies":[{"embeddable":true,"href":"https:\/\/www.mysexualfantasy.eu\/en\/wp-json\/wp\/v2\/comments?post=26498"}],"wp:featuredmedia":[{"embeddable":true,"href":"https:\/\/www.mysexualfantasy.eu\/en\/wp-json\/wp\/v2\/media\/67662"}],"wp:attachment":[{"href":"https:\/\/www.mysexualfantasy.eu\/en\/wp-json\/wp\/v2\/media?parent=26498"}],"wp:term":[{"taxonomy":"product_brand","embeddable":true,"href":"https:\/\/www.mysexualfantasy.eu\/en\/wp-json\/wp\/v2\/product_brand?post=26498"},{"taxonomy":"product_cat","embeddable":true,"href":"https:\/\/www.mysexualfantasy.eu\/en\/wp-json\/wp\/v2\/product_cat?post=26498"},{"taxonomy":"product_tag","embeddable":true,"href":"https:\/\/www.mysexualfantasy.eu\/en\/wp-json\/wp\/v2\/product_tag?post=26498"}],"curies":[{"name":"wp","href":"https:\/\/api.w.org\/{rel}","templated":true}]}}