{"id":26502,"date":"2023-01-13T14:43:11","date_gmt":"2023-01-13T14:43:11","guid":{"rendered":"https:\/\/www.mysexualfantasy.eu\/?post_type=product&#038;p=26502"},"modified":"2023-12-06T17:25:43","modified_gmt":"2023-12-06T17:25:43","slug":"obsessive-860-set-2-set-de-dos-piezas-s-m","status":"publish","type":"product","link":"https:\/\/www.mysexualfantasy.eu\/en\/product\/obsessive-860-set-2-set-de-dos-piezas-s-m\/","title":{"rendered":"OBSESSIVE &#8211; 860-SET-2 SET DE DOS PIEZAS S\/M"},"content":{"rendered":"<p>Perfectamente blanco, increiblemente sexy y absolutamente espectacular. Este set llegar\u00e1 a ti y tan pronto lo tengas ver\u00e1s lo increible que est\u00e1s con \u00e9l puesto y la de placer que te proporcionar\u00e1 junto a tu pareja, as\u00ed que a qu\u00e9 estas esperando? \u00a1Prep\u00e1rate!<\/p>\n<p>Caracter\u00edsticas:\u00a0<\/p>\n<ul>\n<li>Set colecci\u00f3n 860\u00a0<\/li>\n<li>Sexy set con bordados de rosas\u00a0<\/li>\n<li>Tirantas el\u00e1sticas que enfatizan las curvas.\u00a0<\/li>\n<li>Sujetador con tirantas ajustables y sistema Did2Fit para un ajuste perfecto.\u00a0<\/li>\n<li>Cuatro tirantas ajustables<\/li>\n<li>Copas con almohadillas para pronunciar los pechos<\/li>\n<li>Preciosos detalles brillantes en el frontal y la espalda\u00a0<\/li>\n<li>Set de dos pieas compuesto por sujetador y tanga.\u00a0<\/li>\n<li>Telas muy agradables al tacto\u00a0 y el\u00e1sticas.<\/li>\n<li>Composici\u00f3n: 90% poliamida \/ 10% el\u00e1stano.\u00a0<\/li>\n<li>Talla: S\/M<\/li>\n<\/ul>\n<p>\u00a1Obsessive significa inspiraci\u00f3n en la mujer!\u00a0 Elegancia, sensualidad, amor a la costura&#8230;.significa mucho para la mujer, pocos son los adjetivos que pueden calificar a Obsessive, donde una labor de a\u00f1os han conseguido unir relacion Calidad \/ Precio,<\/p>\n<p>L\u00edderes mundial<\/p>\n<p style=\"text-align: center;\"><img decoding=\"async\" src=\"https:\/\/store.dreamlove.es\/UserFiles\/images\/SIZES.png\" \/><\/p>","protected":false},"excerpt":{"rendered":"<p>OBSESSIVE &#8211; 860-SET-2 TWO PIECES SET S\/M<\/p>","protected":false},"featured_media":70525,"comment_status":"open","ping_status":"closed","template":"","meta":{"_monsterinsights_skip_tracking":false,"_monsterinsights_sitenote_active":false,"_monsterinsights_sitenote_note":"","_monsterinsights_sitenote_category":0,"_joinchat":[]},"product_brand":[],"product_cat":[1425,1196,1199,1166,1200],"product_tag":[],"class_list":{"0":"post-26502","1":"product","2":"type-product","3":"status-publish","4":"has-post-thumbnail","6":"product_cat-moda-lencerialenceria-mujerlenceria-sexybodas","7":"product_cat-moda-lencerialenceria-mujer","8":"product_cat-moda-lencerialenceria-mujerlenceria-sexy","9":"product_cat-moda-lenceria","10":"product_cat-moda-lencerialenceria-mujerlenceria-sexysujetador-y-parte-inferior","11":"yith_product_brand-obsessive","12":"yith_product_brand-obsessiveobsessive-sets","14":"first","15":"instock","16":"taxable","17":"shipping-taxable","18":"purchasable","19":"product-type-variable"},"aioseo_notices":[],"_links":{"self":[{"href":"https:\/\/www.mysexualfantasy.eu\/en\/wp-json\/wp\/v2\/product\/26502","targetHints":{"allow":["GET"]}}],"collection":[{"href":"https:\/\/www.mysexualfantasy.eu\/en\/wp-json\/wp\/v2\/product"}],"about":[{"href":"https:\/\/www.mysexualfantasy.eu\/en\/wp-json\/wp\/v2\/types\/product"}],"replies":[{"embeddable":true,"href":"https:\/\/www.mysexualfantasy.eu\/en\/wp-json\/wp\/v2\/comments?post=26502"}],"wp:featuredmedia":[{"embeddable":true,"href":"https:\/\/www.mysexualfantasy.eu\/en\/wp-json\/wp\/v2\/media\/70525"}],"wp:attachment":[{"href":"https:\/\/www.mysexualfantasy.eu\/en\/wp-json\/wp\/v2\/media?parent=26502"}],"wp:term":[{"taxonomy":"product_brand","embeddable":true,"href":"https:\/\/www.mysexualfantasy.eu\/en\/wp-json\/wp\/v2\/product_brand?post=26502"},{"taxonomy":"product_cat","embeddable":true,"href":"https:\/\/www.mysexualfantasy.eu\/en\/wp-json\/wp\/v2\/product_cat?post=26502"},{"taxonomy":"product_tag","embeddable":true,"href":"https:\/\/www.mysexualfantasy.eu\/en\/wp-json\/wp\/v2\/product_tag?post=26502"}],"curies":[{"name":"wp","href":"https:\/\/api.w.org\/{rel}","templated":true}]}}