{"id":26548,"date":"2023-01-13T12:40:59","date_gmt":"2023-01-13T12:40:59","guid":{"rendered":"https:\/\/www.mysexualfantasy.eu\/?post_type=product&#038;p=26548"},"modified":"2023-12-06T15:04:36","modified_gmt":"2023-12-06T15:04:36","slug":"id-xtreme-lubricante-30ml","status":"publish","type":"product","link":"https:\/\/www.mysexualfantasy.eu\/en\/product\/id-xtreme-lubricante-30ml\/","title":{"rendered":"ID XTREME &#8211; LUBRICANTE 30 ML"},"content":{"rendered":"<p>Xtreme es un lubricante personal de uso m\u00faltiple, de alta energ\u00eda y resistencia, dise\u00f1ado para satisfacer las necesidades de los usuarios de alta intensidad, alta velocidad y contacto. El producto est\u00e1 formulado con Friction Reduction Technology \u2122 para reducir la resistencia resultante del aumento de la potencia y las altas temperaturas. Xtreme es compatible con condones, seguro para juguetes y sin manchas. La f\u00f3rmula ha sido rigurosamente probada para garantizar la compatibilidad del cond\u00f3n. Reactiva simplemente a\u00f1adiendo una gota de agua o saliva. Xtreme es tu primera opci\u00f3n para cualquier experiencia sensual extrema. Nuestra compa\u00f1\u00eda trabaj\u00f3 diligentemente en este producto e incluso lo aprob\u00f3 como un dispositivo m\u00e9dico FDA 510K. Las ventajas de tener un lubricante hecho de acuerdo con tales est\u00e1ndares son muchas-Usted sabe que est\u00e1 obteniendo un producto de calidad cuando elige ID Xtreme.<\/p>\n<ul>\n<li>Envase 30ml<\/li>\n<\/ul>","protected":false},"excerpt":{"rendered":"<p>PACKAGING DISPONIBLE EN: \/en\/fr\/<\/p>","protected":false},"featured_media":52646,"comment_status":"open","ping_status":"closed","template":"","meta":{"_monsterinsights_skip_tracking":false,"_monsterinsights_sitenote_active":false,"_monsterinsights_sitenote_note":"","_monsterinsights_sitenote_category":0,"_joinchat":[]},"product_brand":[],"product_cat":[1211,1207,1203,1206,148],"product_tag":[],"class_list":{"0":"post-26548","1":"product","2":"type-product","3":"status-publish","4":"has-post-thumbnail","6":"product_cat-drogueria-lubricantesanal","7":"product_cat-drogueria-lubricantesbase-agua","8":"product_cat-drogueria","9":"product_cat-drogueria-lubricantes","10":"product_cat-ofertas","11":"yith_product_brand-id-lubricantes","12":"yith_product_brand-id-lubricantesid-xtreme","14":"first","15":"instock","16":"taxable","17":"shipping-taxable","18":"purchasable","19":"product-type-simple"},"aioseo_notices":[],"_links":{"self":[{"href":"https:\/\/www.mysexualfantasy.eu\/en\/wp-json\/wp\/v2\/product\/26548","targetHints":{"allow":["GET"]}}],"collection":[{"href":"https:\/\/www.mysexualfantasy.eu\/en\/wp-json\/wp\/v2\/product"}],"about":[{"href":"https:\/\/www.mysexualfantasy.eu\/en\/wp-json\/wp\/v2\/types\/product"}],"replies":[{"embeddable":true,"href":"https:\/\/www.mysexualfantasy.eu\/en\/wp-json\/wp\/v2\/comments?post=26548"}],"wp:featuredmedia":[{"embeddable":true,"href":"https:\/\/www.mysexualfantasy.eu\/en\/wp-json\/wp\/v2\/media\/52646"}],"wp:attachment":[{"href":"https:\/\/www.mysexualfantasy.eu\/en\/wp-json\/wp\/v2\/media?parent=26548"}],"wp:term":[{"taxonomy":"product_brand","embeddable":true,"href":"https:\/\/www.mysexualfantasy.eu\/en\/wp-json\/wp\/v2\/product_brand?post=26548"},{"taxonomy":"product_cat","embeddable":true,"href":"https:\/\/www.mysexualfantasy.eu\/en\/wp-json\/wp\/v2\/product_cat?post=26548"},{"taxonomy":"product_tag","embeddable":true,"href":"https:\/\/www.mysexualfantasy.eu\/en\/wp-json\/wp\/v2\/product_tag?post=26548"}],"curies":[{"name":"wp","href":"https:\/\/api.w.org\/{rel}","templated":true}]}}