{"id":26567,"date":"2023-01-13T14:35:41","date_gmt":"2023-01-13T14:35:41","guid":{"rendered":"https:\/\/www.mysexualfantasy.eu\/?post_type=product&#038;p=26567"},"modified":"2023-12-06T16:02:14","modified_gmt":"2023-12-06T16:02:14","slug":"moressa-brandon-anillo-vibrador-con-funda","status":"publish","type":"product","link":"https:\/\/www.mysexualfantasy.eu\/en\/product\/moressa-brandon-anillo-vibrador-con-funda\/","title":{"rendered":"MORESSA BRANDON ANILLO VIBRADOR CON FUNDA"},"content":{"rendered":"<div><strong>SOFISTICADO<\/strong>, por su tecnolog\u00eda y su dedicaci\u00f3n a la firmeza del Hombre<\/div>\n<div>\u00a0<\/div>\n<div><strong>REVOLUCIONARIO<\/strong>, las vibraciones junto a la anilla confortable aplican un climax a ambos cosquilleante e intrigante. \u00a0Una sensaci\u00f3n intensa que recuerda a orgasmos adolescentes.<\/div>\n<div>\u00a0<\/div>\n<div><strong>ELEGANTE<\/strong>, Discreto y silencioso juega a la ambig\u00fcedad de lo que esconde, un anillo que har\u00e1 alargar el acto sexual.<\/div>\n<ul>\n<li>Brandon es un anillo-funda para el pene<\/li>\n<li>Vers\u00e1til para un placer mas duradero e intenso\u00a0<\/li>\n<li>Silicona premium. 100% Medica suave. Se adapta r\u00e1pidamente de forma natural a la temperatura de tu cuerpo.<\/li>\n<li>Brandon es de f\u00e1cil colocaci\u00f3n gracias a su anilla flexible, tan solo posicionar Brandon en la base del pene y activar mediante el bot\u00f3n superior sus potentes vibraciones que ir\u00e1n directamente al cl\u00edtoris y adem\u00e1s se extender\u00e1n por todo el miembro.\u00a0<\/li>\n<li>Su funda restringe\u00a0al pene, lo que provoca algo m\u00e1s de grosor parcialmente y unas erecciones mas duraderas<\/li>\n<li>Potente estimulaci\u00f3n clitorial, gracias al rabbit sensorial.\u00a0<\/li>\n<li>Garantizado: el anillo de silicona es extremamente flexible y se puede quitar en cualquier momento.<\/li>\n<li>Con un alegre dise\u00f1o y una estudiada funcionalidad.<\/li>\n<li>Incorpora un motor recargable con diferentes programas que har\u00e1n de tus veladas remolinos de placer.<\/li>\n<li>7 Modos de vibraci\u00f3n\u00a0<\/li>\n<li>Material seguro para el cuerpo<\/li>\n<li>Libre de ftalatos<\/li>\n<li>Medidas totales: 8 cm x 9 cm\u00a0<\/li>\n<li>Di\u00e1metro interior anilla; 3 cm flexible adaptable a todos los tama\u00f1os de pene<\/li>\n<li>1 motor<\/li>\n<li>Recargable por USB ( Cable incluido )<\/li>\n<li>Ergon\u00f3mico<\/li>\n<li>Sumergible \/ Apto para la ducha o Spa.<\/li>\n<li>Estimulaci\u00f3n clitorial<\/li>\n<li>Control retro iluminado con luces LED<\/li>\n<\/ul>\n<p>Funcionamiento\/Uso<\/p>\n<p>Para encender Brandon, pulsa el bot\u00f3n\u00a0<img decoding=\"async\" src=\"https:\/\/interno.dreamlove.es\/UserFiles\/images\/ENCENDIDO.png\" style=\"width: 20px; height: 20px;\" \/>\u00a0 de encendido durante unos 2 segundos. De esta forma se activar\u00e1 la vibraci\u00f3n. Seguidamente pulse el bot\u00f3n\u00a0<img decoding=\"async\" src=\"https:\/\/interno.dreamlove.es\/UserFiles\/images\/VIBRCION.png\" style=\"width: 23px; height: 24px;\" \/>\u00a0 que recorrer\u00e1 los 7 modos de vibraci\u00f3n diferentes. Una vez Brandon haya finalizado pulse el bot\u00f3n \u00a0<img decoding=\"async\" src=\"https:\/\/interno.dreamlove.es\/UserFiles\/images\/ENCENDIDO.png\" style=\"width: 20px; height: 20px;\" \/>\u00a0durante dos segundos y se apagar\u00e1.\u00a0<\/p>\n<div>Cargar<\/div>\n<div>El vibrador es recargable y permite un manejo c\u00f3modo, sin molestos cables. Antes de utilizarlo por primera vez, debes cargarlo completamente. Utiliza para ello el cable de carga USB incluido.\u00a0<\/div>\n<div>Introducir la clavija del cable USB\u00a0<img decoding=\"async\" src=\"https:\/\/interno.dreamlove.es\/UserFiles\/images\/CARGA.png\" style=\"width: 26px; height: 31px;\" \/>\u00a0 \u00a0en el orificio de conexi\u00f3n de carga. Enchufar a la corriente con un conector o al ordenador mediante USB.<\/div>\n<div>\u00a0<\/div>\n<div><strong>Advertencia<\/strong>: el primer proceso de carga puede durar hasta ocho horas.<\/div>\n<div>\u00a0<\/div>\n<div><strong>Eliminaci\u00f3n<\/strong><\/div>\n<div>La eliminaci\u00f3n de aparatos electr\u00f3nicos debe realizarse seg\u00fan la normativa para residuos peligrosos vigente en la Uni\u00f3n Europea y en otros pa\u00edses europeos o seg\u00fan las reglamentaciones locales. Respeta las normativas de eliminaci\u00f3n de basuras<\/div>\n<div>Espec\u00edficas de tu pa\u00eds y, en caso de duda, pregunta a tu distribuidor sobre las opciones de eliminaci\u00f3n.<\/div>\n<div>\u00a0<\/div>\n<div><strong>Contenido<\/strong><\/div>\n<div>\u00a0<\/div>\n<div>Abrir una caja de productos MORESSA es exclusividad. La satisfacci\u00f3n es nuestro objetivo, por ello hemos cuidado cada detalle.<\/div>\n<ul>\n<li>Brandon\u00a0Anillo vibrador-funda<\/li>\n<li>Cargador<\/li>\n<li>Manual de usuario<\/li>\n<\/ul>\n<p>Moressa es la marca referente por su dise\u00f1o, calidad y tecnolog\u00eda. Hemos desarrollado un producto innovador y mimado cada proceso de fabricaci\u00f3n para conseguir el mejor resultado. Moressa es s\u00edmbolo de energ\u00eda, fuerza y garant\u00eda. Comprar un Sextoy Moressa es sentirse reflejado con la actualidad. \u00a0Cada Juguete Moressa te transportara a diferentes sensaciones. Un resultado inigualable gracias a la silicona Premium confortable y los dise\u00f1os ergon\u00f3micos.<\/p>\n<p>\u00a0<\/p>","protected":false},"excerpt":{"rendered":"<p>MORESSA BRANDON VIBRATING RING AND PENIS SLEEVE<\/p>","protected":false},"featured_media":69342,"comment_status":"open","ping_status":"closed","template":"","meta":{"_monsterinsights_skip_tracking":false,"_monsterinsights_sitenote_active":false,"_monsterinsights_sitenote_note":"","_monsterinsights_sitenote_category":0,"_joinchat":[]},"product_brand":[],"product_cat":[1170,1172,1171,1156,1184,1298,1152,1160,1155,1163],"product_tag":[],"class_list":{"0":"post-26567","1":"product","2":"type-product","3":"status-publish","4":"has-post-thumbnail","6":"product_cat-juguetes-bienestar-juguetes-para-hombresaccesorios-para-el-pene","7":"product_cat-juguetes-bienestar-juguetes-para-hombresaccesorios-para-el-peneanillos-peneanillos-con-vibracion","8":"product_cat-juguetes-bienestar-juguetes-para-hombresaccesorios-para-el-peneanillos-pene","9":"product_cat-juguetes-bienestar-juguetes-para-mujeresestimuladores","10":"product_cat-juguetes-bienestar-juguetes-para-hombresaccesorios-para-el-peneextensiones-para-el-pene","11":"product_cat-juguetes-bienestar-juguetes-para-hombresaccesorios-para-el-penefundas","12":"product_cat-juguetes-bienestar","13":"product_cat-juguetes-bienestar-juguetes-para-hombres","14":"product_cat-juguetes-bienestar-juguetes-para-mujeres","15":"product_cat-juguetes-bienestar-juguetes-para-mujeresestimuladorespara-clitoris","16":"yith_product_brand-moressa","18":"first","19":"instock","20":"taxable","21":"shipping-taxable","22":"purchasable","23":"product-type-simple"},"aioseo_notices":[],"_links":{"self":[{"href":"https:\/\/www.mysexualfantasy.eu\/en\/wp-json\/wp\/v2\/product\/26567","targetHints":{"allow":["GET"]}}],"collection":[{"href":"https:\/\/www.mysexualfantasy.eu\/en\/wp-json\/wp\/v2\/product"}],"about":[{"href":"https:\/\/www.mysexualfantasy.eu\/en\/wp-json\/wp\/v2\/types\/product"}],"replies":[{"embeddable":true,"href":"https:\/\/www.mysexualfantasy.eu\/en\/wp-json\/wp\/v2\/comments?post=26567"}],"wp:featuredmedia":[{"embeddable":true,"href":"https:\/\/www.mysexualfantasy.eu\/en\/wp-json\/wp\/v2\/media\/69342"}],"wp:attachment":[{"href":"https:\/\/www.mysexualfantasy.eu\/en\/wp-json\/wp\/v2\/media?parent=26567"}],"wp:term":[{"taxonomy":"product_brand","embeddable":true,"href":"https:\/\/www.mysexualfantasy.eu\/en\/wp-json\/wp\/v2\/product_brand?post=26567"},{"taxonomy":"product_cat","embeddable":true,"href":"https:\/\/www.mysexualfantasy.eu\/en\/wp-json\/wp\/v2\/product_cat?post=26567"},{"taxonomy":"product_tag","embeddable":true,"href":"https:\/\/www.mysexualfantasy.eu\/en\/wp-json\/wp\/v2\/product_tag?post=26567"}],"curies":[{"name":"wp","href":"https:\/\/api.w.org\/{rel}","templated":true}]}}