{"id":26588,"date":"2023-01-13T13:24:21","date_gmt":"2023-01-13T13:24:21","guid":{"rendered":"https:\/\/www.mysexualfantasy.eu\/?post_type=product&#038;p=26588"},"modified":"2023-12-06T16:23:50","modified_gmt":"2023-12-06T16:23:50","slug":"romantic-wave-pizas-con-vibracion-y-electroshock-fucsia","status":"publish","type":"product","link":"https:\/\/www.mysexualfantasy.eu\/en\/product\/romantic-wave-pizas-con-vibracion-y-electroshock-fucsia\/","title":{"rendered":"ROMANTIC WAVE PIZAS CON VIBRACION Y ELECTROSHOCK FUCSIA"},"content":{"rendered":"<p>Haz que se estremezcan tus pezones con estas pinzas vibradoras.\u00a0<\/p>\n<p>Son completamente ajustables a casi todos los tama\u00f1os de pezones y su suave cubierta asegura un m\u00e1ximo confort. Tiene 7 funciones de vibraci\u00f3n y 3 niveles de intensidad para la estimulaci\u00f3n por electroshock. Disfruta de estas incre\u00edbles sensaciones.\u00a0<\/p>\n<p>Caracter\u00edsticas.\u00a0<\/p>\n<ul>\n<li>12 modos de vibraci\u00f3n<\/li>\n<li>3 intensidades de electroshock\u00a0<\/li>\n<li>Pilas: 2AA<\/li>\n<li>Perfecto para parejas.\u00a0<\/li>\n<li>Sumergible.\u00a0<\/li>\n<li>Pinzas ajustables\u00a0<\/li>\n<li>M\u00e1ximo confort y estimulaci\u00f3n\u00a0<\/li>\n<li>Medidas: Ver foto\u00a0<\/li>\n<\/ul>\n<p>\u00a0<\/p>\n<p>\u00a0<\/p>","protected":false},"excerpt":{"rendered":"<p>ROMANTIC WAVE VIBRATING AND ELETRIC SHOCK NIPPLE CLAMPS FUCHSIA<\/p>","protected":false},"featured_media":58855,"comment_status":"open","ping_status":"closed","template":"","meta":{"_monsterinsights_skip_tracking":false,"_monsterinsights_sitenote_active":false,"_monsterinsights_sitenote_note":"","_monsterinsights_sitenote_category":0,"_joinchat":[]},"product_brand":[],"product_cat":[1176,1175,1270,1405,1156,1152,1155,1153],"product_tag":[],"class_list":{"0":"post-26588","1":"product","2":"type-product","3":"status-publish","4":"has-post-thumbnail","6":"product_cat-bdsm-bondage-articulos-bdsm","7":"product_cat-bdsm-bondage","8":"product_cat-juguetes-bienestar-electro-estimulacion","9":"product_cat-bdsm-bondage-articulos-bdsmelectroestimulacion-bdsm","10":"product_cat-juguetes-bienestar-juguetes-para-mujeresestimuladores","11":"product_cat-juguetes-bienestar","12":"product_cat-juguetes-bienestar-juguetes-para-mujeres","13":"product_cat-juguetes-bienestar-vibradores","14":"yith_product_brand-baile","15":"yith_product_brand-bailebaile-stimulating","17":"first","18":"instock","19":"taxable","20":"shipping-taxable","21":"purchasable","22":"product-type-simple"},"aioseo_notices":[],"_links":{"self":[{"href":"https:\/\/www.mysexualfantasy.eu\/en\/wp-json\/wp\/v2\/product\/26588","targetHints":{"allow":["GET"]}}],"collection":[{"href":"https:\/\/www.mysexualfantasy.eu\/en\/wp-json\/wp\/v2\/product"}],"about":[{"href":"https:\/\/www.mysexualfantasy.eu\/en\/wp-json\/wp\/v2\/types\/product"}],"replies":[{"embeddable":true,"href":"https:\/\/www.mysexualfantasy.eu\/en\/wp-json\/wp\/v2\/comments?post=26588"}],"wp:featuredmedia":[{"embeddable":true,"href":"https:\/\/www.mysexualfantasy.eu\/en\/wp-json\/wp\/v2\/media\/58855"}],"wp:attachment":[{"href":"https:\/\/www.mysexualfantasy.eu\/en\/wp-json\/wp\/v2\/media?parent=26588"}],"wp:term":[{"taxonomy":"product_brand","embeddable":true,"href":"https:\/\/www.mysexualfantasy.eu\/en\/wp-json\/wp\/v2\/product_brand?post=26588"},{"taxonomy":"product_cat","embeddable":true,"href":"https:\/\/www.mysexualfantasy.eu\/en\/wp-json\/wp\/v2\/product_cat?post=26588"},{"taxonomy":"product_tag","embeddable":true,"href":"https:\/\/www.mysexualfantasy.eu\/en\/wp-json\/wp\/v2\/product_tag?post=26588"}],"curies":[{"name":"wp","href":"https:\/\/api.w.org\/{rel}","templated":true}]}}