{"id":26592,"date":"2023-01-13T14:26:55","date_gmt":"2023-01-13T14:26:55","guid":{"rendered":"https:\/\/www.mysexualfantasy.eu\/?post_type=product&#038;p=26592"},"modified":"2023-12-06T16:02:16","modified_gmt":"2023-12-06T16:02:16","slug":"pretty-love-masajeador-anal-12-modos-vibracion-lila","status":"publish","type":"product","link":"https:\/\/www.mysexualfantasy.eu\/en\/product\/pretty-love-masajeador-anal-12-modos-vibracion-lila\/","title":{"rendered":"PRETTY LOVE MASAJEADOR ANAL 12 MODOS VIBRACION LILA"},"content":{"rendered":"<p>Este masajeador prost\u00e1tico\u00a0est\u00e1 hecho de un material suave y seguro para la piel. El dise\u00f1o\u00a0\u00fanico\u00a0de este masajeador de pr\u00f3stata est\u00e1 dise\u00f1ada para deslizarse c\u00f3modamente en el ano para la estimulaci\u00f3n de la pr\u00f3stata, mientras que el extremo redondeado frota deliciosamente contra el perineo.<\/p>\n<p>Redise\u00f1ado para mejorar el juego de la pr\u00f3stata con un nuevo \u00e1ngulo de entrada, este masajeador toma todas las mejores partes de sus juguetes masculinos de alta calidad y los combina para una nueva toma de estimulaci\u00f3n de la pr\u00f3stata. Este masajeador permite una estimulaci\u00f3n de la pr\u00f3stata m\u00e1s f\u00e1cil y se desliza cuidadosamente en el ano, mientras que la punta masajea el perineo.<\/p>\n<ul>\n<li>Un mango de f\u00e1cil agarre permite un control completo y la experiencia de penetraci\u00f3n exacta que desea.<\/li>\n<li>Estimulador de pr\u00f3stata y punto G<\/li>\n<li>Poderosas vibraciones<\/li>\n<li>12 funciones de vibraci\u00f3n<\/li>\n<li>Texturado<\/li>\n<li>USB recargable<\/li>\n<li>Medidas: Ver imagen.<\/li>\n<\/ul>\n<p>Pretty Love fabrica productos con altos est\u00e1ndares de calidad. 1 a\u00f1o de garant\u00eda en defectos t\u00e9cnicos.<\/p>","protected":false},"excerpt":{"rendered":"<p>PRETTY LOVE ANAL MASSAGER 12 FUNCTIONS VIBRATION PURPLE<\/p>","protected":false},"featured_media":67672,"comment_status":"open","ping_status":"closed","template":"","meta":{"_monsterinsights_skip_tracking":false,"_monsterinsights_sitenote_active":false,"_monsterinsights_sitenote_note":"","_monsterinsights_sitenote_category":0,"_joinchat":[]},"product_brand":[],"product_cat":[1162,1152,1155,1310,1189,1309,1305],"product_tag":[],"class_list":{"0":"post-26592","1":"product","2":"type-product","3":"status-publish","4":"has-post-thumbnail","6":"product_cat-juguetes-bienestar-anal","7":"product_cat-juguetes-bienestar","8":"product_cat-juguetes-bienestar-juguetes-para-mujeres","9":"product_cat-juguetes-bienestar-juguetes-para-mujeresmasajeadores","10":"product_cat-juguetes-bienestar-analplugs-anales","11":"product_cat-juguetes-bienestar-juguetes-para-mujerespunto-g","12":"product_cat-juguetes-bienestar-analvibradores-anales","13":"yith_product_brand-pretty-love","14":"yith_product_brand-pretty-lovepretty-love-bottom","16":"first","17":"instock","18":"taxable","19":"shipping-taxable","20":"purchasable","21":"product-type-simple"},"aioseo_notices":[],"_links":{"self":[{"href":"https:\/\/www.mysexualfantasy.eu\/en\/wp-json\/wp\/v2\/product\/26592","targetHints":{"allow":["GET"]}}],"collection":[{"href":"https:\/\/www.mysexualfantasy.eu\/en\/wp-json\/wp\/v2\/product"}],"about":[{"href":"https:\/\/www.mysexualfantasy.eu\/en\/wp-json\/wp\/v2\/types\/product"}],"replies":[{"embeddable":true,"href":"https:\/\/www.mysexualfantasy.eu\/en\/wp-json\/wp\/v2\/comments?post=26592"}],"wp:featuredmedia":[{"embeddable":true,"href":"https:\/\/www.mysexualfantasy.eu\/en\/wp-json\/wp\/v2\/media\/67672"}],"wp:attachment":[{"href":"https:\/\/www.mysexualfantasy.eu\/en\/wp-json\/wp\/v2\/media?parent=26592"}],"wp:term":[{"taxonomy":"product_brand","embeddable":true,"href":"https:\/\/www.mysexualfantasy.eu\/en\/wp-json\/wp\/v2\/product_brand?post=26592"},{"taxonomy":"product_cat","embeddable":true,"href":"https:\/\/www.mysexualfantasy.eu\/en\/wp-json\/wp\/v2\/product_cat?post=26592"},{"taxonomy":"product_tag","embeddable":true,"href":"https:\/\/www.mysexualfantasy.eu\/en\/wp-json\/wp\/v2\/product_tag?post=26592"}],"curies":[{"name":"wp","href":"https:\/\/api.w.org\/{rel}","templated":true}]}}