{"id":26625,"date":"2023-01-13T14:35:44","date_gmt":"2023-01-13T14:35:44","guid":{"rendered":"https:\/\/www.mysexualfantasy.eu\/?post_type=product&#038;p=26625"},"modified":"2023-12-06T16:02:17","modified_gmt":"2023-12-06T16:02:17","slug":"pretty-love-indulgence-plus-control-remoto","status":"publish","type":"product","link":"https:\/\/www.mysexualfantasy.eu\/en\/product\/pretty-love-indulgence-plus-control-remoto\/","title":{"rendered":"PRETTY LOVE INDULGENCE PLUS CONTROL REMOTO"},"content":{"rendered":"<p>Indulgence Plus es una innovaci\u00f3n revolucionaria con 30 ritmos distintos!\u00a0 un estimulador del clitoris y la zona interna vaginal innovadora.<\/p>\n<p>Permite la penetraci\u00f3n de tu pareja a la misma vez que se utiliza el juguete, ademas de utilizarse para la zona Anal!!<\/p>\n<ul>\n<li>Este\u00a0 vibrador ergon\u00f3mico en forma de U con mando a distancia,\u00a0 es ideal para utilizar en pareja , con distintos modos de pulsaci\u00f3n que hacen un total de 30 funciones de vibraci\u00f3n, dos motores independientes y totalmente flexible.<\/li>\n<li>Silicona 100%, libre de phthalate y recargable. Presentaci\u00f3n en estuche duro alta gama con manual de instrucciones, bolsita de viaje y cargador.<\/li>\n<li>Recargable a la corriente o al ordenador ( adaptadores incluidos)<\/li>\n<li>Medidas: Ver foto.<\/li>\n<li>3 Velocidades extras\u00a0<\/li>\n<\/ul>\n<p>El placer esta asegurado!!<\/p>\n<p>Incluye practica bolsa de tela para guardar el producto despues de su uso!<\/p>\n<p>Pretty Love fabrica productos con exigentes normas de calidad, todos sus productos estan dise\u00f1ados en Estados Unidos y tienen 1 a\u00f1o de garant\u00eda en defectos tecnicos.<\/p>","protected":false},"excerpt":{"rendered":"<p>PRETTY LOVE INDULGENCE PLUS STIMULATOR REMOTE CONTROL<\/p>","protected":false},"featured_media":69350,"comment_status":"open","ping_status":"closed","template":"","meta":{"_monsterinsights_skip_tracking":false,"_monsterinsights_sitenote_active":false,"_monsterinsights_sitenote_note":"","_monsterinsights_sitenote_category":0,"_joinchat":[]},"product_brand":[],"product_cat":[1193,1162,1156,1152,1155,1310,1163,1189,1309,1153,1192],"product_tag":[],"class_list":{"0":"post-26625","1":"product","2":"type-product","3":"status-publish","4":"has-post-thumbnail","6":"product_cat-juguetes-bienestar-vibradores100-sumergible","7":"product_cat-juguetes-bienestar-anal","8":"product_cat-juguetes-bienestar-juguetes-para-mujeresestimuladores","9":"product_cat-juguetes-bienestar","10":"product_cat-juguetes-bienestar-juguetes-para-mujeres","11":"product_cat-juguetes-bienestar-juguetes-para-mujeresmasajeadores","12":"product_cat-juguetes-bienestar-juguetes-para-mujeresestimuladorespara-clitoris","13":"product_cat-juguetes-bienestar-analplugs-anales","14":"product_cat-juguetes-bienestar-juguetes-para-mujerespunto-g","15":"product_cat-juguetes-bienestar-vibradores","16":"product_cat-juguetes-bienestar-vibradoresvibradores-hi-tech","17":"yith_product_brand-pretty-love","18":"yith_product_brand-pretty-lovepretty-love-c-type","20":"first","21":"instock","22":"taxable","23":"shipping-taxable","24":"purchasable","25":"product-type-simple"},"aioseo_notices":[],"_links":{"self":[{"href":"https:\/\/www.mysexualfantasy.eu\/en\/wp-json\/wp\/v2\/product\/26625","targetHints":{"allow":["GET"]}}],"collection":[{"href":"https:\/\/www.mysexualfantasy.eu\/en\/wp-json\/wp\/v2\/product"}],"about":[{"href":"https:\/\/www.mysexualfantasy.eu\/en\/wp-json\/wp\/v2\/types\/product"}],"replies":[{"embeddable":true,"href":"https:\/\/www.mysexualfantasy.eu\/en\/wp-json\/wp\/v2\/comments?post=26625"}],"wp:featuredmedia":[{"embeddable":true,"href":"https:\/\/www.mysexualfantasy.eu\/en\/wp-json\/wp\/v2\/media\/69350"}],"wp:attachment":[{"href":"https:\/\/www.mysexualfantasy.eu\/en\/wp-json\/wp\/v2\/media?parent=26625"}],"wp:term":[{"taxonomy":"product_brand","embeddable":true,"href":"https:\/\/www.mysexualfantasy.eu\/en\/wp-json\/wp\/v2\/product_brand?post=26625"},{"taxonomy":"product_cat","embeddable":true,"href":"https:\/\/www.mysexualfantasy.eu\/en\/wp-json\/wp\/v2\/product_cat?post=26625"},{"taxonomy":"product_tag","embeddable":true,"href":"https:\/\/www.mysexualfantasy.eu\/en\/wp-json\/wp\/v2\/product_tag?post=26625"}],"curies":[{"name":"wp","href":"https:\/\/api.w.org\/{rel}","templated":true}]}}