{"id":26646,"date":"2023-01-13T12:43:48","date_gmt":"2023-01-13T12:43:48","guid":{"rendered":"https:\/\/www.mysexualfantasy.eu\/?post_type=product&#038;p=26646"},"modified":"2023-12-06T16:20:29","modified_gmt":"2023-12-06T16:20:29","slug":"bioglide-lubricante-aceite-de-masaje-organico-125-ml","status":"publish","type":"product","link":"https:\/\/www.mysexualfantasy.eu\/en\/product\/bioglide-lubricante-aceite-de-masaje-organico-125-ml\/","title":{"rendered":"BIOGLIDE LUBRICANTE-ACEITE DE MASAJE ORGANICO 125 ML"},"content":{"rendered":"<p>Lubricante y aceite de masaje 100% org\u00e1nico combinados en uno solo.\u00a0<\/p>\n<p>Los aceites medicinales aumentan la lubricaci\u00f3n durante el acto sexual y ayuda a reducir el malestar de las zonas \u00edntimas. Aqu\u00ed tienes el primer aceite de masaje y lubricante 100% org\u00e1nico y vegano para el cuidado m\u00e1ximo de tu piel.\u00a0<\/p>\n<ul>\n<li>Sin parabenos, fragancias sint\u00e9ticas y adem\u00e1s completamente saludable para la piel.\u00a0<\/li>\n<li>Perfecto tambi\u00e9n para las zonas m\u00e1s \u00edntimas.\u00a0<\/li>\n<li>Perfecto tanto para uso vaginal, anal y oral.\u00a0<\/li>\n<li>No compatible con preservativos de l\u00e1tex\u00a0<\/li>\n<li>El primero en el mundo que cobina aceites org\u00e1nicos para masajear o para suar como lubricante\u00a0<\/li>\n<li>Cuidado m\u00e1ximo de la piel<\/li>\n<li>Sin olor ni sabor\u00a0<\/li>\n<li>Cl\u00ednicamente testado.<\/li>\n<li>ph Optimizados.\u00a0<\/li>\n<\/ul>\n<p>\u00a0<\/p>","protected":false},"excerpt":{"rendered":"<p>PACKAGING DISPONIBLE EN: \/es\/en\/de\/<\/p>","protected":false},"featured_media":52970,"comment_status":"open","ping_status":"closed","template":"","meta":{"_monsterinsights_skip_tracking":false,"_monsterinsights_sitenote_active":false,"_monsterinsights_sitenote_note":"","_monsterinsights_sitenote_category":0,"_joinchat":[]},"product_brand":[],"product_cat":[1217,1367,1203,1206,1216],"product_tag":[],"class_list":{"0":"post-26646","1":"product","2":"type-product","3":"status-publish","4":"has-post-thumbnail","6":"product_cat-drogueria-para-masajesaceites-sin-sabores","7":"product_cat-drogueria-lubricantesbio-ecologico","8":"product_cat-drogueria","9":"product_cat-drogueria-lubricantes","10":"product_cat-drogueria-para-masajes","11":"yith_product_brand-joydivision","12":"yith_product_brand-joydivisionjoydivision-bioglide","14":"first","15":"instock","16":"taxable","17":"shipping-taxable","18":"purchasable","19":"product-type-simple"},"aioseo_notices":[],"_links":{"self":[{"href":"https:\/\/www.mysexualfantasy.eu\/en\/wp-json\/wp\/v2\/product\/26646","targetHints":{"allow":["GET"]}}],"collection":[{"href":"https:\/\/www.mysexualfantasy.eu\/en\/wp-json\/wp\/v2\/product"}],"about":[{"href":"https:\/\/www.mysexualfantasy.eu\/en\/wp-json\/wp\/v2\/types\/product"}],"replies":[{"embeddable":true,"href":"https:\/\/www.mysexualfantasy.eu\/en\/wp-json\/wp\/v2\/comments?post=26646"}],"wp:featuredmedia":[{"embeddable":true,"href":"https:\/\/www.mysexualfantasy.eu\/en\/wp-json\/wp\/v2\/media\/52970"}],"wp:attachment":[{"href":"https:\/\/www.mysexualfantasy.eu\/en\/wp-json\/wp\/v2\/media?parent=26646"}],"wp:term":[{"taxonomy":"product_brand","embeddable":true,"href":"https:\/\/www.mysexualfantasy.eu\/en\/wp-json\/wp\/v2\/product_brand?post=26646"},{"taxonomy":"product_cat","embeddable":true,"href":"https:\/\/www.mysexualfantasy.eu\/en\/wp-json\/wp\/v2\/product_cat?post=26646"},{"taxonomy":"product_tag","embeddable":true,"href":"https:\/\/www.mysexualfantasy.eu\/en\/wp-json\/wp\/v2\/product_tag?post=26646"}],"curies":[{"name":"wp","href":"https:\/\/api.w.org\/{rel}","templated":true}]}}