{"id":26659,"date":"2023-01-13T12:16:57","date_gmt":"2023-01-13T12:16:57","guid":{"rendered":"https:\/\/www.mysexualfantasy.eu\/?post_type=product&#038;p=26659"},"modified":"2023-12-06T17:25:43","modified_gmt":"2023-12-06T17:25:43","slug":"le-frivole-04322-panties-con-abertura-s-m","status":"publish","type":"product","link":"https:\/\/www.mysexualfantasy.eu\/en\/product\/le-frivole-04322-panties-con-abertura-s-m\/","title":{"rendered":"LE FRIVOLE &#8211; 04322 PANTIES CON ABERTURA S\/M"},"content":{"rendered":"<p>El verdadero arte de la seducci\u00f3n y el disfrute de la pasi\u00f3n requieren de un gran confort para que la persona se sienta a s\u00ed misma seductora y pura pasi\u00f3n. Esta es la raz\u00f3n por la que hemos dise\u00f1ado y preparado esta lencer\u00eda tan escandalosamente sexy especialmente para t\u00ed.\u00a0<\/p>\n<p>Especificaciones\u00a0<\/p>\n<ul>\n<li>Panties con abertura\u00a0<\/li>\n<li>Composici\u00f3n: 76% polyamida, 24% spandex<\/li>\n<li>Ajuste perfecto<\/li>\n<li>Calidad premium\u00a0<\/li>\n<li>Presentacion en bonita caja con colgador opcional\u00a0<\/li>\n<li>Talla: S\/M<\/li>\n<\/ul>\n<p>La marca de lencer\u00eda y disfraces er\u00f3ticos Le Frivole fue creada en 2011 y su nombre viene del franc\u00e9s Le\u00a0Frivole que significa Fr\u00edvolo, o lo que es lo mismo, pensar\u00a0solo en el aspecto divertido o l\u00fadico de la vida<\/p>\n<p>La marca Le Frivole est\u00e1 dirigida principalmente a mujeres seguras de s\u00ed mismas y decididas que saben exactamente lo que quieren y no tienen miedo de vivir con pasi\u00f3n. A la misma vez Le Frivole envalienta a aquellas m\u00e1s inseguras, t\u00edmidas y sumisas a explorar y hacer realidad sus fantas\u00edas m\u00e1s er\u00f3ticas. Por esta raz\u00f3n, Le Frivole ha prestado especial atenci\u00f3n a la creaci\u00f3n de una lencer\u00eda cl\u00e1sica de seducci\u00f3n pero perfecta para cada necesidad. Lencer\u00eda para la sensualidad, el erotismo y la seducci\u00f3n.<\/p>\n<p style=\"text-align: center;\"><img decoding=\"async\" alt=\"\" src=\"https:\/\/interno.dreamlove.es\/UserFiles\/images\/CVBCV%202.jpg\" style=\"text-align: center; width: 900px; height: 181px;\" \/><\/p>","protected":false},"excerpt":{"rendered":"<p>LE FRIVOLE &#8211; 04322 CROTCHLESS PANTIES S\/M<\/p>","protected":false},"featured_media":48296,"comment_status":"open","ping_status":"closed","template":"","meta":{"_monsterinsights_skip_tracking":false,"_monsterinsights_sitenote_active":false,"_monsterinsights_sitenote_note":"","_monsterinsights_sitenote_category":0,"_joinchat":[]},"product_brand":[],"product_cat":[1328,1327,1325,1196,1199,1166,148],"product_tag":[],"class_list":{"0":"post-26659","1":"product","2":"type-product","3":"status-publish","4":"has-post-thumbnail","6":"product_cat-moda-lencerialenceria-mujerlenceria-sexybragas-sexysbragas","7":"product_cat-moda-lencerialenceria-mujerlenceria-sexybragas-sexysbragas-con-abertura","8":"product_cat-moda-lencerialenceria-mujerlenceria-sexybragas-sexys","9":"product_cat-moda-lencerialenceria-mujer","10":"product_cat-moda-lencerialenceria-mujerlenceria-sexy","11":"product_cat-moda-lenceria","12":"product_cat-ofertas","13":"yith_product_brand-le-frivole","14":"yith_product_brand-le-frivole-le-frivole-thong-panties","16":"first","17":"instock","18":"taxable","19":"shipping-taxable","20":"purchasable","21":"product-type-variable"},"aioseo_notices":[],"_links":{"self":[{"href":"https:\/\/www.mysexualfantasy.eu\/en\/wp-json\/wp\/v2\/product\/26659","targetHints":{"allow":["GET"]}}],"collection":[{"href":"https:\/\/www.mysexualfantasy.eu\/en\/wp-json\/wp\/v2\/product"}],"about":[{"href":"https:\/\/www.mysexualfantasy.eu\/en\/wp-json\/wp\/v2\/types\/product"}],"replies":[{"embeddable":true,"href":"https:\/\/www.mysexualfantasy.eu\/en\/wp-json\/wp\/v2\/comments?post=26659"}],"wp:featuredmedia":[{"embeddable":true,"href":"https:\/\/www.mysexualfantasy.eu\/en\/wp-json\/wp\/v2\/media\/48296"}],"wp:attachment":[{"href":"https:\/\/www.mysexualfantasy.eu\/en\/wp-json\/wp\/v2\/media?parent=26659"}],"wp:term":[{"taxonomy":"product_brand","embeddable":true,"href":"https:\/\/www.mysexualfantasy.eu\/en\/wp-json\/wp\/v2\/product_brand?post=26659"},{"taxonomy":"product_cat","embeddable":true,"href":"https:\/\/www.mysexualfantasy.eu\/en\/wp-json\/wp\/v2\/product_cat?post=26659"},{"taxonomy":"product_tag","embeddable":true,"href":"https:\/\/www.mysexualfantasy.eu\/en\/wp-json\/wp\/v2\/product_tag?post=26659"}],"curies":[{"name":"wp","href":"https:\/\/api.w.org\/{rel}","templated":true}]}}