{"id":26994,"date":"2023-01-13T12:34:39","date_gmt":"2023-01-13T12:34:39","guid":{"rendered":"https:\/\/www.mysexualfantasy.eu\/?post_type=product&#038;p=26994"},"modified":"2023-12-06T15:25:30","modified_gmt":"2023-12-06T15:25:30","slug":"subblime-queen-plus-babydoll-manga-larga-blanco","status":"publish","type":"product","link":"https:\/\/www.mysexualfantasy.eu\/en\/product\/subblime-queen-plus-babydoll-manga-larga-blanco\/","title":{"rendered":"SUBBLIME QUEEN PLUS &#8211; BABYDOLL MANGA LARGA BLANCO"},"content":{"rendered":"<p>El t\u00e9rmino Sublime lo usamos para referirnos a una belleza extrema, a algo que vas m\u00e1s all\u00e1 de la racionalidad del espectador. Es por esta raz\u00f3n, que se use en un sentido figurado en personas y obras que destacan del conjunto en t\u00e9rminos de excelencia, superioridad, belleza y perfecci\u00f3n.<\/p>\n<p>Subblime es una marca de lencer\u00eda dise\u00f1ada en EEUU creada para mujeres que quieren sentirse extremadamente sexys e irresistibles con materiales de alta calidad y m\u00e1ximo confort.<\/p>\n<ul>\n<li>Elegante Babydoll\u00a0<\/li>\n<li>Manga larga<\/li>\n<li>Color: Blanco<\/li>\n<li>Con cintur\u00f3n\u00a0<\/li>\n<li>Geniales flequitos\u00a0y encajes\u00a0<\/li>\n<li>Presentaci\u00f3n en caja\u00a0<\/li>\n<li>Talla: Queen plus\u00a0<\/li>\n<\/ul>\n<p>Elegancia y seducci\u00f3n elevados a su m\u00e1ximo exponente, simplemente&#8230; \u00a1Sublime!\u00a0<\/p>\n<p style=\"text-align: center;\"><img decoding=\"async\" alt=\"\" src=\"https:\/\/interno.dreamlove.es\/UserFiles\/images\/SUBBLIME%20PLUS%20con%20logo.jpg\" style=\"text-align: center; width: 585px; height: 175px;\" \/><\/p>","protected":false},"excerpt":{"rendered":"<p>SUBBLIME QUEEN PLUS &#8211; WHITE BABYDOLL WITH FRINGE<\/p>","protected":false},"featured_media":51796,"comment_status":"open","ping_status":"closed","template":"","meta":{"_monsterinsights_skip_tracking":false,"_monsterinsights_sitenote_active":false,"_monsterinsights_sitenote_note":"","_monsterinsights_sitenote_category":0,"_joinchat":[]},"product_brand":[],"product_cat":[1289,1196,1199,1166],"product_tag":[],"class_list":{"0":"post-26994","1":"product","2":"type-product","3":"status-publish","4":"has-post-thumbnail","6":"product_cat-moda-lencerialenceria-mujerlenceria-sexybatas-sexys","7":"product_cat-moda-lencerialenceria-mujer","8":"product_cat-moda-lencerialenceria-mujerlenceria-sexy","9":"product_cat-moda-lenceria","10":"yith_product_brand-subblime","11":"yith_product_brand-subblime-subblime-queen-plus-size","13":"first","14":"instock","15":"taxable","16":"shipping-taxable","17":"purchasable","18":"product-type-simple"},"aioseo_notices":[],"_links":{"self":[{"href":"https:\/\/www.mysexualfantasy.eu\/en\/wp-json\/wp\/v2\/product\/26994","targetHints":{"allow":["GET"]}}],"collection":[{"href":"https:\/\/www.mysexualfantasy.eu\/en\/wp-json\/wp\/v2\/product"}],"about":[{"href":"https:\/\/www.mysexualfantasy.eu\/en\/wp-json\/wp\/v2\/types\/product"}],"replies":[{"embeddable":true,"href":"https:\/\/www.mysexualfantasy.eu\/en\/wp-json\/wp\/v2\/comments?post=26994"}],"wp:featuredmedia":[{"embeddable":true,"href":"https:\/\/www.mysexualfantasy.eu\/en\/wp-json\/wp\/v2\/media\/51796"}],"wp:attachment":[{"href":"https:\/\/www.mysexualfantasy.eu\/en\/wp-json\/wp\/v2\/media?parent=26994"}],"wp:term":[{"taxonomy":"product_brand","embeddable":true,"href":"https:\/\/www.mysexualfantasy.eu\/en\/wp-json\/wp\/v2\/product_brand?post=26994"},{"taxonomy":"product_cat","embeddable":true,"href":"https:\/\/www.mysexualfantasy.eu\/en\/wp-json\/wp\/v2\/product_cat?post=26994"},{"taxonomy":"product_tag","embeddable":true,"href":"https:\/\/www.mysexualfantasy.eu\/en\/wp-json\/wp\/v2\/product_tag?post=26994"}],"curies":[{"name":"wp","href":"https:\/\/api.w.org\/{rel}","templated":true}]}}