{"id":26999,"date":"2023-01-13T14:31:56","date_gmt":"2023-01-13T14:31:56","guid":{"rendered":"https:\/\/www.mysexualfantasy.eu\/?post_type=product&#038;p=26999"},"modified":"2023-12-06T15:25:30","modified_gmt":"2023-12-06T15:25:30","slug":"subblime-peignoir-diseno-floral-talla-unica","status":"publish","type":"product","link":"https:\/\/www.mysexualfantasy.eu\/en\/product\/subblime-peignoir-diseno-floral-talla-unica\/","title":{"rendered":"SUBBLIME BABYDOLL &#8211; PEIGNOIR DISE\u00d1O FLORAL TALLA UNICA"},"content":{"rendered":"<p>El t\u00e9rmino Sublime lo usamos para referirnos a una belleza extrema, a algo que vas m\u00e1s all\u00e1 de la racionalidad del espectador. Es por esta raz\u00f3n, que se use en un sentido figurado en personas y obras que destacan del conjunto en t\u00e9rminos de excelencia, superioridad, belleza y perfecci\u00f3n.<\/p>\n<p>Subblime es una marca de lencer\u00eda dise\u00f1ada en EEUU creada para mujeres que quieren sentirse extremadamente sexys e irresistibles con materiales de alta calidad y m\u00e1ximo confort.<\/p>\n<ul>\n<li>Sensual Peignoir\u00a0<\/li>\n<li>Dise\u00f1o floral<\/li>\n<li>Color: Negro\u00a0<\/li>\n<li>Sexy combinaci\u00f3n de encajes y transparencias\u00a0<\/li>\n<li>Bordes con flequitos\u00a0<\/li>\n<li>Tanga a juego<\/li>\n<li>Presentaci\u00f3n en caja\u00a0<\/li>\n<li>Dise\u00f1o exclusivo<\/li>\n<li>Talla Unica<\/li>\n<\/ul>\n<p>Elegancia y seducci\u00f3n elevados a su m\u00e1ximo exponente, simplemente&#8230; \u00a1Sublime!\u00a0<\/p>\n<p style=\"text-align: center;\"><img decoding=\"async\" alt=\"\" src=\"https:\/\/interno.dreamlove.es\/UserFiles\/images\/TALLA%281%29.jpg\" style=\"width: 613px; height: 131px;\" \/><\/p>","protected":false},"excerpt":{"rendered":"<p>SUBBLIME BABYDOLL &#8211; PEIGNOIR FLORAL DESIGN ONE SIZE<\/p>","protected":false},"featured_media":68719,"comment_status":"open","ping_status":"closed","template":"","meta":{"_monsterinsights_skip_tracking":false,"_monsterinsights_sitenote_active":false,"_monsterinsights_sitenote_note":"","_monsterinsights_sitenote_category":0,"_joinchat":[]},"product_brand":[],"product_cat":[1289,1196,1199,1166],"product_tag":[],"class_list":{"0":"post-26999","1":"product","2":"type-product","3":"status-publish","4":"has-post-thumbnail","6":"product_cat-moda-lencerialenceria-mujerlenceria-sexybatas-sexys","7":"product_cat-moda-lencerialenceria-mujer","8":"product_cat-moda-lencerialenceria-mujerlenceria-sexy","9":"product_cat-moda-lenceria","10":"yith_product_brand-subblime","11":"yith_product_brand-subblime-subblime-babydolls","13":"first","14":"instock","15":"taxable","16":"shipping-taxable","17":"purchasable","18":"product-type-variable"},"aioseo_notices":[],"_links":{"self":[{"href":"https:\/\/www.mysexualfantasy.eu\/en\/wp-json\/wp\/v2\/product\/26999","targetHints":{"allow":["GET"]}}],"collection":[{"href":"https:\/\/www.mysexualfantasy.eu\/en\/wp-json\/wp\/v2\/product"}],"about":[{"href":"https:\/\/www.mysexualfantasy.eu\/en\/wp-json\/wp\/v2\/types\/product"}],"replies":[{"embeddable":true,"href":"https:\/\/www.mysexualfantasy.eu\/en\/wp-json\/wp\/v2\/comments?post=26999"}],"wp:featuredmedia":[{"embeddable":true,"href":"https:\/\/www.mysexualfantasy.eu\/en\/wp-json\/wp\/v2\/media\/68719"}],"wp:attachment":[{"href":"https:\/\/www.mysexualfantasy.eu\/en\/wp-json\/wp\/v2\/media?parent=26999"}],"wp:term":[{"taxonomy":"product_brand","embeddable":true,"href":"https:\/\/www.mysexualfantasy.eu\/en\/wp-json\/wp\/v2\/product_brand?post=26999"},{"taxonomy":"product_cat","embeddable":true,"href":"https:\/\/www.mysexualfantasy.eu\/en\/wp-json\/wp\/v2\/product_cat?post=26999"},{"taxonomy":"product_tag","embeddable":true,"href":"https:\/\/www.mysexualfantasy.eu\/en\/wp-json\/wp\/v2\/product_tag?post=26999"}],"curies":[{"name":"wp","href":"https:\/\/api.w.org\/{rel}","templated":true}]}}