{"id":27418,"date":"2023-01-13T14:00:14","date_gmt":"2023-01-13T14:00:14","guid":{"rendered":"https:\/\/www.mysexualfantasy.eu\/?post_type=product&#038;p=27418"},"modified":"2023-12-06T15:53:05","modified_gmt":"2023-12-06T15:53:05","slug":"king-cock-dildo-realistico-33-cm","status":"publish","type":"product","link":"https:\/\/www.mysexualfantasy.eu\/en\/product\/king-cock-dildo-realistico-33-cm\/","title":{"rendered":"KING COCK DILDO REALISTICO 33 CM"},"content":{"rendered":"<p>Quieres que tu dildo parezca y sea como la\u00a0dura roca como\u00a0con la que siempre hab\u00edas fantaseado? Para de so\u00f1ar y hazlo realidad. Cada vena, cada eje y cada glande est\u00e1n cuidadosamente pintados a mano con exquisitos detalles para darte la experiencia mas real\u00edstica que jam\u00e1s hubieras imaginado. Su increible ventosa se adhiere a casi cualquier superficie plana y a sus arneses compatibles.<\/p>\n<ul>\n<li>Length: 13&#8243; (33 cm)<\/li>\n<li>Width:\u00a02.75&#8243; (7 cm)<\/li>\n<li>Insertable Length: 11.5 in. &#8211; ( 29.2 cm )\u00a0<\/li>\n<li>Weight: 2 lbs. 3.25 oz. ( 1 kg )<\/li>\n<\/ul>","protected":false},"excerpt":{"rendered":"<p>KING COCK REALISTIC DILDO 33 CM<\/p>","protected":false},"featured_media":64033,"comment_status":"open","ping_status":"closed","template":"","meta":{"_monsterinsights_skip_tracking":false,"_monsterinsights_sitenote_active":false,"_monsterinsights_sitenote_note":"","_monsterinsights_sitenote_category":0,"_joinchat":[]},"product_brand":[],"product_cat":[1182,1304,1152,1188],"product_tag":[],"class_list":{"0":"post-27418","1":"product","2":"type-product","3":"status-publish","4":"has-post-thumbnail","6":"product_cat-juguetes-bienestar-dildos","7":"product_cat-juguetes-bienestar-dildosdildos-para-arneses","8":"product_cat-juguetes-bienestar","9":"product_cat-juguetes-bienestar-dildospenes-realisticos","10":"yith_product_brand-pipedreamsking-cock","11":"yith_product_brand-pipedreams","13":"first","14":"instock","15":"taxable","16":"shipping-taxable","17":"purchasable","18":"product-type-simple"},"aioseo_notices":[],"_links":{"self":[{"href":"https:\/\/www.mysexualfantasy.eu\/en\/wp-json\/wp\/v2\/product\/27418","targetHints":{"allow":["GET"]}}],"collection":[{"href":"https:\/\/www.mysexualfantasy.eu\/en\/wp-json\/wp\/v2\/product"}],"about":[{"href":"https:\/\/www.mysexualfantasy.eu\/en\/wp-json\/wp\/v2\/types\/product"}],"replies":[{"embeddable":true,"href":"https:\/\/www.mysexualfantasy.eu\/en\/wp-json\/wp\/v2\/comments?post=27418"}],"wp:featuredmedia":[{"embeddable":true,"href":"https:\/\/www.mysexualfantasy.eu\/en\/wp-json\/wp\/v2\/media\/64033"}],"wp:attachment":[{"href":"https:\/\/www.mysexualfantasy.eu\/en\/wp-json\/wp\/v2\/media?parent=27418"}],"wp:term":[{"taxonomy":"product_brand","embeddable":true,"href":"https:\/\/www.mysexualfantasy.eu\/en\/wp-json\/wp\/v2\/product_brand?post=27418"},{"taxonomy":"product_cat","embeddable":true,"href":"https:\/\/www.mysexualfantasy.eu\/en\/wp-json\/wp\/v2\/product_cat?post=27418"},{"taxonomy":"product_tag","embeddable":true,"href":"https:\/\/www.mysexualfantasy.eu\/en\/wp-json\/wp\/v2\/product_tag?post=27418"}],"curies":[{"name":"wp","href":"https:\/\/api.w.org\/{rel}","templated":true}]}}