{"id":27508,"date":"2023-01-13T14:35:50","date_gmt":"2023-01-13T14:35:50","guid":{"rendered":"https:\/\/www.mysexualfantasy.eu\/?post_type=product&#038;p=27508"},"modified":"2023-12-06T16:02:21","modified_gmt":"2023-12-06T16:02:21","slug":"rocks-off-kit-oscuros-deseos-silhouette-dark-desire","status":"publish","type":"product","link":"https:\/\/www.mysexualfantasy.eu\/en\/product\/rocks-off-kit-oscuros-deseos-silhouette-dark-desire\/","title":{"rendered":"ROCKS-OFF KIT OSCUROS DESEOS SILHOUETTE DARK DESIRE"},"content":{"rendered":"<p><strong>Rascal Rabbit<\/strong><\/p>\n<p>Adorable y tan atrevido, este peque\u00f1\u00edn pronto ser\u00e1 tu rabbit favorito<\/p>\n<p><strong>Pleasure Me<\/strong><\/p>\n<p>Elegante y refinado, esta funda tan sublime estar\u00e1 lista\u00a0para ti en tus momentos mas intimos<\/p>\n<p><strong>Tease n please<\/strong><\/p>\n<ul>\n<li>Siete modos de puro \u00e9xtasis solo para t\u00ed en esta potente bala.\u00a0<\/li>\n<li>Super suave\u00a0<\/li>\n<li>Body safe<\/li>\n<li>Material: Silicona\u00a0<\/li>\n<li>Para estimulaci\u00f3n interna y externa.\u00a0<\/li>\n<li>100% sumergible\u00a0<\/li>\n<li>Body safe\u00a0<\/li>\n<\/ul>\n<p>\u00a0<\/p>","protected":false},"excerpt":{"rendered":"<p>ROCKS-OFF SILHOUETTE DARK DESIRES KIT<\/p>","protected":false},"featured_media":69363,"comment_status":"open","ping_status":"closed","template":"","meta":{"_monsterinsights_skip_tracking":false,"_monsterinsights_sitenote_active":false,"_monsterinsights_sitenote_note":"","_monsterinsights_sitenote_category":0,"_joinchat":[]},"product_brand":[],"product_cat":[1311,1156,1152,1155,1185,1163,1153],"product_tag":[],"class_list":{"0":"post-27508","1":"product","2":"type-product","3":"status-publish","4":"has-post-thumbnail","6":"product_cat-juguetes-bienestar-juguetes-para-mujeresestimuladoresbalas-vibradoras","7":"product_cat-juguetes-bienestar-juguetes-para-mujeresestimuladores","8":"product_cat-juguetes-bienestar","9":"product_cat-juguetes-bienestar-juguetes-para-mujeres","10":"product_cat-juguetes-bienestar-kits-juguetes-sexuales","11":"product_cat-juguetes-bienestar-juguetes-para-mujeresestimuladorespara-clitoris","12":"product_cat-juguetes-bienestar-vibradores","13":"yith_product_brand-rocks-off","15":"first","16":"instock","17":"taxable","18":"shipping-taxable","19":"purchasable","20":"product-type-simple"},"aioseo_notices":[],"_links":{"self":[{"href":"https:\/\/www.mysexualfantasy.eu\/en\/wp-json\/wp\/v2\/product\/27508","targetHints":{"allow":["GET"]}}],"collection":[{"href":"https:\/\/www.mysexualfantasy.eu\/en\/wp-json\/wp\/v2\/product"}],"about":[{"href":"https:\/\/www.mysexualfantasy.eu\/en\/wp-json\/wp\/v2\/types\/product"}],"replies":[{"embeddable":true,"href":"https:\/\/www.mysexualfantasy.eu\/en\/wp-json\/wp\/v2\/comments?post=27508"}],"wp:featuredmedia":[{"embeddable":true,"href":"https:\/\/www.mysexualfantasy.eu\/en\/wp-json\/wp\/v2\/media\/69363"}],"wp:attachment":[{"href":"https:\/\/www.mysexualfantasy.eu\/en\/wp-json\/wp\/v2\/media?parent=27508"}],"wp:term":[{"taxonomy":"product_brand","embeddable":true,"href":"https:\/\/www.mysexualfantasy.eu\/en\/wp-json\/wp\/v2\/product_brand?post=27508"},{"taxonomy":"product_cat","embeddable":true,"href":"https:\/\/www.mysexualfantasy.eu\/en\/wp-json\/wp\/v2\/product_cat?post=27508"},{"taxonomy":"product_tag","embeddable":true,"href":"https:\/\/www.mysexualfantasy.eu\/en\/wp-json\/wp\/v2\/product_tag?post=27508"}],"curies":[{"name":"wp","href":"https:\/\/api.w.org\/{rel}","templated":true}]}}