{"id":27545,"date":"2023-01-13T13:30:36","date_gmt":"2023-01-13T13:30:36","guid":{"rendered":"https:\/\/www.mysexualfantasy.eu\/?post_type=product&#038;p=27545"},"modified":"2023-12-06T15:55:15","modified_gmt":"2023-12-06T15:55:15","slug":"bathmate-masajeador-prostatico-y-perineo","status":"publish","type":"product","link":"https:\/\/www.mysexualfantasy.eu\/en\/product\/bathmate-masajeador-prostatico-y-perineo\/","title":{"rendered":"BATHMATE &#8211; MASAJEADOR PROSTATICO Y PERINEO"},"content":{"rendered":"<p>Accionado por nuestra potente bala Bathmate, este estimulador de prostata est\u00e1 dise\u00f1ado para una estimulaci\u00f3n de gran calibre tanto en prostata como en el perineo. Dispone de diez modos de vibraci\u00f3n y de silicona super suave al tacto, adem\u00e1s de estar ergonomicamente dise\u00f1ado para un uso seguro y c\u00f3modo. Es perfecto tanto para principiantes como para los usuarios mas experimentados, este masajeador a\u00f1adir\u00e1 una nueva dimensi\u00f3n a tus sesiones de placer tanto solo como acompa\u00f1ado\u00a0<\/p>\n<p>Adem\u00e1s la bala puede ser extraida para explorar en multitud de zonas er\u00f3genas y sensitivas.\u00a0<\/p>\n<ul>\n<li>10 modos de vibraci\u00f3n\u00a0<\/li>\n<li>USB recargable\u00a0<\/li>\n<li>100% sumergible\u00a0<\/li>\n<li>Dise\u00f1o ergon\u00f3mico<\/li>\n<li>\u00a0Silicona bodysafe<\/li>\n<li>Estimulaci\u00f3n doble, tanto en pr\u00f3stata como en perineo.\u00a0<\/li>\n<\/ul>","protected":false},"excerpt":{"rendered":"<p>BATHMATE &#8211; PROSTATE AND PERINEUM VIBRATING MASSAGER<\/p>","protected":false},"featured_media":60157,"comment_status":"open","ping_status":"closed","template":"","meta":{"_monsterinsights_skip_tracking":false,"_monsterinsights_sitenote_active":false,"_monsterinsights_sitenote_note":"","_monsterinsights_sitenote_category":0,"_joinchat":[]},"product_brand":[],"product_cat":[1162,1308,1152],"product_tag":[],"class_list":{"0":"post-27545","1":"product","2":"type-product","3":"status-publish","4":"has-post-thumbnail","6":"product_cat-juguetes-bienestar-anal","7":"product_cat-juguetes-bienestar-analespecial-prostaticos","8":"product_cat-juguetes-bienestar","9":"yith_product_brand-bathmate","11":"first","12":"instock","13":"taxable","14":"shipping-taxable","15":"purchasable","16":"product-type-simple"},"aioseo_notices":[],"_links":{"self":[{"href":"https:\/\/www.mysexualfantasy.eu\/en\/wp-json\/wp\/v2\/product\/27545","targetHints":{"allow":["GET"]}}],"collection":[{"href":"https:\/\/www.mysexualfantasy.eu\/en\/wp-json\/wp\/v2\/product"}],"about":[{"href":"https:\/\/www.mysexualfantasy.eu\/en\/wp-json\/wp\/v2\/types\/product"}],"replies":[{"embeddable":true,"href":"https:\/\/www.mysexualfantasy.eu\/en\/wp-json\/wp\/v2\/comments?post=27545"}],"wp:featuredmedia":[{"embeddable":true,"href":"https:\/\/www.mysexualfantasy.eu\/en\/wp-json\/wp\/v2\/media\/60157"}],"wp:attachment":[{"href":"https:\/\/www.mysexualfantasy.eu\/en\/wp-json\/wp\/v2\/media?parent=27545"}],"wp:term":[{"taxonomy":"product_brand","embeddable":true,"href":"https:\/\/www.mysexualfantasy.eu\/en\/wp-json\/wp\/v2\/product_brand?post=27545"},{"taxonomy":"product_cat","embeddable":true,"href":"https:\/\/www.mysexualfantasy.eu\/en\/wp-json\/wp\/v2\/product_cat?post=27545"},{"taxonomy":"product_tag","embeddable":true,"href":"https:\/\/www.mysexualfantasy.eu\/en\/wp-json\/wp\/v2\/product_tag?post=27545"}],"curies":[{"name":"wp","href":"https:\/\/api.w.org\/{rel}","templated":true}]}}