{"id":27559,"date":"2023-01-13T11:40:44","date_gmt":"2023-01-13T11:40:44","guid":{"rendered":"https:\/\/www.mysexualfantasy.eu\/?post_type=product&#038;p=27559"},"modified":"2023-12-06T16:02:22","modified_gmt":"2023-12-06T16:02:22","slug":"intense-jan-huevo-vibrador-control-remoto-lila","status":"publish","type":"product","link":"https:\/\/www.mysexualfantasy.eu\/en\/product\/intense-jan-huevo-vibrador-control-remoto-lila\/","title":{"rendered":"INTENSE JAN  HUEVO VIBRADOR CONTROL REMOTO LILA"},"content":{"rendered":"<p>Estas preparado para la acci\u00f3n? Con Intense Jan ser\u00e1 una grata sorpresa jugar. \u00a0<\/p>\n<p>Jueguen juntos este juego \u00edntimo y sensual y aumenten la tensi\u00f3n sin que nadie se d\u00e9 cuenta de lo que est\u00e1 sucediendo. Funciona de manera simple y podr\u00eda hacerlo en cualquier lugar, dependiendo de qu\u00e9 tan lejos quiera llegar.<\/p>\n<p>Como funciona? Colocas el huevo vibrador JAN en tu vagina y le pasas el control remoto a tu pareja. \u00a1Con este control remoto, su compa\u00f1ero tendr\u00e1 control sobre c\u00f3mo se sentir\u00e1 porque el control remoto funciona a una distancia de hasta 10 metros y opera 10 niveles de vibraci\u00f3n diferentes! Su pareja decidir\u00e1 lo que siente y cu\u00e1ndo lo siente.<\/p>\n<p>Te gustar\u00eda mantener el control total t\u00fa mismo? En ese caso, solo guarde el control remoto y decida cu\u00e1ndo y c\u00f3mo lo quiere.<\/p>\n<p>\u00a1Expande tu horizonte sensual y disfruta de las vibraciones a medida que vienen!<\/p>\n<ul>\n<li>Silicona alta calidad suave y sedosa<\/li>\n<li>Seguro para el cuerpo<\/li>\n<li>Recargable v\u00eda USB<\/li>\n<li>10 modos de vibraci\u00f3n<\/li>\n<li>Sumergible<\/li>\n<li>Funciona hasta 10 metros de distancia.<\/li>\n<li>El control remoto funciona con dos pilas AAA no incluidas.<\/li>\n<li>Peso huevo: 30 gramos<\/li>\n<\/ul>","protected":false},"excerpt":{"rendered":"<p>INTENSE JAN VIBRATING EGG REMOTE DEEP PURPLE<\/p>","protected":false},"featured_media":40980,"comment_status":"open","ping_status":"closed","template":"","meta":{"_monsterinsights_skip_tracking":false,"_monsterinsights_sitenote_active":false,"_monsterinsights_sitenote_note":"","_monsterinsights_sitenote_category":0,"_joinchat":[]},"product_brand":[],"product_cat":[1156,1157,1152,1155,1153,1154],"product_tag":[],"class_list":{"0":"post-27559","1":"product","2":"type-product","3":"status-publish","4":"has-post-thumbnail","6":"product_cat-juguetes-bienestar-juguetes-para-mujeresestimuladores","7":"product_cat-juguetes-bienestar-juguetes-para-mujeresestimuladoreshuevos-vibradores","8":"product_cat-juguetes-bienestar","9":"product_cat-juguetes-bienestar-juguetes-para-mujeres","10":"product_cat-juguetes-bienestar-vibradores","11":"product_cat-juguetes-bienestar-vibradoresvibradores-control-remoto","12":"yith_product_brand-intense","13":"yith_product_brand-intenseintense-toysintense-couples-toys","14":"yith_product_brand-intenseintense-toys","16":"first","17":"instock","18":"taxable","19":"shipping-taxable","20":"purchasable","21":"product-type-simple"},"aioseo_notices":[],"_links":{"self":[{"href":"https:\/\/www.mysexualfantasy.eu\/en\/wp-json\/wp\/v2\/product\/27559","targetHints":{"allow":["GET"]}}],"collection":[{"href":"https:\/\/www.mysexualfantasy.eu\/en\/wp-json\/wp\/v2\/product"}],"about":[{"href":"https:\/\/www.mysexualfantasy.eu\/en\/wp-json\/wp\/v2\/types\/product"}],"replies":[{"embeddable":true,"href":"https:\/\/www.mysexualfantasy.eu\/en\/wp-json\/wp\/v2\/comments?post=27559"}],"wp:featuredmedia":[{"embeddable":true,"href":"https:\/\/www.mysexualfantasy.eu\/en\/wp-json\/wp\/v2\/media\/40980"}],"wp:attachment":[{"href":"https:\/\/www.mysexualfantasy.eu\/en\/wp-json\/wp\/v2\/media?parent=27559"}],"wp:term":[{"taxonomy":"product_brand","embeddable":true,"href":"https:\/\/www.mysexualfantasy.eu\/en\/wp-json\/wp\/v2\/product_brand?post=27559"},{"taxonomy":"product_cat","embeddable":true,"href":"https:\/\/www.mysexualfantasy.eu\/en\/wp-json\/wp\/v2\/product_cat?post=27559"},{"taxonomy":"product_tag","embeddable":true,"href":"https:\/\/www.mysexualfantasy.eu\/en\/wp-json\/wp\/v2\/product_tag?post=27559"}],"curies":[{"name":"wp","href":"https:\/\/api.w.org\/{rel}","templated":true}]}}