{"id":27621,"date":"2023-01-13T12:03:18","date_gmt":"2023-01-13T12:03:18","guid":{"rendered":"https:\/\/www.mysexualfantasy.eu\/?post_type=product&#038;p=27621"},"modified":"2023-12-06T16:02:28","modified_gmt":"2023-12-06T16:02:28","slug":"intense-sonny-vibrador-lila","status":"publish","type":"product","link":"https:\/\/www.mysexualfantasy.eu\/en\/product\/intense-sonny-vibrador-lila\/","title":{"rendered":"INTENSE SONNY VIBRADOR LILA"},"content":{"rendered":"<p>El eje y la punta curva de 13.5cm de Sonny son excelentes para identificar zonas de placer como el cl\u00edtoris, los pezones, el perineo, la cabeza del pene y cualquier otra zona er\u00f3gena que el usuario desee.<\/p>\n<p>Cl\u00e1sico, simple y construido para el placer, este masajeador amigable con los viajes tiene mucho impacto. Opera con un simple bot\u00f3n de clic, la curva cl\u00e1sica de los vibradores basic tiene 1 funci\u00f3n potente de vibraci\u00f3n<\/p>\n<p>Hecho con pl\u00e1stico ABS no poroso, libra de phalatos testado dermatol\u00f3gicamente, es f\u00e1cil de limpiar y vers\u00e1til a la hora de elegir lubricantes.<\/p>\n<p>Se recomienda utilizarlo con un lubricante base de agua de la marca Waterfeel y finalizar con una limpieza a base agua y jab\u00f3n ph neutro adem\u00e1s de utilizar el spray toycleaner de waterfeel que complementa la limpieza extrema.<\/p>\n<ul>\n<li>Silencioso<\/li>\n<li>Material; Abs<\/li>\n<li>Potente<\/li>\n<li>Funciona con 1 Pila AA no incluida<\/li>\n<li>13.5 Centimetros longitud x 2.5cm di\u00e1metro<\/li>\n<\/ul>","protected":false},"excerpt":{"rendered":"<p>INTENSE SONNY VIBRATOR PURPLE<\/p>","protected":false},"featured_media":45161,"comment_status":"open","ping_status":"closed","template":"","meta":{"_monsterinsights_skip_tracking":false,"_monsterinsights_sitenote_active":false,"_monsterinsights_sitenote_note":"","_monsterinsights_sitenote_category":0,"_joinchat":[]},"product_brand":[],"product_cat":[1156,1152,1155,1294,1153,1292],"product_tag":[],"class_list":{"0":"post-27621","1":"product","2":"type-product","3":"status-publish","4":"has-post-thumbnail","6":"product_cat-juguetes-bienestar-juguetes-para-mujeresestimuladores","7":"product_cat-juguetes-bienestar","8":"product_cat-juguetes-bienestar-juguetes-para-mujeres","9":"product_cat-juguetes-bienestar-vibradoresmini-vibradores","10":"product_cat-juguetes-bienestar-vibradores","11":"product_cat-juguetes-bienestar-vibradoresvibradores-clasicos-anales-o-vaginales","12":"yith_product_brand-intense","13":"yith_product_brand-intenseintense-toysintense-fun","14":"yith_product_brand-intenseintense-toys","16":"first","17":"instock","18":"taxable","19":"shipping-taxable","20":"purchasable","21":"product-type-simple"},"aioseo_notices":[],"_links":{"self":[{"href":"https:\/\/www.mysexualfantasy.eu\/en\/wp-json\/wp\/v2\/product\/27621","targetHints":{"allow":["GET"]}}],"collection":[{"href":"https:\/\/www.mysexualfantasy.eu\/en\/wp-json\/wp\/v2\/product"}],"about":[{"href":"https:\/\/www.mysexualfantasy.eu\/en\/wp-json\/wp\/v2\/types\/product"}],"replies":[{"embeddable":true,"href":"https:\/\/www.mysexualfantasy.eu\/en\/wp-json\/wp\/v2\/comments?post=27621"}],"wp:featuredmedia":[{"embeddable":true,"href":"https:\/\/www.mysexualfantasy.eu\/en\/wp-json\/wp\/v2\/media\/45161"}],"wp:attachment":[{"href":"https:\/\/www.mysexualfantasy.eu\/en\/wp-json\/wp\/v2\/media?parent=27621"}],"wp:term":[{"taxonomy":"product_brand","embeddable":true,"href":"https:\/\/www.mysexualfantasy.eu\/en\/wp-json\/wp\/v2\/product_brand?post=27621"},{"taxonomy":"product_cat","embeddable":true,"href":"https:\/\/www.mysexualfantasy.eu\/en\/wp-json\/wp\/v2\/product_cat?post=27621"},{"taxonomy":"product_tag","embeddable":true,"href":"https:\/\/www.mysexualfantasy.eu\/en\/wp-json\/wp\/v2\/product_tag?post=27621"}],"curies":[{"name":"wp","href":"https:\/\/api.w.org\/{rel}","templated":true}]}}