{"id":27656,"date":"2023-01-13T13:30:37","date_gmt":"2023-01-13T13:30:37","guid":{"rendered":"https:\/\/www.mysexualfantasy.eu\/?post_type=product&#038;p=27656"},"modified":"2023-12-06T16:02:43","modified_gmt":"2023-12-06T16:02:43","slug":"bathmate-hydroxtreme-7-wide-transparente","status":"publish","type":"product","link":"https:\/\/www.mysexualfantasy.eu\/en\/product\/bathmate-hydroxtreme-7-wide-transparente\/","title":{"rendered":"BATHMATE &#8211; HYDROXTREME 7 WIDE TRANSPARENTE"},"content":{"rendered":"<p>El Bathmate 7 Hydroxtreme 7 Wide es la bomba perfecta para los m\u00e1s pros.\u00a0<\/p>\n<p>Este Bathmate, te da los m\u00e1ximos resultados y el aumento de las forma m\u00e1s r\u00e1pida. Se caracteriza por una nueva b\u00e1lbula as\u00ed como su inflador desechable. El inflador puede adjuntarse a la balbula para un uso m\u00e1s f\u00e1cil. Este kit para el alargamientodel pene viene con su estuche as\u00f3 como con medidor.\u00a0<\/p>\n<p>Adem\u00e1s incluye una esponja de limpieza y una comoda inserci\u00f3n almohadillada. La mangera adjunta y el lubricante son estandars mientras que el adjunto para la ducha promete una experiencia muy f\u00e1cil de incluir en tu rutina de higiene. Incluye un sistema de seguridad para mantenerlo guardado y transportar de forma discreta.<\/p>\n<ul>\n<li>Color Transparente\u00a0<\/li>\n<li>Modelo Hydroxtreme 7 Wide\u00a0<\/li>\n<\/ul>\n<p>Lleva tu hidroterapia al m\u00e1ximo nivel .<\/p>","protected":false},"excerpt":{"rendered":"<p>BATHMATE &#8211; HYDROXTREME 7 WIDE CLEAR<\/p>","protected":false},"featured_media":60159,"comment_status":"open","ping_status":"closed","template":"","meta":{"_monsterinsights_skip_tracking":false,"_monsterinsights_sitenote_active":false,"_monsterinsights_sitenote_note":"","_monsterinsights_sitenote_category":0,"_joinchat":[]},"product_brand":[],"product_cat":[1170,1161,1152,1160,1155],"product_tag":[],"class_list":{"0":"post-27656","1":"product","2":"type-product","3":"status-publish","4":"has-post-thumbnail","6":"product_cat-juguetes-bienestar-juguetes-para-hombresaccesorios-para-el-pene","7":"product_cat-juguetes-bienestar-juguetes-para-hombresbomba-alargadora-pene","8":"product_cat-juguetes-bienestar","9":"product_cat-juguetes-bienestar-juguetes-para-hombres","10":"product_cat-juguetes-bienestar-juguetes-para-mujeres","11":"yith_product_brand-bathmate","13":"first","14":"instock","15":"taxable","16":"shipping-taxable","17":"purchasable","18":"product-type-simple"},"aioseo_notices":[],"_links":{"self":[{"href":"https:\/\/www.mysexualfantasy.eu\/en\/wp-json\/wp\/v2\/product\/27656","targetHints":{"allow":["GET"]}}],"collection":[{"href":"https:\/\/www.mysexualfantasy.eu\/en\/wp-json\/wp\/v2\/product"}],"about":[{"href":"https:\/\/www.mysexualfantasy.eu\/en\/wp-json\/wp\/v2\/types\/product"}],"replies":[{"embeddable":true,"href":"https:\/\/www.mysexualfantasy.eu\/en\/wp-json\/wp\/v2\/comments?post=27656"}],"wp:featuredmedia":[{"embeddable":true,"href":"https:\/\/www.mysexualfantasy.eu\/en\/wp-json\/wp\/v2\/media\/60159"}],"wp:attachment":[{"href":"https:\/\/www.mysexualfantasy.eu\/en\/wp-json\/wp\/v2\/media?parent=27656"}],"wp:term":[{"taxonomy":"product_brand","embeddable":true,"href":"https:\/\/www.mysexualfantasy.eu\/en\/wp-json\/wp\/v2\/product_brand?post=27656"},{"taxonomy":"product_cat","embeddable":true,"href":"https:\/\/www.mysexualfantasy.eu\/en\/wp-json\/wp\/v2\/product_cat?post=27656"},{"taxonomy":"product_tag","embeddable":true,"href":"https:\/\/www.mysexualfantasy.eu\/en\/wp-json\/wp\/v2\/product_tag?post=27656"}],"curies":[{"name":"wp","href":"https:\/\/api.w.org\/{rel}","templated":true}]}}