{"id":27662,"date":"2023-01-13T14:21:10","date_gmt":"2023-01-13T14:21:10","guid":{"rendered":"https:\/\/www.mysexualfantasy.eu\/?post_type=product&#038;p=27662"},"modified":"2023-12-06T16:02:45","modified_gmt":"2023-12-06T16:02:45","slug":"moressa-ivy-vibrador-estimulador-viaje-rosa","status":"publish","type":"product","link":"https:\/\/www.mysexualfantasy.eu\/en\/product\/moressa-ivy-vibrador-estimulador-viaje-rosa\/","title":{"rendered":"MORESSA IVY VIBRADOR ESTIMULADOR VIAJE ROSA"},"content":{"rendered":"<div>Ivy es un compa\u00f1ero de viaje de estilo \u00fanico: un objeto elegante y sencillo, siempre dispuesto a complacerte sin previo aviso.<\/div>\n<div>\u00a0<\/div>\n<div>Peque\u00f1o, ligero, con su aspecto de atractivo pintalabios, Ivy es un discreto y moderno vibrador para llevar siempre contigo y del cual disfrutar en cualquier momento.<\/div>\n<div>Y como es habitual cuando se trata de MORESSA, forma y funcionamiento se al\u00edan para permitir un control m\u00e1ximo en sus cuatro diferentes modos de estimulaci\u00f3n.<\/div>\n<div>\u00a0<\/div>\n<div>Como ocurre con todos los objetos de placer MORESSA, Ivy est\u00e1 dise\u00f1ado para proporcionar un intenso gozo f\u00edsico y una absoluta paz espiritual en cualquier situaci\u00f3n y bajo cualquier circunstancia.<\/div>\n<div>\u00a0<\/div>\n<div>Fabricado con silicona m\u00e9dica y Abs , aprobados por la FDA y libres de ftalato, Ivy\u00a0 proporciona 1.5 horas de vibraciones pr\u00e1cticamente silenciosas tras un tiempo de carga de apenas 1 hora.<\/div>\n<div>\u00a0<\/div>\n<div>La velocidad y la intensidad se regulan f\u00e1cilmente mediante un intuitivo interfaz de control.<\/div>\n<div>Creado con tecnolog\u00eda verde, te har\u00e1 sentir a gusto con la causa del medio ambiente y es muy silencioso. La carga completa es de menos de una hora de duraci\u00f3n y puede estar funcionando durante 2 horas seguidas.<\/div>\n<div>\u00a0<\/div>\n<div>La silicona de grado medico certificada hipoalerg\u00e9nica destaca por su tacto sedoso y su excelente capacidad de deslizamiento. Para que puedas disfrutar de tu nuevo amigo durante mucho tiempo, es recomendable que utilices un lubricante a base de agua waterfeel en tus juegos m\u00e1s h\u00famedos. As\u00ed proteges el material y la superficie se mantiene sedosa. Puedes lavar tu juguete muy f\u00e1cilmente con agua y un jab\u00f3n suave. Para una higiene m\u00e1s minuciosa, utiliza tambi\u00e9n un limpiador desinfectante especial para juguetes sexuales como Waterfeel o Nina kik\u00ed toy cleaner.<\/div>\n<ul>\n<li>\u2022<span style=\"white-space: pre;\"> <\/span>Alto rendimiento; 6 modos vibraci\u00f3n y 3 modos de intensidad<\/li>\n<li>\u2022<span style=\"white-space: pre;\"> <\/span>Completamente recargable; M\u00e1s potencia<\/li>\n<li>\u2022<span style=\"white-space: pre;\"> <\/span>Fabricado con 100% silicona m\u00e9dica: respeta tu cuerpo<\/li>\n<li>\u2022<span style=\"white-space: pre;\"> <\/span>Libre de ftalatos<\/li>\n<li>\u2022<span style=\"white-space: pre;\"> <\/span>Silencioso, menos de 60 decibelios.<\/li>\n<li>\u2022<span style=\"white-space: pre;\"> <\/span>Material seguro para el cuerpo<\/li>\n<li>\u2022<span style=\"white-space: pre;\"> <\/span>Recargable USB\u00a0<\/li>\n<li>\u2022<span style=\"white-space: pre;\"> <\/span>Sumergible categor\u00eda IPX7 \/ Apto para la ducha o Spa<\/li>\n<li>\u2022<span style=\"white-space: pre;\"> <\/span>Control retro iluminado con luces LED<\/li>\n<li>\u2022<span style=\"white-space: pre;\"> <\/span>Medida Total; 90 x 22mm<\/li>\n<li>\u2022<span style=\"white-space: pre;\"> <\/span>Peso; 257 gramos<\/li>\n<li>\u2022<span style=\"white-space: pre;\"> <\/span>Certificado; aprobado por la FDA.<\/li>\n<\/ul>\n<div>Presione tan solo dos segundos el bot\u00f3n + para encender o apagar a Ivy. Presiona el bot\u00f3n de las intensidades para modificar el modo e intensidad.<\/div>\n<div>Cargar<\/div>\n<div>El vibrador es recargable y permite un manejo c\u00f3modo, sin molestos cables. Antes de utilizarlo por primera vez, debes cargarlo completamente.\u00a0<\/div>\n<div>\u00a0<\/div>\n<div>Advertencia: el primer proceso de carga puede durar hasta tres horas.<\/div>\n<div>\u00a0<\/div>\n<div><strong>Eliminaci\u00f3n<\/strong><\/div>\n<div>La eliminaci\u00f3n de aparatos electr\u00f3nicos debe realizarse seg\u00fan la normativa para residuos peligrosos vigente en la Uni\u00f3n Europea y en otros pa\u00edses europeos o seg\u00fan las reglamentaciones locales. Respeta las normativas de eliminaci\u00f3n de basuras<\/div>\n<div>Espec\u00edficas de tu pa\u00eds y, en caso de duda, pregunta a tu distribuidor sobre las opciones de eliminaci\u00f3n.<\/div>\n<div>\u00a0<\/div>\n<div><strong>Contenido<\/strong><\/div>\n<div>\u00a0<\/div>\n<div>Abrir una caja de productos MORESSA es exclusividad. La satisfacci\u00f3n es nuestro objetivo, por ello hemos cuidado cada detalle.<\/div>\n<ul>\n<li>\u2022<span style=\"white-space: pre;\"> <\/span>Ivy<\/li>\n<li>\u2022<span style=\"white-space: pre;\"> <\/span>Bolsa para guardarlo tras su uso.<\/li>\n<li>\u2022<span style=\"white-space: pre;\"> <\/span>Manual de usuario<\/li>\n<\/ul>\n<div>Moressa es la marca referente por su dise\u00f1o, calidad y tecnolog\u00eda. Hemos desarrollado un producto innovador y mimado cada proceso de fabricaci\u00f3n para conseguir el mejor resultado. Amoressa es s\u00edmbolo de energ\u00eda, fuerza y garant\u00eda. Comprar un Sextoy Moressa es sentirse reflejado con la actualidad.\u00a0 Cada Juguete Moressa te transportara a diferentes sensaciones. Un resultado inigualable gracias a la silicona Premium confortable y los dise\u00f1os ergon\u00f3micos.<\/div>","protected":false},"excerpt":{"rendered":"<p>MORESSA IVY VIBRATOR PINK<\/p>","protected":false},"featured_media":66744,"comment_status":"open","ping_status":"closed","template":"","meta":{"_monsterinsights_skip_tracking":false,"_monsterinsights_sitenote_active":false,"_monsterinsights_sitenote_note":"","_monsterinsights_sitenote_category":0,"_joinchat":[]},"product_brand":[],"product_cat":[1193,1311,1156,1152,1155,1165,1294,1153,1292],"product_tag":[],"class_list":{"0":"post-27662","1":"product","2":"type-product","3":"status-publish","4":"has-post-thumbnail","6":"product_cat-juguetes-bienestar-vibradores100-sumergible","7":"product_cat-juguetes-bienestar-juguetes-para-mujeresestimuladoresbalas-vibradoras","8":"product_cat-juguetes-bienestar-juguetes-para-mujeresestimuladores","9":"product_cat-juguetes-bienestar","10":"product_cat-juguetes-bienestar-juguetes-para-mujeres","11":"product_cat-juguetes-bienestar-juguetes-para-mujeresmasturbadores-para-ellas","12":"product_cat-juguetes-bienestar-vibradoresmini-vibradores","13":"product_cat-juguetes-bienestar-vibradores","14":"product_cat-juguetes-bienestar-vibradoresvibradores-clasicos-anales-o-vaginales","15":"yith_product_brand-moressa","17":"first","18":"instock","19":"taxable","20":"shipping-taxable","21":"purchasable","22":"product-type-simple"},"aioseo_notices":[],"_links":{"self":[{"href":"https:\/\/www.mysexualfantasy.eu\/en\/wp-json\/wp\/v2\/product\/27662","targetHints":{"allow":["GET"]}}],"collection":[{"href":"https:\/\/www.mysexualfantasy.eu\/en\/wp-json\/wp\/v2\/product"}],"about":[{"href":"https:\/\/www.mysexualfantasy.eu\/en\/wp-json\/wp\/v2\/types\/product"}],"replies":[{"embeddable":true,"href":"https:\/\/www.mysexualfantasy.eu\/en\/wp-json\/wp\/v2\/comments?post=27662"}],"wp:featuredmedia":[{"embeddable":true,"href":"https:\/\/www.mysexualfantasy.eu\/en\/wp-json\/wp\/v2\/media\/66744"}],"wp:attachment":[{"href":"https:\/\/www.mysexualfantasy.eu\/en\/wp-json\/wp\/v2\/media?parent=27662"}],"wp:term":[{"taxonomy":"product_brand","embeddable":true,"href":"https:\/\/www.mysexualfantasy.eu\/en\/wp-json\/wp\/v2\/product_brand?post=27662"},{"taxonomy":"product_cat","embeddable":true,"href":"https:\/\/www.mysexualfantasy.eu\/en\/wp-json\/wp\/v2\/product_cat?post=27662"},{"taxonomy":"product_tag","embeddable":true,"href":"https:\/\/www.mysexualfantasy.eu\/en\/wp-json\/wp\/v2\/product_tag?post=27662"}],"curies":[{"name":"wp","href":"https:\/\/api.w.org\/{rel}","templated":true}]}}