{"id":27665,"date":"2023-01-13T11:39:30","date_gmt":"2023-01-13T11:39:30","guid":{"rendered":"https:\/\/www.mysexualfantasy.eu\/?post_type=product&#038;p=27665"},"modified":"2023-12-06T16:02:46","modified_gmt":"2023-12-06T16:02:46","slug":"moressa-ronie-control-remoto-placer-anal-negro","status":"publish","type":"product","link":"https:\/\/www.mysexualfantasy.eu\/en\/product\/moressa-ronie-control-remoto-placer-anal-negro\/","title":{"rendered":"MORESSA RONIE CONTROL REMOTO PLACER ANAL NEGRO"},"content":{"rendered":"<div>Ronie es un vibrador control remoto que estimula todos tus sentidos anales y vaginales.: un objeto elegante y sencillo, siempre dispuesto a complacerte sin previo aviso.<\/div>\n<div>\u00a0<\/div>\n<div>Incorpora las cuentas a tus juegos amorosos y sum\u00e9rgete con Amoressa Ronie Beads, en un universo de sensuales aventuras anales. Tanto si las utilizas en tus juegos en solitario como si las incorporas a tus momentos de placer en compa\u00f1\u00eda: con estas sensuales fuentes de placer te lo pasar\u00e1s en grande, ya que esta sensual pareja viene para haceros feliz a ti y a tu oscura caverna.<\/div>\n<div>Y como es habitual cuando se trata de MORESSA, forma y funcionamiento se al\u00edan para permitir un control m\u00e1ximo en sus diferentes modos de estimulaci\u00f3n.<\/div>\n<div>\u00a0<\/div>\n<div>Con una estructura ascendente y extremos redondeados, estas cadenas de 5 elementos son ideales para exploradores del placer anal y principiantes en el sexo anal. Experimenta un excitante cosquilleo mientras vas sacando la cadena bola tras bola y estimulas tu puerta trasera de forma apasionante. Gracias a su pr\u00e1ctico lazo, podr\u00e1s entregarte a tu aventura con total tranquilidad.<\/div>\n<div>\u00a0<\/div>\n<div>Como ocurre con todos los objetos de placer MORESSA, Ronie est\u00e1 dise\u00f1ado para proporcionar un intenso gozo f\u00edsico y una absoluta paz espiritual en cualquier situaci\u00f3n y bajo cualquier circunstancia.<\/div>\n<div>\u00a0<\/div>\n<div>Fabricado con silicona m\u00e9dica, aprobados por la FDA y libres de ftalato, Ronie proporciona 1.5 horas de vibraciones pr\u00e1cticamente silenciosas tras un tiempo de carga de apenas 1 hora.<\/div>\n<div>Con el pr\u00e1ctico mando a distancia pod\u00e9is controlar la vibraci\u00f3n con comodidad y decidir qui\u00e9n puede tomar las decisiones. Para aventuras salvajes deja el mando a su compa\u00f1ero \/ amante y deja que tome el control.<\/div>\n<div>\u00a0<\/div>\n<div>Para que puedas disfrutar de tu nuevo amigo durante mucho tiempo, es recomendable que utilices un lubricante a base de agua waterfeel en tus juegos m\u00e1s h\u00famedos. As\u00ed proteges el material y la superficie se mantiene sedosa. Puedes lavar tu juguete muy f\u00e1cilmente con agua y un jab\u00f3n suave. Para una higiene m\u00e1s minuciosa, utiliza tambi\u00e9n un limpiador desinfectante especial para juguetes sexuales como Waterfeel o Nina kik\u00ed toy cleaner.<\/div>\n<ul>\n<li>Alto rendimiento; 7 Modos de vibraci\u00f3n<\/li>\n<li>Completamente recargable; M\u00e1s potencia<\/li>\n<li>Fabricado con silicona m\u00e9dica y abs: respeta tu cuerpo<\/li>\n<li>Libre de ftalatos<\/li>\n<li>Silencioso, menos de 60 decibelios.<\/li>\n<li>Material seguro para el cuerpo<\/li>\n<li>Recargable USB magn\u00e9tico con cargador incluido.<\/li>\n<li>Sumergible categor\u00eda IPX7 \/ Apto para la ducha o Spa<\/li>\n<li>Control retro iluminado con luces LED<\/li>\n<li>Certificado; aprobado por la FDA.<\/li>\n<\/ul>\n<div>Cargar<\/div>\n<div>El vibrador es recargable y permite un manejo c\u00f3modo, sin molestos cables con cargador magn\u00e9tico. Antes de utilizarlo por primera vez, debes cargarlo completamente.\u00a0<\/div>\n<div>Advertencia: el primer proceso de carga puede durar hasta tres horas.<\/div>\n<div>\u00a0<\/div>\n<div>Eliminaci\u00f3n<\/div>\n<div>La eliminaci\u00f3n de aparatos electr\u00f3nicos debe realizarse seg\u00fan la normativa para residuos peligrosos vigente en la Uni\u00f3n Europea y en otros pa\u00edses europeos o seg\u00fan las reglamentaciones locales. Respeta las normativas de eliminaci\u00f3n de basuras<\/div>\n<div>Espec\u00edficas de tu pa\u00eds y, en caso de duda, pregunta a tu distribuidor sobre las opciones de eliminaci\u00f3n.<\/div>\n<div>\u00a0<\/div>\n<div>Contenido<\/div>\n<div>Abrir una caja de productos MORESSA es exclusividad. La satisfacci\u00f3n es nuestro objetivo, por ello hemos cuidado cada detalle.<\/div>\n<ul>\n<li>Ronie<\/li>\n<li>Cable cargador magn\u00e9tico<\/li>\n<li>Control Remoto<\/li>\n<li>Bolsa para guardarlo tras su uso.<\/li>\n<li>Manual de usuario<\/li>\n<\/ul>\n<div>Moressa es la marca referente por su dise\u00f1o, calidad y tecnolog\u00eda. Hemos desarrollado un producto innovador y mimado cada proceso de fabricaci\u00f3n para conseguir el mejor resultado. Moressa es s\u00edmbolo de energ\u00eda, fuerza y garant\u00eda. Comprar un Sextoy Moressa es sentirse reflejado con la actualidad.\u00a0 Cada Juguete Moressa te transportara a diferentes sensaciones. Un resultado inigualable gracias a la silicona Premium confortable y los dise\u00f1os ergon\u00f3micos.<\/div>","protected":false},"excerpt":{"rendered":"<p>MORESSA RONIE REMOTE CONTROL ANAL PLEASURE BLACK<\/p>","protected":false},"featured_media":40524,"comment_status":"open","ping_status":"closed","template":"","meta":{"_monsterinsights_skip_tracking":false,"_monsterinsights_sitenote_active":false,"_monsterinsights_sitenote_note":"","_monsterinsights_sitenote_category":0,"_joinchat":[]},"product_brand":[],"product_cat":[1193,1162,1156,1152,1155,1153,1292,1154],"product_tag":[],"class_list":{"0":"post-27665","1":"product","2":"type-product","3":"status-publish","4":"has-post-thumbnail","6":"product_cat-juguetes-bienestar-vibradores100-sumergible","7":"product_cat-juguetes-bienestar-anal","8":"product_cat-juguetes-bienestar-juguetes-para-mujeresestimuladores","9":"product_cat-juguetes-bienestar","10":"product_cat-juguetes-bienestar-juguetes-para-mujeres","11":"product_cat-juguetes-bienestar-vibradores","12":"product_cat-juguetes-bienestar-vibradoresvibradores-clasicos-anales-o-vaginales","13":"product_cat-juguetes-bienestar-vibradoresvibradores-control-remoto","14":"yith_product_brand-moressa","16":"first","17":"instock","18":"taxable","19":"shipping-taxable","20":"purchasable","21":"product-type-simple"},"aioseo_notices":[],"_links":{"self":[{"href":"https:\/\/www.mysexualfantasy.eu\/en\/wp-json\/wp\/v2\/product\/27665","targetHints":{"allow":["GET"]}}],"collection":[{"href":"https:\/\/www.mysexualfantasy.eu\/en\/wp-json\/wp\/v2\/product"}],"about":[{"href":"https:\/\/www.mysexualfantasy.eu\/en\/wp-json\/wp\/v2\/types\/product"}],"replies":[{"embeddable":true,"href":"https:\/\/www.mysexualfantasy.eu\/en\/wp-json\/wp\/v2\/comments?post=27665"}],"wp:featuredmedia":[{"embeddable":true,"href":"https:\/\/www.mysexualfantasy.eu\/en\/wp-json\/wp\/v2\/media\/40524"}],"wp:attachment":[{"href":"https:\/\/www.mysexualfantasy.eu\/en\/wp-json\/wp\/v2\/media?parent=27665"}],"wp:term":[{"taxonomy":"product_brand","embeddable":true,"href":"https:\/\/www.mysexualfantasy.eu\/en\/wp-json\/wp\/v2\/product_brand?post=27665"},{"taxonomy":"product_cat","embeddable":true,"href":"https:\/\/www.mysexualfantasy.eu\/en\/wp-json\/wp\/v2\/product_cat?post=27665"},{"taxonomy":"product_tag","embeddable":true,"href":"https:\/\/www.mysexualfantasy.eu\/en\/wp-json\/wp\/v2\/product_tag?post=27665"}],"curies":[{"name":"wp","href":"https:\/\/api.w.org\/{rel}","templated":true}]}}