{"id":27670,"date":"2023-01-13T11:44:16","date_gmt":"2023-01-13T11:44:16","guid":{"rendered":"https:\/\/www.mysexualfantasy.eu\/?post_type=product&#038;p=27670"},"modified":"2023-12-06T16:50:22","modified_gmt":"2023-12-06T16:50:22","slug":"darkness-tail-butt-plug-silver","status":"publish","type":"product","link":"https:\/\/www.mysexualfantasy.eu\/en\/product\/darkness-tail-butt-plug-silver\/","title":{"rendered":"DARKNESS &#8211; TAIL BUTT PLUG SILVER"},"content":{"rendered":"<p>Esta cola est\u00e1 lista para dar rienda suelta a animal interior de su pareja.<\/p>\n<p>El plug es estimulante para todos, desde el principiante hasta el jugador m\u00e1s avanzado. Est\u00e1 dise\u00f1ado para ser a la vez visual y sexual, que se sienta muy c\u00f3modo e incluso se puede calentar o enfriar para el juego.<\/p>\n<p>Los usuarios pueden disfrutar de la sensaci\u00f3n de saciedad, proporcionado por el plug, al tiempo que proporcionan a su pareja alg\u00fan atractivo visual con la cola peluda que sobresale al final.<\/p>\n<p>\u00a1Deja que estos seductores dilatadores anales te proporcionen una satisfacci\u00f3n m\u00e1xima y realcen tu vida sexual!<\/p>\n<ul>\n<li>Longitud total del Plug: 8 cm<\/li>\n<li>Diametro; 4cm<\/li>\n<li>Material, 80% Natural + 20% Sintetico<\/li>\n<\/ul>\n<p>Darkness es una marca de nueva generaci\u00f3n 2020, todos nuestros materiales son de excelente calidad asegurando que la fabricaci\u00f3n compromete un resultado perfecto para principiantes o avanzados que le gusta el mundo Fetish o bdsm.<\/p>\n<p style=\"text-align: center;\"><iframe allow=\"accelerometer; autoplay; encrypted-media; gyroscope; picture-in-picture\" allowfullscreen=\"\" frameborder=\"0\" height=\"350\" scrolling=\"no\" src=\"https:\/\/www.youtube-nocookie.com\/embed\/zyzIGE1qUy0\" width=\"800\"><\/iframe><\/p>","protected":false},"excerpt":{"rendered":"<p>DARKNESS &#8211; TAIL BUTT PLUG SILVER<\/p>","protected":false},"featured_media":42186,"comment_status":"open","ping_status":"closed","template":"","meta":{"_monsterinsights_skip_tracking":false,"_monsterinsights_sitenote_active":false,"_monsterinsights_sitenote_note":"","_monsterinsights_sitenote_category":0,"_joinchat":[]},"product_brand":[],"product_cat":[1162,1176,1175,1152,1420,1189],"product_tag":[],"class_list":{"0":"post-27670","1":"product","2":"type-product","3":"status-publish","4":"has-post-thumbnail","6":"product_cat-juguetes-bienestar-anal","7":"product_cat-bdsm-bondage-articulos-bdsm","8":"product_cat-bdsm-bondage","9":"product_cat-juguetes-bienestar","10":"product_cat-bdsm-bondage-articulos-bdsmplug-anal-bdsm","11":"product_cat-juguetes-bienestar-analplugs-anales","12":"yith_product_brand-darkness","14":"first","15":"instock","16":"taxable","17":"shipping-taxable","18":"purchasable","19":"product-type-simple"},"aioseo_notices":[],"_links":{"self":[{"href":"https:\/\/www.mysexualfantasy.eu\/en\/wp-json\/wp\/v2\/product\/27670","targetHints":{"allow":["GET"]}}],"collection":[{"href":"https:\/\/www.mysexualfantasy.eu\/en\/wp-json\/wp\/v2\/product"}],"about":[{"href":"https:\/\/www.mysexualfantasy.eu\/en\/wp-json\/wp\/v2\/types\/product"}],"replies":[{"embeddable":true,"href":"https:\/\/www.mysexualfantasy.eu\/en\/wp-json\/wp\/v2\/comments?post=27670"}],"wp:featuredmedia":[{"embeddable":true,"href":"https:\/\/www.mysexualfantasy.eu\/en\/wp-json\/wp\/v2\/media\/42186"}],"wp:attachment":[{"href":"https:\/\/www.mysexualfantasy.eu\/en\/wp-json\/wp\/v2\/media?parent=27670"}],"wp:term":[{"taxonomy":"product_brand","embeddable":true,"href":"https:\/\/www.mysexualfantasy.eu\/en\/wp-json\/wp\/v2\/product_brand?post=27670"},{"taxonomy":"product_cat","embeddable":true,"href":"https:\/\/www.mysexualfantasy.eu\/en\/wp-json\/wp\/v2\/product_cat?post=27670"},{"taxonomy":"product_tag","embeddable":true,"href":"https:\/\/www.mysexualfantasy.eu\/en\/wp-json\/wp\/v2\/product_tag?post=27670"}],"curies":[{"name":"wp","href":"https:\/\/api.w.org\/{rel}","templated":true}]}}