{"id":27673,"date":"2023-01-13T13:21:16","date_gmt":"2023-01-13T13:21:16","guid":{"rendered":"https:\/\/www.mysexualfantasy.eu\/?post_type=product&#038;p=27673"},"modified":"2023-12-06T16:57:42","modified_gmt":"2023-12-06T16:57:42","slug":"darkness-mascara-antifaz-rojo","status":"publish","type":"product","link":"https:\/\/www.mysexualfantasy.eu\/en\/product\/darkness-mascara-antifaz-rojo\/","title":{"rendered":"DARKNESS &#8211; M\u00c1SCARA ANTIFAZ ROJO RECTO"},"content":{"rendered":"<p class=\"MsoNormal\" style=\"text-align: justify; line-height: normal; background-image: initial; background-position: initial; background-size: initial; background-repeat: initial; background-attachment: initial; background-origin: initial; background-clip: initial;\"><span style=\"font-size: 10pt; font-family: Arial, sans-serif;\">Podr\u00e1s utilizar esta m\u00e1scara para dormir o con tu amante para crear una experiencia excitante y a la vez misteriosa. Lleva a tu pareja hacia una agradable oscuridad que elevar\u00e1 sus instintos sexuales. Esta m\u00e1scara para los ojos permanece en su lugar con una c\u00f3moda y ajustable cinta el\u00e1stica.<o:p><\/o:p><\/span><\/p>\n<ul>\n<li class=\"MsoListParagraph\" style=\"text-align: justify; text-indent: -18pt; line-height: normal; background-image: initial; background-position: initial; background-size: initial; background-repeat: initial; background-attachment: initial; background-origin: initial; background-clip: initial;\"><!--[if !supportLists]--><span style=\"font-size: 10pt; font-family: Symbol;\"><span new=\"\" style=\"font-variant-numeric: normal; font-variant-east-asian: normal; font-stretch: normal; font-size: 7pt; line-height: normal; font-family: \" times=\"\">\u00a0<\/span><\/span><span style=\"font-size: 10pt; font-family: Arial, sans-serif;\">Fabricado en Sat\u00edn primera calidad.<o:p><\/o:p><\/span><\/li>\n<\/ul>\n<p class=\"MsoNormal\" style=\"text-align: justify; line-height: normal; background-image: initial; background-position: initial; background-size: initial; background-repeat: initial; background-attachment: initial; background-origin: initial; background-clip: initial;\"><span style=\"font-size: 10pt; font-family: Arial, sans-serif;\">Darkness es una marca de nueva generaci\u00f3n 2020, todos nuestros materiales son de excelente calidad asegurando que la fabricaci\u00f3n compromete un resultado perfecto para principiantes o avanzados que le gusta el mundo Fetish o bdsm.<\/span><\/p>\n<p class=\"MsoNormal\" style=\"line-height: normal; background-image: initial; background-position: initial; background-size: initial; background-repeat: initial; background-attachment: initial; background-origin: initial; background-clip: initial; text-align: center;\">\u00a0<\/p>","protected":false},"excerpt":{"rendered":"<p>DARKNESS &#8211; EYEMASK RED<\/p>","protected":false},"featured_media":58351,"comment_status":"open","ping_status":"closed","template":"","meta":{"_monsterinsights_skip_tracking":false,"_monsterinsights_sitenote_active":false,"_monsterinsights_sitenote_note":"","_monsterinsights_sitenote_category":0,"_joinchat":[]},"product_brand":[],"product_cat":[1323,1417,1175,1178,1152,1196,1199,1432,1247,1166],"product_tag":[],"class_list":{"0":"post-27673","1":"product","2":"type-product","3":"status-publish","4":"has-post-thumbnail","6":"product_cat-moda-lencerialenceria-mujeraccesorios","7":"product_cat-bdsm-bondage-bondageantifaces","8":"product_cat-bdsm-bondage","9":"product_cat-bdsm-bondage-bondage","10":"product_cat-juguetes-bienestar","11":"product_cat-moda-lencerialenceria-mujer","12":"product_cat-moda-lencerialenceria-mujerlenceria-sexy","13":"product_cat-moda-lencerialenceria-mujeraccesoriosmascaras","14":"product_cat-juguetes-bienestar-mascaras-y-esposas","15":"product_cat-moda-lenceria","16":"yith_product_brand-darkness","17":"yith_product_brand-darknessdarkness-bondage","19":"first","20":"instock","21":"taxable","22":"shipping-taxable","23":"purchasable","24":"product-type-simple"},"aioseo_notices":[],"_links":{"self":[{"href":"https:\/\/www.mysexualfantasy.eu\/en\/wp-json\/wp\/v2\/product\/27673","targetHints":{"allow":["GET"]}}],"collection":[{"href":"https:\/\/www.mysexualfantasy.eu\/en\/wp-json\/wp\/v2\/product"}],"about":[{"href":"https:\/\/www.mysexualfantasy.eu\/en\/wp-json\/wp\/v2\/types\/product"}],"replies":[{"embeddable":true,"href":"https:\/\/www.mysexualfantasy.eu\/en\/wp-json\/wp\/v2\/comments?post=27673"}],"wp:featuredmedia":[{"embeddable":true,"href":"https:\/\/www.mysexualfantasy.eu\/en\/wp-json\/wp\/v2\/media\/58351"}],"wp:attachment":[{"href":"https:\/\/www.mysexualfantasy.eu\/en\/wp-json\/wp\/v2\/media?parent=27673"}],"wp:term":[{"taxonomy":"product_brand","embeddable":true,"href":"https:\/\/www.mysexualfantasy.eu\/en\/wp-json\/wp\/v2\/product_brand?post=27673"},{"taxonomy":"product_cat","embeddable":true,"href":"https:\/\/www.mysexualfantasy.eu\/en\/wp-json\/wp\/v2\/product_cat?post=27673"},{"taxonomy":"product_tag","embeddable":true,"href":"https:\/\/www.mysexualfantasy.eu\/en\/wp-json\/wp\/v2\/product_tag?post=27673"}],"curies":[{"name":"wp","href":"https:\/\/api.w.org\/{rel}","templated":true}]}}