{"id":27675,"date":"2023-01-13T13:21:19","date_gmt":"2023-01-13T13:21:19","guid":{"rendered":"https:\/\/www.mysexualfantasy.eu\/?post_type=product&#038;p=27675"},"modified":"2023-12-06T16:57:45","modified_gmt":"2023-12-06T16:57:45","slug":"darkness-mascara-antifaz-rojo-2","status":"publish","type":"product","link":"https:\/\/www.mysexualfantasy.eu\/en\/product\/darkness-mascara-antifaz-rojo-2\/","title":{"rendered":"DARKNESS &#8211; M\u00c1SCARA ANTIFAZ ROJO"},"content":{"rendered":"<p>Podr\u00e1s utilizar esta m\u00e1scara para dormir o con tu amante para crear una experiencia excitante y a la vez misteriosa. Lleva a tu pareja hacia una agradable oscuridad que elevar\u00e1 sus instintos sexuales. Esta m\u00e1scara para los ojos permanece en su lugar con una c\u00f3moda y ajustable cinta el\u00e1stica.<\/p>\n<ul>\n<li>\u00a0Fabricado en PVC\u00a0primera calidad.<\/li>\n<\/ul>\n<p>Darkness es una marca de nueva generaci\u00f3n 2020, todos nuestros materiales son de excelente calidad asegurando que la fabricaci\u00f3n compromete un resultado perfecto para principiantes o avanzados que le gusta el mundo Fetish o bdsm.<\/p>","protected":false},"excerpt":{"rendered":"<p>DARKNESS  &#8211; EYEMASK RED<\/p>","protected":false},"featured_media":58361,"comment_status":"open","ping_status":"closed","template":"","meta":{"_monsterinsights_skip_tracking":false,"_monsterinsights_sitenote_active":false,"_monsterinsights_sitenote_note":"","_monsterinsights_sitenote_category":0,"_joinchat":[]},"product_brand":[],"product_cat":[1323,1417,1175,1178,1152,1196,1199,1432,1247,1166],"product_tag":[],"class_list":{"0":"post-27675","1":"product","2":"type-product","3":"status-publish","4":"has-post-thumbnail","6":"product_cat-moda-lencerialenceria-mujeraccesorios","7":"product_cat-bdsm-bondage-bondageantifaces","8":"product_cat-bdsm-bondage","9":"product_cat-bdsm-bondage-bondage","10":"product_cat-juguetes-bienestar","11":"product_cat-moda-lencerialenceria-mujer","12":"product_cat-moda-lencerialenceria-mujerlenceria-sexy","13":"product_cat-moda-lencerialenceria-mujeraccesoriosmascaras","14":"product_cat-juguetes-bienestar-mascaras-y-esposas","15":"product_cat-moda-lenceria","16":"yith_product_brand-darkness","17":"yith_product_brand-darknessdarkness-bondage","19":"first","20":"instock","21":"taxable","22":"shipping-taxable","23":"purchasable","24":"product-type-simple"},"aioseo_notices":[],"_links":{"self":[{"href":"https:\/\/www.mysexualfantasy.eu\/en\/wp-json\/wp\/v2\/product\/27675","targetHints":{"allow":["GET"]}}],"collection":[{"href":"https:\/\/www.mysexualfantasy.eu\/en\/wp-json\/wp\/v2\/product"}],"about":[{"href":"https:\/\/www.mysexualfantasy.eu\/en\/wp-json\/wp\/v2\/types\/product"}],"replies":[{"embeddable":true,"href":"https:\/\/www.mysexualfantasy.eu\/en\/wp-json\/wp\/v2\/comments?post=27675"}],"wp:featuredmedia":[{"embeddable":true,"href":"https:\/\/www.mysexualfantasy.eu\/en\/wp-json\/wp\/v2\/media\/58361"}],"wp:attachment":[{"href":"https:\/\/www.mysexualfantasy.eu\/en\/wp-json\/wp\/v2\/media?parent=27675"}],"wp:term":[{"taxonomy":"product_brand","embeddable":true,"href":"https:\/\/www.mysexualfantasy.eu\/en\/wp-json\/wp\/v2\/product_brand?post=27675"},{"taxonomy":"product_cat","embeddable":true,"href":"https:\/\/www.mysexualfantasy.eu\/en\/wp-json\/wp\/v2\/product_cat?post=27675"},{"taxonomy":"product_tag","embeddable":true,"href":"https:\/\/www.mysexualfantasy.eu\/en\/wp-json\/wp\/v2\/product_tag?post=27675"}],"curies":[{"name":"wp","href":"https:\/\/api.w.org\/{rel}","templated":true}]}}