{"id":27706,"date":"2023-01-13T14:05:28","date_gmt":"2023-01-13T14:05:28","guid":{"rendered":"https:\/\/www.mysexualfantasy.eu\/?post_type=product&#038;p=27706"},"modified":"2023-12-06T16:57:54","modified_gmt":"2023-12-06T16:57:54","slug":"darkness-pluma-estimuladora-rojo-17cm","status":"publish","type":"product","link":"https:\/\/www.mysexualfantasy.eu\/en\/product\/darkness-pluma-estimuladora-rojo-17cm\/","title":{"rendered":"DARKNESS &#8211; PLUMA ESTIMULADORA ROJO 17CM"},"content":{"rendered":"<p>El juego de sensaciones er\u00f3ticas es una clase de actividades que est\u00e1n hechas para impartir sensaciones f\u00edsicas en la pareja.<\/p>\n<p>Muchas personas consiguen que las cosquillas hechas con plumas sean una experiencia placentera y puede formar parte de un juego previo muy er\u00f3tico.<\/p>\n<p>Las plumas son \u00fanicas y har\u00e1n cosquillas a todos tus sentidos para obtener una experiencia inolvidable.<\/p>\n<p>Mide 20 cm, incluyendo un mango para su f\u00e1cil agarre. Ser quien est\u00e9 atado, entonces este ser\u00e1 el regalo perfecto para su maestro o maestra.<\/p>\n<ul>\n<li>Color Rojo<\/li>\n<\/ul>\n<p><strong>LA MARCA<\/strong><\/p>\n<p>Darkness es una marca de nueva generaci\u00f3n 2020, todos nuestros materiales son de excelente calidad asegurando que la fabricaci\u00f3n compromete un resultado perfecto para principiantes o avanzados que le gusta el mundo Fetish o bdsm.<\/p>\n<p style=\"text-align: center;\">\u00a0<\/p>","protected":false},"excerpt":{"rendered":"<p>DARKNESS &#8211; RED FEATHER 17CM<\/p>","protected":false},"featured_media":64704,"comment_status":"open","ping_status":"closed","template":"","meta":{"_monsterinsights_skip_tracking":false,"_monsterinsights_sitenote_active":false,"_monsterinsights_sitenote_note":"","_monsterinsights_sitenote_category":0,"_joinchat":[]},"product_brand":[],"product_cat":[1323,1175,1422,1178,1152,1196,1166,1399],"product_tag":[],"class_list":{"0":"post-27706","1":"product","2":"type-product","3":"status-publish","4":"has-post-thumbnail","6":"product_cat-moda-lencerialenceria-mujeraccesorios","7":"product_cat-bdsm-bondage","8":"product_cat-moda-lencerialenceria-mujeraccesoriosboas-y-plumas","9":"product_cat-bdsm-bondage-bondage","10":"product_cat-juguetes-bienestar","11":"product_cat-moda-lencerialenceria-mujer","12":"product_cat-moda-lenceria","13":"product_cat-bdsm-bondage-bondageplumas","14":"yith_product_brand-darkness","15":"yith_product_brand-darknessdarkness-sensations","17":"first","18":"instock","19":"taxable","20":"shipping-taxable","21":"purchasable","22":"product-type-simple"},"aioseo_notices":[],"_links":{"self":[{"href":"https:\/\/www.mysexualfantasy.eu\/en\/wp-json\/wp\/v2\/product\/27706","targetHints":{"allow":["GET"]}}],"collection":[{"href":"https:\/\/www.mysexualfantasy.eu\/en\/wp-json\/wp\/v2\/product"}],"about":[{"href":"https:\/\/www.mysexualfantasy.eu\/en\/wp-json\/wp\/v2\/types\/product"}],"replies":[{"embeddable":true,"href":"https:\/\/www.mysexualfantasy.eu\/en\/wp-json\/wp\/v2\/comments?post=27706"}],"wp:featuredmedia":[{"embeddable":true,"href":"https:\/\/www.mysexualfantasy.eu\/en\/wp-json\/wp\/v2\/media\/64704"}],"wp:attachment":[{"href":"https:\/\/www.mysexualfantasy.eu\/en\/wp-json\/wp\/v2\/media?parent=27706"}],"wp:term":[{"taxonomy":"product_brand","embeddable":true,"href":"https:\/\/www.mysexualfantasy.eu\/en\/wp-json\/wp\/v2\/product_brand?post=27706"},{"taxonomy":"product_cat","embeddable":true,"href":"https:\/\/www.mysexualfantasy.eu\/en\/wp-json\/wp\/v2\/product_cat?post=27706"},{"taxonomy":"product_tag","embeddable":true,"href":"https:\/\/www.mysexualfantasy.eu\/en\/wp-json\/wp\/v2\/product_tag?post=27706"}],"curies":[{"name":"wp","href":"https:\/\/api.w.org\/{rel}","templated":true}]}}